{"id":811,"date":"2017-10-09T10:34:16","date_gmt":"2017-10-09T10:34:16","guid":{"rendered":"https:\/\/kroneisl-stahl.com\/uber-uns"},"modified":"2019-10-01T18:09:35","modified_gmt":"2019-10-01T18:09:35","slug":"uber-uns","status":"publish","type":"page","link":"https:\/\/kroneisl-stahl.com\/hu\/uber-uns\/","title":{"rendered":"R\u00f3lunk"},"content":{"rendered":"<h2 style=\"text-align: center;\">T\u00d6BB MINT HARMINC \u00c9VE JELENT\u00dcNK MEG A PIACON, \u00c9S N\u00c1LUNK KOMPROMISSZUMOK N\u00c9LK\u00dcL A V\u00c1S\u00c1RL\u00d3K A LEGFONTOSABBAK \u2013 ENNEK K\u00d6SZ\u00d6NHETI V\u00c1LLALATUNK A TART\u00d3S N\u00d6VEKED\u00c9ST.<\/h2>\n<p>Csal\u00e1di v\u00e1llalkoz\u00e1sunkat 1989-ban alap\u00edtotta Erwin Marandiuk \u00e9s Walter Kroneisl. Jelenleg is \u0151k \u2013 a tulajdonosok \u2013 vezetik a c\u00e9get. A megb\u00edzhat\u00f3 tervez\u00e9snek \u00e9s a folyamatos piacb\u0151v\u00edt\u00e9snek k\u00f6sz\u00f6nhet\u0151en a Kroneisl-Stahl jelenleg az egyik legnagyobb ac\u00e9llemez-nagykeresked\u00e9s Ausztri\u00e1ban. Csehorsz\u00e1gi le\u00e1nyv\u00e1llalatunk alap\u00edt\u00e1s\u00e1val \u00e9s a magyarorsz\u00e1gi \u00e9rt\u00e9kes\u00edt\u00e9si iroda megnyit\u00e1s\u00e1val K\u00f6z\u00e9p-Kelet-Eur\u00f3pa (CEE) v\u00e1lt a legfontosabb piacunkk\u00e1.<\/p>\n<p>Annak \u00e9rdek\u00e9ben, hogy a nagyobb v\u00e9gs\u0151 fogyaszt\u00f3kat is versenyk\u00e9pesen ki tudjuk szolg\u00e1lni, forgalmunk jelent\u0151s r\u00e9sz\u00e9t drop-shipping form\u00e1j\u00e1ban \u2013 a gy\u00e1rt\u00f3t\u00f3l, k\u00f6ztes rakt\u00e1roz\u00e1s n\u00e9lk\u00fcli k\u00f6zvetlen kisz\u00e1ll\u00edt\u00e1ssal bonyol\u00edtjuk. Ezt annak k\u00f6sz\u00f6nhet\u0151en tudjuk megval\u00f3s\u00edtani, hogy sz\u00e1mos eur\u00f3pai, els\u0151sorban olaszorsz\u00e1gi, n\u00e9metorsz\u00e1gi \u00e9s kelet-eur\u00f3pai ac\u00e9lgy\u00e1rral hossz\u00fa \u00e9vek \u00f3ta kiv\u00e1l\u00f3 kapcsolatot \u00e1polunk.<\/p>\n<table>\n<tbody>\n<tr>\n<td>\n<h1 style=\"text-align: center;\"><strong>&gt; 1 Mio.<\/strong><\/h1>\n<p style=\"text-align: center;\">A c\u00e9g l\u00e9tez\u00e9se \u00f3ta tonna ac\u00e9lt sz\u00e1ll\u00edtottak<\/p>\n<\/td>\n<td>\n<pre style=\"text-align: center;\"><\/pre>\n<\/td>\n<td>\n<h1 style=\"text-align: center;\"><strong>10.000 <\/strong><\/h1>\n<p style=\"text-align: center;\">\u00c1tlagosan tonn\u00e1nk\u00e9nti ac\u00e9lt tartunk<\/p>\n<\/td>\n<td><\/td>\n<td>\n<h1 style=\"text-align: center;\"><strong>9<\/strong><\/h1>\n<p style=\"text-align: center;\">Az EU 6 orsz\u00e1g\u00e1ban t\u00e1rol\u00f3helyek \u00e1llnak rendelkez\u00e9s\u00fcnkre<\/p>\n<\/td>\n<\/tr>\n<\/tbody>\n<\/table>\n<table width=\"1346\">\n<tbody>\n<tr>\n<td>\n<h1 style=\"text-align: center;\"><strong>\u00a071 %<\/strong><\/h1>\n<p style=\"text-align: center;\">A 2018-ben el\u00e9rt exportkv\u00f3ta<\/p>\n<\/td>\n<td><\/td>\n<td>\n<h1 style=\"text-align: center;\">\u00a0<strong>13<\/strong><\/h1>\n<p style=\"text-align: center;\">Az eur\u00f3pai piacvezet\u0151k \u00fcgyfeleink k\u00f6z\u00e9 tartoznak<\/p>\n<\/td>\n<td><\/td>\n<td>\n<h1 style=\"text-align: center;\"><strong>11<\/strong><\/h1>\n<p style=\"text-align: center;\">a k\u00fcl\u00f6nb\u00f6z\u0151 orsz\u00e1gokat sz\u00e1ll\u00edtjuk<\/p>\n<\/td>\n<\/tr>\n<\/tbody>\n<\/table>\n<table style=\"height: 177px;\" width=\"1300\">\n<tbody>\n<tr>\n<td>\n<h1 style=\"text-align: center;\"><strong>63<\/strong><\/h1>\n<p style=\"text-align: center;\">Az \u00fcgyfelek 500 km-re helyezkednek el a k\u00f6zpontt\u00f3l<\/p>\n<\/td>\n<td><\/td>\n<td style=\"text-align: center;\">\n<h1><strong>14<br \/>\n<\/strong><\/h1>\n<p>A teheraut\u00f3k sz\u00e1ll\u00edt\u00e1sa naponta el\u00e9rhet\u0151<\/td>\n<td style=\"text-align: center;\"><\/td>\n<td>\n<h1 style=\"text-align: center;\"><strong>&gt; 150<\/strong><\/h1>\n<p style=\"text-align: center;\">T\u00f6bb mint 20 \u00e9ve besz\u00e1ll\u00edtjuk az \u00fcgyfeleket<\/p>\n<\/td>\n<\/tr>\n<\/tbody>\n<\/table>\n<p><\/p>\n","protected":false},"excerpt":{"rendered":"<p>T\u00d6BB MINT HARMINC \u00c9VE JELENT\u00dcNK MEG A PIACON, \u00c9S N\u00c1LUNK KOMPROMISSZUMOK N\u00c9LK\u00dcL A V\u00c1S\u00c1RL\u00d3K A LEGFONTOSABBAK \u2013 ENNEK K\u00d6SZ\u00d6NHETI V\u00c1LLALATUNK A TART\u00d3S N\u00d6VEKED\u00c9ST. Csal\u00e1di v\u00e1llalkoz\u00e1sunkat 1989-ban alap\u00edtotta Erwin Marandiuk \u00e9s Walter Kroneisl. Jelenleg is \u0151k \u2013 a tulajdonosok \u2013 vezetik a c\u00e9get. A megb\u00edzhat\u00f3 tervez\u00e9snek \u00e9s a folyamatos piacb\u0151v\u00edt\u00e9snek k\u00f6sz\u00f6nhet\u0151en a Kroneisl-Stahl jelenleg az egyik &hellip; <a href=\"https:\/\/kroneisl-stahl.com\/hu\/uber-uns\/\">Continued<\/a><\/p>\n","protected":false},"author":1,"featured_media":1797,"parent":0,"menu_order":0,"comment_status":"closed","ping_status":"closed","template":"sub-page.php","meta":{"_acf_changed":false,"footnotes":""},"class_list":["post-811","page","type-page","status-publish","has-post-thumbnail","hentry"],"acf":[],"yoast_head":"<!-- This site is optimized with the Yoast SEO plugin v22.0 - https:\/\/yoast.com\/wordpress\/plugins\/seo\/ -->\n<title>R\u00f3lunk - Kroneisl-Stahl<\/title>\n<meta name=\"description\" content=\"Fundiertes Marktwissen &amp; einmalige Kundenorientierung! Lernen Sie Kroneisl-Stahl kennen und erfahren Sie, wie wir uns zum gr\u00f6\u00dften Stahlhandelsunternehmen in \u00d6sterreich entwickelt haben.\" \/>\n<meta name=\"robots\" content=\"index, follow, max-snippet:-1, max-image-preview:large, max-video-preview:-1\" \/>\n<link rel=\"canonical\" href=\"https:\/\/kroneisl-stahl.com\/hu\/uber-uns\/\" \/>\n<meta property=\"og:locale\" content=\"hu_HU\" \/>\n<meta property=\"og:type\" content=\"article\" \/>\n<meta property=\"og:title\" content=\"R\u00f3lunk - Kroneisl-Stahl\" \/>\n<meta property=\"og:description\" content=\"Fundiertes Marktwissen &amp; einmalige Kundenorientierung! Lernen Sie Kroneisl-Stahl kennen und erfahren Sie, wie wir uns zum gr\u00f6\u00dften Stahlhandelsunternehmen in \u00d6sterreich entwickelt haben.\" \/>\n<meta property=\"og:url\" content=\"https:\/\/kroneisl-stahl.com\/hu\/uber-uns\/\" \/>\n<meta property=\"og:site_name\" content=\"Kroneisl-Stahl\" \/>\n<meta property=\"article:modified_time\" content=\"2019-10-01T18:09:35+00:00\" \/>\n<meta property=\"og:image\" content=\"https:\/\/kroneisl-stahl.com\/wp-content\/uploads\/2018\/06\/about-us-1.jpg\" \/>\n\t<meta property=\"og:image:width\" content=\"2000\" \/>\n\t<meta property=\"og:image:height\" content=\"753\" \/>\n\t<meta property=\"og:image:type\" content=\"image\/jpeg\" \/>\n<meta name=\"twitter:card\" content=\"summary_large_image\" \/>\n<meta name=\"twitter:label1\" content=\"Becs\u00fclt olvas\u00e1si id\u0151\" \/>\n\t<meta name=\"twitter:data1\" content=\"1 perc\" \/>\n<script type=\"application\/ld+json\" class=\"yoast-schema-graph\">{\"@context\":\"https:\/\/schema.org\",\"@graph\":[{\"@type\":\"WebPage\",\"@id\":\"https:\/\/kroneisl-stahl.com\/hu\/uber-uns\/\",\"url\":\"https:\/\/kroneisl-stahl.com\/hu\/uber-uns\/\",\"name\":\"R\u00f3lunk - Kroneisl-Stahl\",\"isPartOf\":{\"@id\":\"https:\/\/kroneisl-stahl.com\/#website\"},\"datePublished\":\"2017-10-09T10:34:16+00:00\",\"dateModified\":\"2019-10-01T18:09:35+00:00\",\"description\":\"Fundiertes Marktwissen & einmalige Kundenorientierung! Lernen Sie Kroneisl-Stahl kennen und erfahren Sie, wie wir uns zum gr\u00f6\u00dften Stahlhandelsunternehmen in \u00d6sterreich entwickelt haben.\",\"breadcrumb\":{\"@id\":\"https:\/\/kroneisl-stahl.com\/hu\/uber-uns\/#breadcrumb\"},\"inLanguage\":\"hu\",\"potentialAction\":[{\"@type\":\"ReadAction\",\"target\":[\"https:\/\/kroneisl-stahl.com\/hu\/uber-uns\/\"]}]},{\"@type\":\"BreadcrumbList\",\"@id\":\"https:\/\/kroneisl-stahl.com\/hu\/uber-uns\/#breadcrumb\",\"itemListElement\":[{\"@type\":\"ListItem\",\"position\":1,\"name\":\"Home\",\"item\":\"https:\/\/kroneisl-stahl.com\/hu\/\"},{\"@type\":\"ListItem\",\"position\":2,\"name\":\"R\u00f3lunk\"}]},{\"@type\":\"WebSite\",\"@id\":\"https:\/\/kroneisl-stahl.com\/#website\",\"url\":\"https:\/\/kroneisl-stahl.com\/\",\"name\":\"Kroneisl-Stahl\",\"description\":\"\",\"potentialAction\":[{\"@type\":\"SearchAction\",\"target\":{\"@type\":\"EntryPoint\",\"urlTemplate\":\"https:\/\/kroneisl-stahl.com\/?s={search_term_string}\"},\"query-input\":\"required name=search_term_string\"}],\"inLanguage\":\"hu\"}]}<\/script>\n<!-- \/ Yoast SEO plugin. -->","yoast_head_json":{"title":"R\u00f3lunk - Kroneisl-Stahl","description":"Fundiertes Marktwissen & einmalige Kundenorientierung! Lernen Sie Kroneisl-Stahl kennen und erfahren Sie, wie wir uns zum gr\u00f6\u00dften Stahlhandelsunternehmen in \u00d6sterreich entwickelt haben.","robots":{"index":"index","follow":"follow","max-snippet":"max-snippet:-1","max-image-preview":"max-image-preview:large","max-video-preview":"max-video-preview:-1"},"canonical":"https:\/\/kroneisl-stahl.com\/hu\/uber-uns\/","og_locale":"hu_HU","og_type":"article","og_title":"R\u00f3lunk - Kroneisl-Stahl","og_description":"Fundiertes Marktwissen & einmalige Kundenorientierung! Lernen Sie Kroneisl-Stahl kennen und erfahren Sie, wie wir uns zum gr\u00f6\u00dften Stahlhandelsunternehmen in \u00d6sterreich entwickelt haben.","og_url":"https:\/\/kroneisl-stahl.com\/hu\/uber-uns\/","og_site_name":"Kroneisl-Stahl","article_modified_time":"2019-10-01T18:09:35+00:00","og_image":[{"width":2000,"height":753,"url":"https:\/\/kroneisl-stahl.com\/wp-content\/uploads\/2018\/06\/about-us-1.jpg","type":"image\/jpeg"}],"twitter_card":"summary_large_image","twitter_misc":{"Becs\u00fclt olvas\u00e1si id\u0151":"1 perc"},"schema":{"@context":"https:\/\/schema.org","@graph":[{"@type":"WebPage","@id":"https:\/\/kroneisl-stahl.com\/hu\/uber-uns\/","url":"https:\/\/kroneisl-stahl.com\/hu\/uber-uns\/","name":"R\u00f3lunk - Kroneisl-Stahl","isPartOf":{"@id":"https:\/\/kroneisl-stahl.com\/#website"},"datePublished":"2017-10-09T10:34:16+00:00","dateModified":"2019-10-01T18:09:35+00:00","description":"Fundiertes Marktwissen & einmalige Kundenorientierung! Lernen Sie Kroneisl-Stahl kennen und erfahren Sie, wie wir uns zum gr\u00f6\u00dften Stahlhandelsunternehmen in \u00d6sterreich entwickelt haben.","breadcrumb":{"@id":"https:\/\/kroneisl-stahl.com\/hu\/uber-uns\/#breadcrumb"},"inLanguage":"hu","potentialAction":[{"@type":"ReadAction","target":["https:\/\/kroneisl-stahl.com\/hu\/uber-uns\/"]}]},{"@type":"BreadcrumbList","@id":"https:\/\/kroneisl-stahl.com\/hu\/uber-uns\/#breadcrumb","itemListElement":[{"@type":"ListItem","position":1,"name":"Home","item":"https:\/\/kroneisl-stahl.com\/hu\/"},{"@type":"ListItem","position":2,"name":"R\u00f3lunk"}]},{"@type":"WebSite","@id":"https:\/\/kroneisl-stahl.com\/#website","url":"https:\/\/kroneisl-stahl.com\/","name":"Kroneisl-Stahl","description":"","potentialAction":[{"@type":"SearchAction","target":{"@type":"EntryPoint","urlTemplate":"https:\/\/kroneisl-stahl.com\/?s={search_term_string}"},"query-input":"required name=search_term_string"}],"inLanguage":"hu"}]}},"_links":{"self":[{"href":"https:\/\/kroneisl-stahl.com\/hu\/wp-json\/wp\/v2\/pages\/811","targetHints":{"allow":["GET"]}}],"collection":[{"href":"https:\/\/kroneisl-stahl.com\/hu\/wp-json\/wp\/v2\/pages"}],"about":[{"href":"https:\/\/kroneisl-stahl.com\/hu\/wp-json\/wp\/v2\/types\/page"}],"author":[{"embeddable":true,"href":"https:\/\/kroneisl-stahl.com\/hu\/wp-json\/wp\/v2\/users\/1"}],"replies":[{"embeddable":true,"href":"https:\/\/kroneisl-stahl.com\/hu\/wp-json\/wp\/v2\/comments?post=811"}],"version-history":[{"count":11,"href":"https:\/\/kroneisl-stahl.com\/hu\/wp-json\/wp\/v2\/pages\/811\/revisions"}],"predecessor-version":[{"id":2669,"href":"https:\/\/kroneisl-stahl.com\/hu\/wp-json\/wp\/v2\/pages\/811\/revisions\/2669"}],"wp:featuredmedia":[{"embeddable":true,"href":"https:\/\/kroneisl-stahl.com\/hu\/wp-json\/wp\/v2\/media\/1797"}],"wp:attachment":[{"href":"https:\/\/kroneisl-stahl.com\/hu\/wp-json\/wp\/v2\/media?parent=811"}],"curies":[{"name":"wp","href":"https:\/\/api.w.org\/{rel}","templated":true}]}}