{"id":796,"date":"2017-10-09T10:42:08","date_gmt":"2017-10-09T10:42:08","guid":{"rendered":"https:\/\/kroneisl-stahl.com\/produktuebersicht"},"modified":"2019-10-03T17:11:03","modified_gmt":"2019-10-03T17:11:03","slug":"produktuebersicht","status":"publish","type":"page","link":"https:\/\/kroneisl-stahl.com\/hu\/produktuebersicht\/","title":{"rendered":"Term\u00e9k \u00c1ttekint\u00e9s"},"content":{"rendered":"<h2 style=\"text-align: center;\">Ak\u00e1r legy\u00e1rt\u00e1sra alkalmas mennyis\u00e9g\u0171 standard anyagokra, ak\u00e1r kis mennyis\u00e9g\u0171 k\u00fcl\u00f6nleges \u00e1rura van sz\u00fcks\u00e9ge, v\u00e1llalatunk az \u00d6n ig\u00e9nyeihez hasonl\u00f3an rugalmas<\/h2>\n<p>A nagyobb mennyis\u00e9geket a beszerz\u00e9si lehet\u0151s\u00e9geken kereszt\u00fcl, k\u00f6zvetlen\u00fcl az ac\u00e9lgy\u00e1rakt\u00f3l v\u00e1s\u00e1roljuk meg. Keretszerz\u0151d\u00e9s eset\u00e9n v\u00e1llaljuk a k\u00f6ztes rakt\u00e1roz\u00e1st \u00e9s az el\u0151zetes finansz\u00edroz\u00e1st is, \u00edgy hosszabb t\u00e1von megb\u00edzhat\u00f3an garant\u00e1ljuk a just-in-time sz\u00e1ll\u00edt\u00e1sokat.<\/p>\n<p>\u00c1tfog\u00f3 rakt\u00e1rk\u00e9szlet\u00fcnknek \u00e9s 13 orsz\u00e1gra kiterjed\u0151 kapcsolatrendszer\u00fcnknek k\u00f6sz\u00f6nhet\u0151en szinte minden megrendel\u00e9st r\u00f6vid hat\u00e1rid\u0151vel teljes\u00edteni tudunk. Az \u00e1gazatban a speci\u00e1lis lemezek beszerz\u0151jek\u00e9nt \u00e9s a k\u00fcl\u00f6nleges megrendel\u00e9seket is teljes\u00edteni k\u00e9pes v\u00e1llalatk\u00e9nt ismernek benn\u00fcnket.<\/p>\n<h3>Alapv\u00e1laszt\u00e9kunkb\u00f3l a k\u00f6vetkez\u0151f\u00e9le term\u00e9keket \u00e9s m\u00e9reteket tudjuk kisz\u00e1ll\u00edtani:<\/h3>\n<p>\u2022 <strong>T\u00e1blalemezek<\/strong>: Sz\u00e9less\u00e9g\/hossz 300 x 300 \u2013 2000 x 6000 mm | Vastags\u00e1g 0,30 \u2013 25 mm<br \/>\n\u2022 <strong>Has\u00edtott szalagok<\/strong>: Sz\u00e9less\u00e9g 10 \u2013 599 mm | Vastags\u00e1g 0,10 \u2013 8 mm<br \/>\n\u2022 <strong>Tekercsek: <\/strong>Sz\u00e9less\u00e9g 600 \u2013 2000 mm | Vastags\u00e1g 0,30 \u2013 20 mm<\/p>\n<p>&#8212;&#8212;&#8212;&#8212;&#8212;&#8212;&#8212;&#8212;&#8212;&#8212;&#8212;&#8212;&#8212;&#8212;&#8212;&#8212;&#8212;&#8212;&#8212;&#8212;&#8212;&#8212;&#8212;&#8212;&#8212;&#8212;&#8212;&#8212;&#8212;&#8212;&#8212;&#8212;&#8212;&#8212;&#8212;&#8212;&#8212;&#8212;&#8211;<\/p>\n<p>Rakt\u00e1rk\u00e9szlet\u00fcnkkel rendk\u00edv\u00fcl sz\u00e9les felhaszn\u00e1l\u00e1si ter\u00fcletet \u00e9s sokf\u00e9le c\u00e9l\u00e1gazatot fed\u00fcnk le.<\/p>\n<h3>Sokf\u00e9le ter\u00fcletr\u0151l vannak megrendel\u0151ink, akik t\u00f6bbek k\u00f6z\u00f6tt a k\u00f6vetkez\u0151 term\u00e9keket \u00e1ll\u00edtj\u00e1k el\u0151:<\/h3>\n<ul>teremszell\u0151ztet\u0151 berendez\u00e9sek, irodab\u00fatorok, kont\u00e9nerek, f\u0171t\u0151berendez\u00e9sek, aut\u00f3alkatr\u00e9szek, gardr\u00f3bszekr\u00e9nyek, burkolatok elektronikai eszk\u00f6z\u00f6kh\u00f6z, kipufog\u00f3rendszerek, ventil\u00e1torok, csarnoktet\u0151k, ac\u00e9lprofilok, f\u00e9mmennyezetek, szem\u00e9lyliftek, k\u00f6zleked\u00e9si t\u00e1bl\u00e1k, \u00fczletberendez\u00e9sek, zsaluzat\u00e9p\u00edt\u00e9shez sz\u00fcks\u00e9ges tartoz\u00e9kok, g\u00f6rg\u0151s kapuk, polcrendszerek, sz\u00e1ll\u00edt\u00f3tart\u00e1lyok, mez\u0151gazdas\u00e1gi g\u00e9pek, szem\u00e9lyg\u00e9pkocsi-ut\u00e1nfut\u00f3k, h\u0171t\u0151berendez\u00e9sek, kapcsol\u00f3szekr\u00e9nyek, fafeldolgoz\u00f3 g\u00e9pek, h\u0151cser\u00e9l\u0151k, ablakszerelv\u00e9nyek, napellenz\u0151 rendszerek, leveg\u0151sz\u0171r\u0151k, \u00fcreges \u00e1lpadl\u00f3k, t\u0171zv\u00e9delmi ajt\u00f3k, TGK-fel\u00e9p\u00edtm\u00e9nyek, kerti eszk\u00f6z\u00f6k, leveg\u0151csatorn\u00e1k, \u00e9p\u00fclethomlokzatok, textilipari g\u00e9pek, h\u00e1ztart\u00e1si eszk\u00f6z\u00f6k, billen\u0151plat\u00f3s mez\u0151gazdas\u00e1gi p\u00f3tkocsik stb.<\/ul>\n","protected":false},"excerpt":{"rendered":"<p>Ak\u00e1r legy\u00e1rt\u00e1sra alkalmas mennyis\u00e9g\u0171 standard anyagokra, ak\u00e1r kis mennyis\u00e9g\u0171 k\u00fcl\u00f6nleges \u00e1rura van sz\u00fcks\u00e9ge, v\u00e1llalatunk az \u00d6n ig\u00e9nyeihez hasonl\u00f3an rugalmas A nagyobb mennyis\u00e9geket a beszerz\u00e9si lehet\u0151s\u00e9geken kereszt\u00fcl, k\u00f6zvetlen\u00fcl az ac\u00e9lgy\u00e1rakt\u00f3l v\u00e1s\u00e1roljuk meg. Keretszerz\u0151d\u00e9s eset\u00e9n v\u00e1llaljuk a k\u00f6ztes rakt\u00e1roz\u00e1st \u00e9s az el\u0151zetes finansz\u00edroz\u00e1st is, \u00edgy hosszabb t\u00e1von megb\u00edzhat\u00f3an garant\u00e1ljuk a just-in-time sz\u00e1ll\u00edt\u00e1sokat. \u00c1tfog\u00f3 rakt\u00e1rk\u00e9szlet\u00fcnknek \u00e9s 13 orsz\u00e1gra &hellip; <a href=\"https:\/\/kroneisl-stahl.com\/hu\/produktuebersicht\/\">Continued<\/a><\/p>\n","protected":false},"author":1,"featured_media":1806,"parent":0,"menu_order":0,"comment_status":"closed","ping_status":"closed","template":"sub-page-gallery.php","meta":{"_acf_changed":false,"footnotes":""},"class_list":["post-796","page","type-page","status-publish","has-post-thumbnail","hentry"],"acf":[],"yoast_head":"<!-- This site is optimized with the Yoast SEO plugin v22.0 - https:\/\/yoast.com\/wordpress\/plugins\/seo\/ -->\n<title>Term\u00e9k \u00c1ttekint\u00e9s - Kroneisl-Stahl<\/title>\n<meta name=\"description\" content=\"Stahl &amp; Metall in ma\u00dfgeschneiderten Abmessungen und St\u00e4rken! Unsere breite Produktpalette auf Ihr Wunschma\u00df zugeschnitten &amp; bequem als Tafel, Spaltband oder Coil liefern lassen. Noch heute informieren!\" \/>\n<meta name=\"robots\" content=\"index, follow, max-snippet:-1, max-image-preview:large, max-video-preview:-1\" \/>\n<link rel=\"canonical\" href=\"https:\/\/kroneisl-stahl.com\/hu\/produktuebersicht\/\" \/>\n<meta property=\"og:locale\" content=\"hu_HU\" \/>\n<meta property=\"og:type\" content=\"article\" \/>\n<meta property=\"og:title\" content=\"Term\u00e9k \u00c1ttekint\u00e9s - Kroneisl-Stahl\" \/>\n<meta property=\"og:description\" content=\"Stahl &amp; Metall in ma\u00dfgeschneiderten Abmessungen und St\u00e4rken! Unsere breite Produktpalette auf Ihr Wunschma\u00df zugeschnitten &amp; bequem als Tafel, Spaltband oder Coil liefern lassen. Noch heute informieren!\" \/>\n<meta property=\"og:url\" content=\"https:\/\/kroneisl-stahl.com\/hu\/produktuebersicht\/\" \/>\n<meta property=\"og:site_name\" content=\"Kroneisl-Stahl\" \/>\n<meta property=\"article:modified_time\" content=\"2019-10-03T17:11:03+00:00\" \/>\n<meta property=\"og:image\" content=\"https:\/\/kroneisl-stahl.com\/wp-content\/uploads\/2018\/06\/product-overview-background.jpg\" \/>\n\t<meta property=\"og:image:width\" content=\"2000\" \/>\n\t<meta property=\"og:image:height\" content=\"753\" \/>\n\t<meta property=\"og:image:type\" content=\"image\/jpeg\" \/>\n<meta name=\"twitter:card\" content=\"summary_large_image\" \/>\n<meta name=\"twitter:label1\" content=\"Becs\u00fclt olvas\u00e1si id\u0151\" \/>\n\t<meta name=\"twitter:data1\" content=\"2 perc\" \/>\n<script type=\"application\/ld+json\" class=\"yoast-schema-graph\">{\"@context\":\"https:\/\/schema.org\",\"@graph\":[{\"@type\":\"WebPage\",\"@id\":\"https:\/\/kroneisl-stahl.com\/hu\/produktuebersicht\/\",\"url\":\"https:\/\/kroneisl-stahl.com\/hu\/produktuebersicht\/\",\"name\":\"Term\u00e9k \u00c1ttekint\u00e9s - Kroneisl-Stahl\",\"isPartOf\":{\"@id\":\"https:\/\/kroneisl-stahl.com\/#website\"},\"datePublished\":\"2017-10-09T10:42:08+00:00\",\"dateModified\":\"2019-10-03T17:11:03+00:00\",\"description\":\"Stahl & Metall in ma\u00dfgeschneiderten Abmessungen und St\u00e4rken! Unsere breite Produktpalette auf Ihr Wunschma\u00df zugeschnitten & bequem als Tafel, Spaltband oder Coil liefern lassen. Noch heute informieren!\",\"breadcrumb\":{\"@id\":\"https:\/\/kroneisl-stahl.com\/hu\/produktuebersicht\/#breadcrumb\"},\"inLanguage\":\"hu\",\"potentialAction\":[{\"@type\":\"ReadAction\",\"target\":[\"https:\/\/kroneisl-stahl.com\/hu\/produktuebersicht\/\"]}]},{\"@type\":\"BreadcrumbList\",\"@id\":\"https:\/\/kroneisl-stahl.com\/hu\/produktuebersicht\/#breadcrumb\",\"itemListElement\":[{\"@type\":\"ListItem\",\"position\":1,\"name\":\"Home\",\"item\":\"https:\/\/kroneisl-stahl.com\/hu\/\"},{\"@type\":\"ListItem\",\"position\":2,\"name\":\"Term\u00e9k \u00c1ttekint\u00e9s\"}]},{\"@type\":\"WebSite\",\"@id\":\"https:\/\/kroneisl-stahl.com\/#website\",\"url\":\"https:\/\/kroneisl-stahl.com\/\",\"name\":\"Kroneisl-Stahl\",\"description\":\"\",\"potentialAction\":[{\"@type\":\"SearchAction\",\"target\":{\"@type\":\"EntryPoint\",\"urlTemplate\":\"https:\/\/kroneisl-stahl.com\/?s={search_term_string}\"},\"query-input\":\"required name=search_term_string\"}],\"inLanguage\":\"hu\"}]}<\/script>\n<!-- \/ Yoast SEO plugin. -->","yoast_head_json":{"title":"Term\u00e9k \u00c1ttekint\u00e9s - Kroneisl-Stahl","description":"Stahl & Metall in ma\u00dfgeschneiderten Abmessungen und St\u00e4rken! Unsere breite Produktpalette auf Ihr Wunschma\u00df zugeschnitten & bequem als Tafel, Spaltband oder Coil liefern lassen. Noch heute informieren!","robots":{"index":"index","follow":"follow","max-snippet":"max-snippet:-1","max-image-preview":"max-image-preview:large","max-video-preview":"max-video-preview:-1"},"canonical":"https:\/\/kroneisl-stahl.com\/hu\/produktuebersicht\/","og_locale":"hu_HU","og_type":"article","og_title":"Term\u00e9k \u00c1ttekint\u00e9s - Kroneisl-Stahl","og_description":"Stahl & Metall in ma\u00dfgeschneiderten Abmessungen und St\u00e4rken! Unsere breite Produktpalette auf Ihr Wunschma\u00df zugeschnitten & bequem als Tafel, Spaltband oder Coil liefern lassen. Noch heute informieren!","og_url":"https:\/\/kroneisl-stahl.com\/hu\/produktuebersicht\/","og_site_name":"Kroneisl-Stahl","article_modified_time":"2019-10-03T17:11:03+00:00","og_image":[{"width":2000,"height":753,"url":"https:\/\/kroneisl-stahl.com\/wp-content\/uploads\/2018\/06\/product-overview-background.jpg","type":"image\/jpeg"}],"twitter_card":"summary_large_image","twitter_misc":{"Becs\u00fclt olvas\u00e1si id\u0151":"2 perc"},"schema":{"@context":"https:\/\/schema.org","@graph":[{"@type":"WebPage","@id":"https:\/\/kroneisl-stahl.com\/hu\/produktuebersicht\/","url":"https:\/\/kroneisl-stahl.com\/hu\/produktuebersicht\/","name":"Term\u00e9k \u00c1ttekint\u00e9s - Kroneisl-Stahl","isPartOf":{"@id":"https:\/\/kroneisl-stahl.com\/#website"},"datePublished":"2017-10-09T10:42:08+00:00","dateModified":"2019-10-03T17:11:03+00:00","description":"Stahl & Metall in ma\u00dfgeschneiderten Abmessungen und St\u00e4rken! Unsere breite Produktpalette auf Ihr Wunschma\u00df zugeschnitten & bequem als Tafel, Spaltband oder Coil liefern lassen. Noch heute informieren!","breadcrumb":{"@id":"https:\/\/kroneisl-stahl.com\/hu\/produktuebersicht\/#breadcrumb"},"inLanguage":"hu","potentialAction":[{"@type":"ReadAction","target":["https:\/\/kroneisl-stahl.com\/hu\/produktuebersicht\/"]}]},{"@type":"BreadcrumbList","@id":"https:\/\/kroneisl-stahl.com\/hu\/produktuebersicht\/#breadcrumb","itemListElement":[{"@type":"ListItem","position":1,"name":"Home","item":"https:\/\/kroneisl-stahl.com\/hu\/"},{"@type":"ListItem","position":2,"name":"Term\u00e9k \u00c1ttekint\u00e9s"}]},{"@type":"WebSite","@id":"https:\/\/kroneisl-stahl.com\/#website","url":"https:\/\/kroneisl-stahl.com\/","name":"Kroneisl-Stahl","description":"","potentialAction":[{"@type":"SearchAction","target":{"@type":"EntryPoint","urlTemplate":"https:\/\/kroneisl-stahl.com\/?s={search_term_string}"},"query-input":"required name=search_term_string"}],"inLanguage":"hu"}]}},"_links":{"self":[{"href":"https:\/\/kroneisl-stahl.com\/hu\/wp-json\/wp\/v2\/pages\/796","targetHints":{"allow":["GET"]}}],"collection":[{"href":"https:\/\/kroneisl-stahl.com\/hu\/wp-json\/wp\/v2\/pages"}],"about":[{"href":"https:\/\/kroneisl-stahl.com\/hu\/wp-json\/wp\/v2\/types\/page"}],"author":[{"embeddable":true,"href":"https:\/\/kroneisl-stahl.com\/hu\/wp-json\/wp\/v2\/users\/1"}],"replies":[{"embeddable":true,"href":"https:\/\/kroneisl-stahl.com\/hu\/wp-json\/wp\/v2\/comments?post=796"}],"version-history":[{"count":17,"href":"https:\/\/kroneisl-stahl.com\/hu\/wp-json\/wp\/v2\/pages\/796\/revisions"}],"predecessor-version":[{"id":2725,"href":"https:\/\/kroneisl-stahl.com\/hu\/wp-json\/wp\/v2\/pages\/796\/revisions\/2725"}],"wp:featuredmedia":[{"embeddable":true,"href":"https:\/\/kroneisl-stahl.com\/hu\/wp-json\/wp\/v2\/media\/1806"}],"wp:attachment":[{"href":"https:\/\/kroneisl-stahl.com\/hu\/wp-json\/wp\/v2\/media?parent=796"}],"curies":[{"name":"wp","href":"https:\/\/api.w.org\/{rel}","templated":true}]}}