{"id":770,"date":"2017-11-16T11:39:51","date_gmt":"2017-11-16T11:39:51","guid":{"rendered":"https:\/\/kroneisl-stahl.com\/lieferprogramm"},"modified":"2019-10-20T16:46:44","modified_gmt":"2019-10-20T16:46:44","slug":"szallitasi-programot","status":"publish","type":"page","link":"https:\/\/kroneisl-stahl.com\/hu\/szallitasi-programot\/","title":{"rendered":"Sz\u00e1ll\u00edt\u00e1si Programot"},"content":{"rendered":"<h2 style=\"text-align: center;\">Sz\u00e9les term\u00e9kv\u00e1laszt\u00e9k k\u00f6zvetlen\u00fcl a gy\u00e1rt\u00f3kt\u00f3l<\/h2>\n<table>\n<tbody>\n<tr>\n<td>\n<table>\n<tbody>\n<tr>\n<td style=\"padding-left: 30px;\">\n<h3><span style=\"color: #292b2c; font-size: medium;\"><strong><span class=\"blue_11\">Fel\u00fcletkezelt kivitelek<\/span><\/strong><\/span><\/h3>\n<\/td>\n<\/tr>\n<tr>\n<td>\n<ul>\n<li>Sendzimir technol\u00f3gi\u00e1val horganyzott<\/li>\n<\/ul>\n<\/td>\n<\/tr>\n<tr>\n<td>\n<ul>\n<li>Elektrolitikusan horganyzott<\/li>\n<\/ul>\n<\/td>\n<\/tr>\n<tr>\n<td>\n<ul>\n<li>T\u0171zi alum\u00edniumozott<\/li>\n<\/ul>\n<\/td>\n<\/tr>\n<tr>\n<td>\n<ul>\n<li>Alucink<\/li>\n<\/ul>\n<\/td>\n<\/tr>\n<tr>\n<td>\n<ul>\n<li>Cink-magn\u00e9zium<\/li>\n<li>PPGI<\/li>\n<\/ul>\n<\/td>\n<\/tr>\n<\/tbody>\n<\/table>\n<\/td>\n<td>\n<table>\n<tbody>\n<tr>\n<td style=\"padding-left: 30px;\">\n<h3><span style=\"color: #292b2c; font-size: medium;\"><strong>Hidegen hengerelt lapos term\u00e9kek<\/strong><\/span><\/h3>\n<\/td>\n<\/tr>\n<tr>\n<td>\n<ul>\n<li>Finom- \u00e9s k\u00f6z\u00e9plemezek, kezeletlen nyers fel\u00fclet\u0171<\/li>\n<\/ul>\n<\/td>\n<\/tr>\n<tr>\n<td>\n<ul>\n<li>M\u00e9lyleh\u00faz\u00e1shoz sz\u00fcks\u00e9ges term\u00e9kek<\/li>\n<\/ul>\n<\/td>\n<\/tr>\n<tr>\n<td>\n<ul>\n<li>Hagyom\u00e1nyos hidegen hengerelt has\u00edtott szalag<\/li>\n<\/ul>\n<\/td>\n<\/tr>\n<tr>\n<td>\n<ul>\n<li>Zom\u00e1ncozhat\u00f3 lemezek<\/li>\n<\/ul>\n<\/td>\n<\/tr>\n<tr>\n<td><\/td>\n<\/tr>\n<\/tbody>\n<\/table>\n<\/td>\n<td>\n<table>\n<tbody>\n<tr>\n<td style=\"padding-left: 30px;\">\n<h3><span style=\"color: #292b2c; font-size: medium;\"><strong>Melegen hengerelt lapos term\u00e9kek<\/strong><\/span><\/h3>\n<\/td>\n<\/tr>\n<tr>\n<td>\n<ul>\n<li>P\u00e1colatlan\/p\u00e1colt\/olajozott durvalemezek<\/li>\n<\/ul>\n<\/td>\n<\/tr>\n<tr>\n<td>\n<ul>\n<li>Mikro\u00f6tv\u00f6z\u00f6tt ac\u00e9lok<\/li>\n<\/ul>\n<\/td>\n<\/tr>\n<tr>\n<td>\n<ul>\n<li>L\u00e9zerrel megmunk\u00e1lhat\u00f3 lemezek (l\u00e9zeroszt\u00e1lyok)<\/li>\n<\/ul>\n<\/td>\n<\/tr>\n<tr>\n<td>\n<ul>\n<li>Nagy szil\u00e1rds\u00e1g\u00fa \u00e9s kop\u00e1s\u00e1ll\u00f3 ac\u00e9lok<\/li>\n<\/ul>\n<\/td>\n<\/tr>\n<tr>\n<td>\n<ul>\n<li>Kaz\u00e1nlemezek nyom\u00e1start\u00f3 ed\u00e9nyekhez<\/li>\n<li>Id\u0151j\u00e1r\u00e1s\u00e1ll\u00f3 szerkezeti ac\u00e9lok (corten ac\u00e9l)<\/li>\n<\/ul>\n<\/td>\n<\/tr>\n<\/tbody>\n<\/table>\n<\/td>\n<\/tr>\n<\/tbody>\n<\/table>\n<p>Tan\u00fas\u00edtv\u00e1nnyal rendelkez\u0151 besz\u00e1ll\u00edt\u00f3kkal folytatunk egy\u00fcttm\u0171k\u00f6d\u00e9st, \u00edgy minden sz\u00e1ll\u00edt\u00e1shoz. eset\u00e9ben garant\u00e1ljuk az ellen\u0151rz\u00f6tt \u00e9s megb\u00edzhat\u00f3 min\u0151s\u00e9get. Megrendel\u0151ink term\u00e9szetesen megkapj\u00e1k az \u00e1ruhoz tartoz\u00f3 \u2013 a vegyi \u00e9s mechanikus \u00e9rt\u00e9keket tartalmaz\u00f3 \u2013 m\u0171bizonylatokat \u00e9s az \u00e1tv\u00e9teli vizsg\u00e1lati igazol\u00e1sokat, valamint a besz\u00e1ll\u00edt\u00f3i nyilatkozatokat \u00e9s a RoHS\/REACH-megfelel\u0151s\u00e9gi nyilatkozatokat.<br \/>\nA k\u00f6vetkez\u0151 term\u00e9kek eset\u00e9ben rendelkez\u00fcnk m\u00e9g sok\u00e9ves tapasztalattal \u00e9s k\u00f6zvetlen gy\u00e1rt\u00f3i kapcsolatokkal:<\/p>\n<p>\u2022 Ac\u00e9lcs\u00f6vek (varrat n\u00e9lk\u00fcli \u00e9s hegesztett)<br \/>\n\u2022 Rozsdamentes ac\u00e9lok (t\u00e1blalemez, has\u00edtott szalag \u00e9s tekercs form\u00e1j\u00e1ban)<br \/>\n\u2022 Perfor\u00e1lt lemezek (t\u00e1blalemez, has\u00edtott szalag \u00e9s tekercs form\u00e1j\u00e1ban)<\/p>\n<h3>Besz\u00e1ll\u00edt\u00f3ink k\u00f6z\u00e9 tartoznak t\u00f6bbek k\u00f6z\u00f6tt a k\u00f6vetkez\u0151 gy\u00e1rt\u00f3k:<\/h3>\n","protected":false},"excerpt":{"rendered":"<p>Sz\u00e9les term\u00e9kv\u00e1laszt\u00e9k k\u00f6zvetlen\u00fcl a gy\u00e1rt\u00f3kt\u00f3l Fel\u00fcletkezelt kivitelek Sendzimir technol\u00f3gi\u00e1val horganyzott Elektrolitikusan horganyzott T\u0171zi alum\u00edniumozott Alucink Cink-magn\u00e9zium PPGI Hidegen hengerelt lapos term\u00e9kek Finom- \u00e9s k\u00f6z\u00e9plemezek, kezeletlen nyers fel\u00fclet\u0171 M\u00e9lyleh\u00faz\u00e1shoz sz\u00fcks\u00e9ges term\u00e9kek Hagyom\u00e1nyos hidegen hengerelt has\u00edtott szalag Zom\u00e1ncozhat\u00f3 lemezek Melegen hengerelt lapos term\u00e9kek P\u00e1colatlan\/p\u00e1colt\/olajozott durvalemezek Mikro\u00f6tv\u00f6z\u00f6tt ac\u00e9lok L\u00e9zerrel megmunk\u00e1lhat\u00f3 lemezek (l\u00e9zeroszt\u00e1lyok) Nagy szil\u00e1rds\u00e1g\u00fa \u00e9s kop\u00e1s\u00e1ll\u00f3 ac\u00e9lok Kaz\u00e1nlemezek &hellip; <a href=\"https:\/\/kroneisl-stahl.com\/hu\/szallitasi-programot\/\">Continued<\/a><\/p>\n","protected":false},"author":1,"featured_media":1375,"parent":0,"menu_order":0,"comment_status":"closed","ping_status":"closed","template":"sub-page-gallery.php","meta":{"_acf_changed":false,"footnotes":""},"class_list":["post-770","page","type-page","status-publish","has-post-thumbnail","hentry"],"acf":[],"yoast_head":"<!-- This site is optimized with the Yoast SEO plugin v22.0 - https:\/\/yoast.com\/wordpress\/plugins\/seo\/ -->\n<title>Sz\u00e1ll\u00edt\u00e1si Programot - Kroneisl-Stahl<\/title>\n<meta name=\"description\" content=\"Sz\u00e9les term\u00e9kv\u00e1laszt\u00e9k \u00e9s tan\u00fas\u00edtott besz\u00e1ll\u00edt\u00f3k: Garant\u00e1ljuk a kiv\u00e1l\u00f3 min\u0151s\u00e9g\u0171 term\u00e9keket \u00e9s sz\u00e1ll\u00edt\u00e1si min\u0151s\u00e9get megb\u00edzhat\u00f3 \u00e9s j\u00f3l ismert partnereinken kereszt\u00fcl! INFORM MOST!\" \/>\n<meta name=\"robots\" content=\"index, follow, max-snippet:-1, max-image-preview:large, max-video-preview:-1\" \/>\n<link rel=\"canonical\" href=\"https:\/\/kroneisl-stahl.com\/hu\/szallitasi-programot\/\" \/>\n<meta property=\"og:locale\" content=\"hu_HU\" \/>\n<meta property=\"og:type\" content=\"article\" \/>\n<meta property=\"og:title\" content=\"Sz\u00e1ll\u00edt\u00e1si Programot - Kroneisl-Stahl\" \/>\n<meta property=\"og:description\" content=\"Sz\u00e9les term\u00e9kv\u00e1laszt\u00e9k \u00e9s tan\u00fas\u00edtott besz\u00e1ll\u00edt\u00f3k: Garant\u00e1ljuk a kiv\u00e1l\u00f3 min\u0151s\u00e9g\u0171 term\u00e9keket \u00e9s sz\u00e1ll\u00edt\u00e1si min\u0151s\u00e9get megb\u00edzhat\u00f3 \u00e9s j\u00f3l ismert partnereinken kereszt\u00fcl! INFORM MOST!\" \/>\n<meta property=\"og:url\" content=\"https:\/\/kroneisl-stahl.com\/hu\/szallitasi-programot\/\" \/>\n<meta property=\"og:site_name\" content=\"Kroneisl-Stahl\" \/>\n<meta property=\"article:modified_time\" content=\"2019-10-20T16:46:44+00:00\" \/>\n<meta property=\"og:image\" content=\"https:\/\/kroneisl-stahl.com\/wp-content\/uploads\/2018\/06\/delivery-stock-background-1.jpg\" \/>\n\t<meta property=\"og:image:width\" content=\"2000\" \/>\n\t<meta property=\"og:image:height\" content=\"753\" \/>\n\t<meta property=\"og:image:type\" content=\"image\/jpeg\" \/>\n<meta name=\"twitter:card\" content=\"summary_large_image\" \/>\n<meta name=\"twitter:label1\" content=\"Becs\u00fclt olvas\u00e1si id\u0151\" \/>\n\t<meta name=\"twitter:data1\" content=\"1 perc\" \/>\n<script type=\"application\/ld+json\" class=\"yoast-schema-graph\">{\"@context\":\"https:\/\/schema.org\",\"@graph\":[{\"@type\":\"WebPage\",\"@id\":\"https:\/\/kroneisl-stahl.com\/hu\/szallitasi-programot\/\",\"url\":\"https:\/\/kroneisl-stahl.com\/hu\/szallitasi-programot\/\",\"name\":\"Sz\u00e1ll\u00edt\u00e1si Programot - Kroneisl-Stahl\",\"isPartOf\":{\"@id\":\"https:\/\/kroneisl-stahl.com\/#website\"},\"datePublished\":\"2017-11-16T11:39:51+00:00\",\"dateModified\":\"2019-10-20T16:46:44+00:00\",\"description\":\"Sz\u00e9les term\u00e9kv\u00e1laszt\u00e9k \u00e9s tan\u00fas\u00edtott besz\u00e1ll\u00edt\u00f3k: Garant\u00e1ljuk a kiv\u00e1l\u00f3 min\u0151s\u00e9g\u0171 term\u00e9keket \u00e9s sz\u00e1ll\u00edt\u00e1si min\u0151s\u00e9get megb\u00edzhat\u00f3 \u00e9s j\u00f3l ismert partnereinken kereszt\u00fcl! INFORM MOST!\",\"breadcrumb\":{\"@id\":\"https:\/\/kroneisl-stahl.com\/hu\/szallitasi-programot\/#breadcrumb\"},\"inLanguage\":\"hu\",\"potentialAction\":[{\"@type\":\"ReadAction\",\"target\":[\"https:\/\/kroneisl-stahl.com\/hu\/szallitasi-programot\/\"]}]},{\"@type\":\"BreadcrumbList\",\"@id\":\"https:\/\/kroneisl-stahl.com\/hu\/szallitasi-programot\/#breadcrumb\",\"itemListElement\":[{\"@type\":\"ListItem\",\"position\":1,\"name\":\"Home\",\"item\":\"https:\/\/kroneisl-stahl.com\/hu\/\"},{\"@type\":\"ListItem\",\"position\":2,\"name\":\"Sz\u00e1ll\u00edt\u00e1si Programot\"}]},{\"@type\":\"WebSite\",\"@id\":\"https:\/\/kroneisl-stahl.com\/#website\",\"url\":\"https:\/\/kroneisl-stahl.com\/\",\"name\":\"Kroneisl-Stahl\",\"description\":\"\",\"potentialAction\":[{\"@type\":\"SearchAction\",\"target\":{\"@type\":\"EntryPoint\",\"urlTemplate\":\"https:\/\/kroneisl-stahl.com\/?s={search_term_string}\"},\"query-input\":\"required name=search_term_string\"}],\"inLanguage\":\"hu\"}]}<\/script>\n<!-- \/ Yoast SEO plugin. -->","yoast_head_json":{"title":"Sz\u00e1ll\u00edt\u00e1si Programot - Kroneisl-Stahl","description":"Sz\u00e9les term\u00e9kv\u00e1laszt\u00e9k \u00e9s tan\u00fas\u00edtott besz\u00e1ll\u00edt\u00f3k: Garant\u00e1ljuk a kiv\u00e1l\u00f3 min\u0151s\u00e9g\u0171 term\u00e9keket \u00e9s sz\u00e1ll\u00edt\u00e1si min\u0151s\u00e9get megb\u00edzhat\u00f3 \u00e9s j\u00f3l ismert partnereinken kereszt\u00fcl! INFORM MOST!","robots":{"index":"index","follow":"follow","max-snippet":"max-snippet:-1","max-image-preview":"max-image-preview:large","max-video-preview":"max-video-preview:-1"},"canonical":"https:\/\/kroneisl-stahl.com\/hu\/szallitasi-programot\/","og_locale":"hu_HU","og_type":"article","og_title":"Sz\u00e1ll\u00edt\u00e1si Programot - Kroneisl-Stahl","og_description":"Sz\u00e9les term\u00e9kv\u00e1laszt\u00e9k \u00e9s tan\u00fas\u00edtott besz\u00e1ll\u00edt\u00f3k: Garant\u00e1ljuk a kiv\u00e1l\u00f3 min\u0151s\u00e9g\u0171 term\u00e9keket \u00e9s sz\u00e1ll\u00edt\u00e1si min\u0151s\u00e9get megb\u00edzhat\u00f3 \u00e9s j\u00f3l ismert partnereinken kereszt\u00fcl! INFORM MOST!","og_url":"https:\/\/kroneisl-stahl.com\/hu\/szallitasi-programot\/","og_site_name":"Kroneisl-Stahl","article_modified_time":"2019-10-20T16:46:44+00:00","og_image":[{"width":2000,"height":753,"url":"https:\/\/kroneisl-stahl.com\/wp-content\/uploads\/2018\/06\/delivery-stock-background-1.jpg","type":"image\/jpeg"}],"twitter_card":"summary_large_image","twitter_misc":{"Becs\u00fclt olvas\u00e1si id\u0151":"1 perc"},"schema":{"@context":"https:\/\/schema.org","@graph":[{"@type":"WebPage","@id":"https:\/\/kroneisl-stahl.com\/hu\/szallitasi-programot\/","url":"https:\/\/kroneisl-stahl.com\/hu\/szallitasi-programot\/","name":"Sz\u00e1ll\u00edt\u00e1si Programot - Kroneisl-Stahl","isPartOf":{"@id":"https:\/\/kroneisl-stahl.com\/#website"},"datePublished":"2017-11-16T11:39:51+00:00","dateModified":"2019-10-20T16:46:44+00:00","description":"Sz\u00e9les term\u00e9kv\u00e1laszt\u00e9k \u00e9s tan\u00fas\u00edtott besz\u00e1ll\u00edt\u00f3k: Garant\u00e1ljuk a kiv\u00e1l\u00f3 min\u0151s\u00e9g\u0171 term\u00e9keket \u00e9s sz\u00e1ll\u00edt\u00e1si min\u0151s\u00e9get megb\u00edzhat\u00f3 \u00e9s j\u00f3l ismert partnereinken kereszt\u00fcl! INFORM MOST!","breadcrumb":{"@id":"https:\/\/kroneisl-stahl.com\/hu\/szallitasi-programot\/#breadcrumb"},"inLanguage":"hu","potentialAction":[{"@type":"ReadAction","target":["https:\/\/kroneisl-stahl.com\/hu\/szallitasi-programot\/"]}]},{"@type":"BreadcrumbList","@id":"https:\/\/kroneisl-stahl.com\/hu\/szallitasi-programot\/#breadcrumb","itemListElement":[{"@type":"ListItem","position":1,"name":"Home","item":"https:\/\/kroneisl-stahl.com\/hu\/"},{"@type":"ListItem","position":2,"name":"Sz\u00e1ll\u00edt\u00e1si Programot"}]},{"@type":"WebSite","@id":"https:\/\/kroneisl-stahl.com\/#website","url":"https:\/\/kroneisl-stahl.com\/","name":"Kroneisl-Stahl","description":"","potentialAction":[{"@type":"SearchAction","target":{"@type":"EntryPoint","urlTemplate":"https:\/\/kroneisl-stahl.com\/?s={search_term_string}"},"query-input":"required name=search_term_string"}],"inLanguage":"hu"}]}},"_links":{"self":[{"href":"https:\/\/kroneisl-stahl.com\/hu\/wp-json\/wp\/v2\/pages\/770","targetHints":{"allow":["GET"]}}],"collection":[{"href":"https:\/\/kroneisl-stahl.com\/hu\/wp-json\/wp\/v2\/pages"}],"about":[{"href":"https:\/\/kroneisl-stahl.com\/hu\/wp-json\/wp\/v2\/types\/page"}],"author":[{"embeddable":true,"href":"https:\/\/kroneisl-stahl.com\/hu\/wp-json\/wp\/v2\/users\/1"}],"replies":[{"embeddable":true,"href":"https:\/\/kroneisl-stahl.com\/hu\/wp-json\/wp\/v2\/comments?post=770"}],"version-history":[{"count":13,"href":"https:\/\/kroneisl-stahl.com\/hu\/wp-json\/wp\/v2\/pages\/770\/revisions"}],"predecessor-version":[{"id":2751,"href":"https:\/\/kroneisl-stahl.com\/hu\/wp-json\/wp\/v2\/pages\/770\/revisions\/2751"}],"wp:featuredmedia":[{"embeddable":true,"href":"https:\/\/kroneisl-stahl.com\/hu\/wp-json\/wp\/v2\/media\/1375"}],"wp:attachment":[{"href":"https:\/\/kroneisl-stahl.com\/hu\/wp-json\/wp\/v2\/media?parent=770"}],"curies":[{"name":"wp","href":"https:\/\/api.w.org\/{rel}","templated":true}]}}