{"id":749,"date":"2017-10-09T07:49:40","date_gmt":"2017-10-09T07:49:40","guid":{"rendered":"https:\/\/kroneisl-stahl.com\/lagerprogramm"},"modified":"2019-05-29T08:35:46","modified_gmt":"2019-05-29T08:35:46","slug":"lagerprogramm","status":"publish","type":"page","link":"https:\/\/kroneisl-stahl.com\/hu\/lagerprogramm\/","title":{"rendered":"K\u00e9szletprogram"},"content":{"rendered":"<h2>M\u00c9RETRE V\u00c1GOTT LEMEZEK K\u00c9SZLETR\u0150L<\/h2>\n<p>A standard (kis, k\u00f6zepes \u00e9s nagy) m\u00e9reteket a leggyakoribb term\u00e9kekb\u0151l folyamatosan k\u00e9szleten tartjuk. V\u00e1lasszon az azonnal kaphat\u00f3 kivitelekb\u0151l:<\/p>\n<p>\u2022 Sendzimir technol\u00f3gi\u00e1val horganyzott: DX51D+Z275 MAC<br \/>\n\u2022 Elektrolitikusan horganyzott: DC01+ZE25\/25 APC<br \/>\n\u2022 T\u0171zi alum\u00edniumozott: DX51D+AS120 ACO<br \/>\n\u2022 Hidegen hengerelt, kezeletlen nyers fel\u00fclet\u0171: DC01 Amo<br \/>\n\u2022 Melegen hengerelt, p\u00e1colt \u00e9s olajozott: DD11\/S235<br \/>\n\u2022 Melegen hengerelt, p\u00e1colatlan: S235<\/p>\n","protected":false},"excerpt":{"rendered":"<p>M\u00c9RETRE V\u00c1GOTT LEMEZEK K\u00c9SZLETR\u0150L A standard (kis, k\u00f6zepes \u00e9s nagy) m\u00e9reteket a leggyakoribb term\u00e9kekb\u0151l folyamatosan k\u00e9szleten tartjuk. V\u00e1lasszon az azonnal kaphat\u00f3 kivitelekb\u0151l: \u2022 Sendzimir technol\u00f3gi\u00e1val horganyzott: DX51D+Z275 MAC \u2022 Elektrolitikusan horganyzott: DC01+ZE25\/25 APC \u2022 T\u0171zi alum\u00edniumozott: DX51D+AS120 ACO \u2022 Hidegen hengerelt, kezeletlen nyers fel\u00fclet\u0171: DC01 Amo \u2022 Melegen hengerelt, p\u00e1colt \u00e9s olajozott: DD11\/S235 \u2022 Melegen &hellip; <a href=\"https:\/\/kroneisl-stahl.com\/hu\/lagerprogramm\/\">Continued<\/a><\/p>\n","protected":false},"author":1,"featured_media":1812,"parent":0,"menu_order":0,"comment_status":"closed","ping_status":"closed","template":"stock.php","meta":{"_acf_changed":false,"footnotes":""},"class_list":["post-749","page","type-page","status-publish","has-post-thumbnail","hentry"],"acf":[],"yoast_head":"<!-- This site is optimized with the Yoast SEO plugin v22.0 - https:\/\/yoast.com\/wordpress\/plugins\/seo\/ -->\n<title>K\u00e9szletprogram - Kroneisl-Stahl<\/title>\n<meta name=\"description\" content=\"Formatbleche in allen Gr\u00f6\u00dfen &amp; St\u00e4rken immer lagernd! Unsere Qualit\u00e4ts-Edelstahlbleche auf Ihre Bed\u00fcrfnisse zugeschnitten: Entdecken Sie JETZT unser vielf\u00e4ltiges Angebot.\" \/>\n<meta name=\"robots\" content=\"index, follow, max-snippet:-1, max-image-preview:large, max-video-preview:-1\" \/>\n<link rel=\"canonical\" href=\"https:\/\/kroneisl-stahl.com\/hu\/lagerprogramm\/\" \/>\n<meta property=\"og:locale\" content=\"hu_HU\" \/>\n<meta property=\"og:type\" content=\"article\" \/>\n<meta property=\"og:title\" content=\"K\u00e9szletprogram - Kroneisl-Stahl\" \/>\n<meta property=\"og:description\" content=\"Formatbleche in allen Gr\u00f6\u00dfen &amp; St\u00e4rken immer lagernd! Unsere Qualit\u00e4ts-Edelstahlbleche auf Ihre Bed\u00fcrfnisse zugeschnitten: Entdecken Sie JETZT unser vielf\u00e4ltiges Angebot.\" \/>\n<meta property=\"og:url\" content=\"https:\/\/kroneisl-stahl.com\/hu\/lagerprogramm\/\" \/>\n<meta property=\"og:site_name\" content=\"Kroneisl-Stahl\" \/>\n<meta property=\"article:modified_time\" content=\"2019-05-29T08:35:46+00:00\" \/>\n<meta property=\"og:image\" content=\"https:\/\/kroneisl-stahl.com\/wp-content\/uploads\/2018\/06\/steel-stock-backgournd.jpg\" \/>\n\t<meta property=\"og:image:width\" content=\"2000\" \/>\n\t<meta property=\"og:image:height\" content=\"753\" \/>\n\t<meta property=\"og:image:type\" content=\"image\/jpeg\" \/>\n<meta name=\"twitter:card\" content=\"summary_large_image\" \/>\n<script type=\"application\/ld+json\" class=\"yoast-schema-graph\">{\"@context\":\"https:\/\/schema.org\",\"@graph\":[{\"@type\":\"WebPage\",\"@id\":\"https:\/\/kroneisl-stahl.com\/hu\/lagerprogramm\/\",\"url\":\"https:\/\/kroneisl-stahl.com\/hu\/lagerprogramm\/\",\"name\":\"K\u00e9szletprogram - Kroneisl-Stahl\",\"isPartOf\":{\"@id\":\"https:\/\/kroneisl-stahl.com\/#website\"},\"datePublished\":\"2017-10-09T07:49:40+00:00\",\"dateModified\":\"2019-05-29T08:35:46+00:00\",\"description\":\"Formatbleche in allen Gr\u00f6\u00dfen & St\u00e4rken immer lagernd! Unsere Qualit\u00e4ts-Edelstahlbleche auf Ihre Bed\u00fcrfnisse zugeschnitten: Entdecken Sie JETZT unser vielf\u00e4ltiges Angebot.\",\"breadcrumb\":{\"@id\":\"https:\/\/kroneisl-stahl.com\/hu\/lagerprogramm\/#breadcrumb\"},\"inLanguage\":\"hu\",\"potentialAction\":[{\"@type\":\"ReadAction\",\"target\":[\"https:\/\/kroneisl-stahl.com\/hu\/lagerprogramm\/\"]}]},{\"@type\":\"BreadcrumbList\",\"@id\":\"https:\/\/kroneisl-stahl.com\/hu\/lagerprogramm\/#breadcrumb\",\"itemListElement\":[{\"@type\":\"ListItem\",\"position\":1,\"name\":\"Home\",\"item\":\"https:\/\/kroneisl-stahl.com\/hu\/\"},{\"@type\":\"ListItem\",\"position\":2,\"name\":\"K\u00e9szletprogram\"}]},{\"@type\":\"WebSite\",\"@id\":\"https:\/\/kroneisl-stahl.com\/#website\",\"url\":\"https:\/\/kroneisl-stahl.com\/\",\"name\":\"Kroneisl-Stahl\",\"description\":\"\",\"potentialAction\":[{\"@type\":\"SearchAction\",\"target\":{\"@type\":\"EntryPoint\",\"urlTemplate\":\"https:\/\/kroneisl-stahl.com\/?s={search_term_string}\"},\"query-input\":\"required name=search_term_string\"}],\"inLanguage\":\"hu\"}]}<\/script>\n<!-- \/ Yoast SEO plugin. -->","yoast_head_json":{"title":"K\u00e9szletprogram - Kroneisl-Stahl","description":"Formatbleche in allen Gr\u00f6\u00dfen & St\u00e4rken immer lagernd! Unsere Qualit\u00e4ts-Edelstahlbleche auf Ihre Bed\u00fcrfnisse zugeschnitten: Entdecken Sie JETZT unser vielf\u00e4ltiges Angebot.","robots":{"index":"index","follow":"follow","max-snippet":"max-snippet:-1","max-image-preview":"max-image-preview:large","max-video-preview":"max-video-preview:-1"},"canonical":"https:\/\/kroneisl-stahl.com\/hu\/lagerprogramm\/","og_locale":"hu_HU","og_type":"article","og_title":"K\u00e9szletprogram - Kroneisl-Stahl","og_description":"Formatbleche in allen Gr\u00f6\u00dfen & St\u00e4rken immer lagernd! Unsere Qualit\u00e4ts-Edelstahlbleche auf Ihre Bed\u00fcrfnisse zugeschnitten: Entdecken Sie JETZT unser vielf\u00e4ltiges Angebot.","og_url":"https:\/\/kroneisl-stahl.com\/hu\/lagerprogramm\/","og_site_name":"Kroneisl-Stahl","article_modified_time":"2019-05-29T08:35:46+00:00","og_image":[{"width":2000,"height":753,"url":"https:\/\/kroneisl-stahl.com\/wp-content\/uploads\/2018\/06\/steel-stock-backgournd.jpg","type":"image\/jpeg"}],"twitter_card":"summary_large_image","schema":{"@context":"https:\/\/schema.org","@graph":[{"@type":"WebPage","@id":"https:\/\/kroneisl-stahl.com\/hu\/lagerprogramm\/","url":"https:\/\/kroneisl-stahl.com\/hu\/lagerprogramm\/","name":"K\u00e9szletprogram - Kroneisl-Stahl","isPartOf":{"@id":"https:\/\/kroneisl-stahl.com\/#website"},"datePublished":"2017-10-09T07:49:40+00:00","dateModified":"2019-05-29T08:35:46+00:00","description":"Formatbleche in allen Gr\u00f6\u00dfen & St\u00e4rken immer lagernd! Unsere Qualit\u00e4ts-Edelstahlbleche auf Ihre Bed\u00fcrfnisse zugeschnitten: Entdecken Sie JETZT unser vielf\u00e4ltiges Angebot.","breadcrumb":{"@id":"https:\/\/kroneisl-stahl.com\/hu\/lagerprogramm\/#breadcrumb"},"inLanguage":"hu","potentialAction":[{"@type":"ReadAction","target":["https:\/\/kroneisl-stahl.com\/hu\/lagerprogramm\/"]}]},{"@type":"BreadcrumbList","@id":"https:\/\/kroneisl-stahl.com\/hu\/lagerprogramm\/#breadcrumb","itemListElement":[{"@type":"ListItem","position":1,"name":"Home","item":"https:\/\/kroneisl-stahl.com\/hu\/"},{"@type":"ListItem","position":2,"name":"K\u00e9szletprogram"}]},{"@type":"WebSite","@id":"https:\/\/kroneisl-stahl.com\/#website","url":"https:\/\/kroneisl-stahl.com\/","name":"Kroneisl-Stahl","description":"","potentialAction":[{"@type":"SearchAction","target":{"@type":"EntryPoint","urlTemplate":"https:\/\/kroneisl-stahl.com\/?s={search_term_string}"},"query-input":"required name=search_term_string"}],"inLanguage":"hu"}]}},"_links":{"self":[{"href":"https:\/\/kroneisl-stahl.com\/hu\/wp-json\/wp\/v2\/pages\/749","targetHints":{"allow":["GET"]}}],"collection":[{"href":"https:\/\/kroneisl-stahl.com\/hu\/wp-json\/wp\/v2\/pages"}],"about":[{"href":"https:\/\/kroneisl-stahl.com\/hu\/wp-json\/wp\/v2\/types\/page"}],"author":[{"embeddable":true,"href":"https:\/\/kroneisl-stahl.com\/hu\/wp-json\/wp\/v2\/users\/1"}],"replies":[{"embeddable":true,"href":"https:\/\/kroneisl-stahl.com\/hu\/wp-json\/wp\/v2\/comments?post=749"}],"version-history":[{"count":13,"href":"https:\/\/kroneisl-stahl.com\/hu\/wp-json\/wp\/v2\/pages\/749\/revisions"}],"predecessor-version":[{"id":2454,"href":"https:\/\/kroneisl-stahl.com\/hu\/wp-json\/wp\/v2\/pages\/749\/revisions\/2454"}],"wp:featuredmedia":[{"embeddable":true,"href":"https:\/\/kroneisl-stahl.com\/hu\/wp-json\/wp\/v2\/media\/1812"}],"wp:attachment":[{"href":"https:\/\/kroneisl-stahl.com\/hu\/wp-json\/wp\/v2\/media?parent=749"}],"curies":[{"name":"wp","href":"https:\/\/api.w.org\/{rel}","templated":true}]}}