{"id":724,"date":"2017-10-09T10:43:17","date_gmt":"2017-10-09T10:43:17","guid":{"rendered":"https:\/\/kroneisl-stahl.com\/unser-service"},"modified":"2019-10-01T19:24:15","modified_gmt":"2019-10-01T19:24:15","slug":"ihre-vorteile","status":"publish","type":"page","link":"https:\/\/kroneisl-stahl.com\/hu\/ihre-vorteile\/","title":{"rendered":"El\u0151ny\u00f6k"},"content":{"rendered":"<h2 style=\"text-align: center;\">A hosszabb egy\u00fcttm\u0171k\u00f6d\u00e9s felt\u00e9tele<\/h2>\n<p style=\"text-align: center;\">\u00dcgyf\u00e9lbar\u00e1t, hat\u00e9kony \u00e9s a tulajdonosok \u00e1ltal vezetett csal\u00e1di v\u00e1llalkoz\u00e1sk\u00e9nt sz\u00e1mos olyan el\u0151nyt biztos\u00edtunk v\u00e1s\u00e1rl\u00f3inknak, ami\u00e9rt meg\u00e9ri hozz\u00e1nk fordulni. V\u00e1llalati filoz\u00f3fi\u00e1nk kedvez a gy\u00fcm\u00f6lcs\u00f6z\u0151 \u00e9s szoros egy\u00fcttm\u0171k\u00f6d\u00e9snek, sz\u00e1mos megrendel\u0151nk m\u00e1r \u00e9vtizedek \u00f3ta veszi ig\u00e9nybe a szolg\u00e1ltat\u00e1sainkat.<\/p>\n","protected":false},"excerpt":{"rendered":"<p>A hosszabb egy\u00fcttm\u0171k\u00f6d\u00e9s felt\u00e9tele \u00dcgyf\u00e9lbar\u00e1t, hat\u00e9kony \u00e9s a tulajdonosok \u00e1ltal vezetett csal\u00e1di v\u00e1llalkoz\u00e1sk\u00e9nt sz\u00e1mos olyan el\u0151nyt biztos\u00edtunk v\u00e1s\u00e1rl\u00f3inknak, ami\u00e9rt meg\u00e9ri hozz\u00e1nk fordulni. V\u00e1llalati filoz\u00f3fi\u00e1nk kedvez a gy\u00fcm\u00f6lcs\u00f6z\u0151 \u00e9s szoros egy\u00fcttm\u0171k\u00f6d\u00e9snek, sz\u00e1mos megrendel\u0151nk m\u00e1r \u00e9vtizedek \u00f3ta veszi ig\u00e9nybe a szolg\u00e1ltat\u00e1sainkat.<\/p>\n","protected":false},"author":1,"featured_media":1800,"parent":0,"menu_order":0,"comment_status":"closed","ping_status":"closed","template":"sub-page-benefit.php","meta":{"_acf_changed":false,"footnotes":""},"class_list":["post-724","page","type-page","status-publish","has-post-thumbnail","hentry"],"acf":[],"yoast_head":"<!-- This site is optimized with the Yoast SEO plugin v22.0 - https:\/\/yoast.com\/wordpress\/plugins\/seo\/ -->\n<title>El\u0151ny\u00f6k - Kroneisl-Stahl<\/title>\n<meta name=\"description\" content=\"Die Spezialisten von Kroneisl Stahl finden immer die richtige L\u00f6sung f\u00fcr Sie. Als werksunabh\u00e4ngiger Stahlh\u00e4ndler unterhalten wir enge und langfristige Gesch\u00e4ftsbeziehungen zu allen europ\u00e4ischen Stahlwerken und Servicecentern.\" \/>\n<meta name=\"robots\" content=\"index, follow, max-snippet:-1, max-image-preview:large, max-video-preview:-1\" \/>\n<link rel=\"canonical\" href=\"https:\/\/kroneisl-stahl.com\/hu\/ihre-vorteile\/\" \/>\n<meta property=\"og:locale\" content=\"hu_HU\" \/>\n<meta property=\"og:type\" content=\"article\" \/>\n<meta property=\"og:title\" content=\"El\u0151ny\u00f6k - Kroneisl-Stahl\" \/>\n<meta property=\"og:description\" content=\"Die Spezialisten von Kroneisl Stahl finden immer die richtige L\u00f6sung f\u00fcr Sie. Als werksunabh\u00e4ngiger Stahlh\u00e4ndler unterhalten wir enge und langfristige Gesch\u00e4ftsbeziehungen zu allen europ\u00e4ischen Stahlwerken und Servicecentern.\" \/>\n<meta property=\"og:url\" content=\"https:\/\/kroneisl-stahl.com\/hu\/ihre-vorteile\/\" \/>\n<meta property=\"og:site_name\" content=\"Kroneisl-Stahl\" \/>\n<meta property=\"article:modified_time\" content=\"2019-10-01T19:24:15+00:00\" \/>\n<meta property=\"og:image\" content=\"https:\/\/kroneisl-stahl.com\/wp-content\/uploads\/2018\/06\/timeline-background.jpg\" \/>\n\t<meta property=\"og:image:width\" content=\"2000\" \/>\n\t<meta property=\"og:image:height\" content=\"753\" \/>\n\t<meta property=\"og:image:type\" content=\"image\/jpeg\" \/>\n<meta name=\"twitter:card\" content=\"summary_large_image\" \/>\n<script type=\"application\/ld+json\" class=\"yoast-schema-graph\">{\"@context\":\"https:\/\/schema.org\",\"@graph\":[{\"@type\":\"WebPage\",\"@id\":\"https:\/\/kroneisl-stahl.com\/hu\/ihre-vorteile\/\",\"url\":\"https:\/\/kroneisl-stahl.com\/hu\/ihre-vorteile\/\",\"name\":\"El\u0151ny\u00f6k - Kroneisl-Stahl\",\"isPartOf\":{\"@id\":\"https:\/\/kroneisl-stahl.com\/#website\"},\"datePublished\":\"2017-10-09T10:43:17+00:00\",\"dateModified\":\"2019-10-01T19:24:15+00:00\",\"description\":\"Die Spezialisten von Kroneisl Stahl finden immer die richtige L\u00f6sung f\u00fcr Sie. Als werksunabh\u00e4ngiger Stahlh\u00e4ndler unterhalten wir enge und langfristige Gesch\u00e4ftsbeziehungen zu allen europ\u00e4ischen Stahlwerken und Servicecentern.\",\"breadcrumb\":{\"@id\":\"https:\/\/kroneisl-stahl.com\/hu\/ihre-vorteile\/#breadcrumb\"},\"inLanguage\":\"hu\",\"potentialAction\":[{\"@type\":\"ReadAction\",\"target\":[\"https:\/\/kroneisl-stahl.com\/hu\/ihre-vorteile\/\"]}]},{\"@type\":\"BreadcrumbList\",\"@id\":\"https:\/\/kroneisl-stahl.com\/hu\/ihre-vorteile\/#breadcrumb\",\"itemListElement\":[{\"@type\":\"ListItem\",\"position\":1,\"name\":\"Home\",\"item\":\"https:\/\/kroneisl-stahl.com\/hu\/\"},{\"@type\":\"ListItem\",\"position\":2,\"name\":\"El\u0151ny\u00f6k\"}]},{\"@type\":\"WebSite\",\"@id\":\"https:\/\/kroneisl-stahl.com\/#website\",\"url\":\"https:\/\/kroneisl-stahl.com\/\",\"name\":\"Kroneisl-Stahl\",\"description\":\"\",\"potentialAction\":[{\"@type\":\"SearchAction\",\"target\":{\"@type\":\"EntryPoint\",\"urlTemplate\":\"https:\/\/kroneisl-stahl.com\/?s={search_term_string}\"},\"query-input\":\"required name=search_term_string\"}],\"inLanguage\":\"hu\"}]}<\/script>\n<!-- \/ Yoast SEO plugin. -->","yoast_head_json":{"title":"El\u0151ny\u00f6k - Kroneisl-Stahl","description":"Die Spezialisten von Kroneisl Stahl finden immer die richtige L\u00f6sung f\u00fcr Sie. Als werksunabh\u00e4ngiger Stahlh\u00e4ndler unterhalten wir enge und langfristige Gesch\u00e4ftsbeziehungen zu allen europ\u00e4ischen Stahlwerken und Servicecentern.","robots":{"index":"index","follow":"follow","max-snippet":"max-snippet:-1","max-image-preview":"max-image-preview:large","max-video-preview":"max-video-preview:-1"},"canonical":"https:\/\/kroneisl-stahl.com\/hu\/ihre-vorteile\/","og_locale":"hu_HU","og_type":"article","og_title":"El\u0151ny\u00f6k - Kroneisl-Stahl","og_description":"Die Spezialisten von Kroneisl Stahl finden immer die richtige L\u00f6sung f\u00fcr Sie. Als werksunabh\u00e4ngiger Stahlh\u00e4ndler unterhalten wir enge und langfristige Gesch\u00e4ftsbeziehungen zu allen europ\u00e4ischen Stahlwerken und Servicecentern.","og_url":"https:\/\/kroneisl-stahl.com\/hu\/ihre-vorteile\/","og_site_name":"Kroneisl-Stahl","article_modified_time":"2019-10-01T19:24:15+00:00","og_image":[{"width":2000,"height":753,"url":"https:\/\/kroneisl-stahl.com\/wp-content\/uploads\/2018\/06\/timeline-background.jpg","type":"image\/jpeg"}],"twitter_card":"summary_large_image","schema":{"@context":"https:\/\/schema.org","@graph":[{"@type":"WebPage","@id":"https:\/\/kroneisl-stahl.com\/hu\/ihre-vorteile\/","url":"https:\/\/kroneisl-stahl.com\/hu\/ihre-vorteile\/","name":"El\u0151ny\u00f6k - Kroneisl-Stahl","isPartOf":{"@id":"https:\/\/kroneisl-stahl.com\/#website"},"datePublished":"2017-10-09T10:43:17+00:00","dateModified":"2019-10-01T19:24:15+00:00","description":"Die Spezialisten von Kroneisl Stahl finden immer die richtige L\u00f6sung f\u00fcr Sie. Als werksunabh\u00e4ngiger Stahlh\u00e4ndler unterhalten wir enge und langfristige Gesch\u00e4ftsbeziehungen zu allen europ\u00e4ischen Stahlwerken und Servicecentern.","breadcrumb":{"@id":"https:\/\/kroneisl-stahl.com\/hu\/ihre-vorteile\/#breadcrumb"},"inLanguage":"hu","potentialAction":[{"@type":"ReadAction","target":["https:\/\/kroneisl-stahl.com\/hu\/ihre-vorteile\/"]}]},{"@type":"BreadcrumbList","@id":"https:\/\/kroneisl-stahl.com\/hu\/ihre-vorteile\/#breadcrumb","itemListElement":[{"@type":"ListItem","position":1,"name":"Home","item":"https:\/\/kroneisl-stahl.com\/hu\/"},{"@type":"ListItem","position":2,"name":"El\u0151ny\u00f6k"}]},{"@type":"WebSite","@id":"https:\/\/kroneisl-stahl.com\/#website","url":"https:\/\/kroneisl-stahl.com\/","name":"Kroneisl-Stahl","description":"","potentialAction":[{"@type":"SearchAction","target":{"@type":"EntryPoint","urlTemplate":"https:\/\/kroneisl-stahl.com\/?s={search_term_string}"},"query-input":"required name=search_term_string"}],"inLanguage":"hu"}]}},"_links":{"self":[{"href":"https:\/\/kroneisl-stahl.com\/hu\/wp-json\/wp\/v2\/pages\/724","targetHints":{"allow":["GET"]}}],"collection":[{"href":"https:\/\/kroneisl-stahl.com\/hu\/wp-json\/wp\/v2\/pages"}],"about":[{"href":"https:\/\/kroneisl-stahl.com\/hu\/wp-json\/wp\/v2\/types\/page"}],"author":[{"embeddable":true,"href":"https:\/\/kroneisl-stahl.com\/hu\/wp-json\/wp\/v2\/users\/1"}],"replies":[{"embeddable":true,"href":"https:\/\/kroneisl-stahl.com\/hu\/wp-json\/wp\/v2\/comments?post=724"}],"version-history":[{"count":11,"href":"https:\/\/kroneisl-stahl.com\/hu\/wp-json\/wp\/v2\/pages\/724\/revisions"}],"predecessor-version":[{"id":2708,"href":"https:\/\/kroneisl-stahl.com\/hu\/wp-json\/wp\/v2\/pages\/724\/revisions\/2708"}],"wp:featuredmedia":[{"embeddable":true,"href":"https:\/\/kroneisl-stahl.com\/hu\/wp-json\/wp\/v2\/media\/1800"}],"wp:attachment":[{"href":"https:\/\/kroneisl-stahl.com\/hu\/wp-json\/wp\/v2\/media?parent=724"}],"curies":[{"name":"wp","href":"https:\/\/api.w.org\/{rel}","templated":true}]}}