{"id":630,"date":"2017-07-24T20:51:37","date_gmt":"2017-07-24T20:51:37","guid":{"rendered":"https:\/\/kroneisl-stahl.com\/home"},"modified":"2024-10-04T10:00:24","modified_gmt":"2024-10-04T10:00:24","slug":"home","status":"publish","type":"page","link":"https:\/\/kroneisl-stahl.com\/hu\/","title":{"rendered":"Home"},"content":{"rendered":"","protected":false},"excerpt":{"rendered":"","protected":false},"author":1,"featured_media":0,"parent":0,"menu_order":0,"comment_status":"closed","ping_status":"closed","template":"home.php","meta":{"_acf_changed":false,"footnotes":""},"class_list":["post-630","page","type-page","status-publish","hentry"],"acf":[],"yoast_head":"<!-- This site is optimized with the Yoast SEO plugin v22.0 - https:\/\/yoast.com\/wordpress\/plugins\/seo\/ -->\n<title>KRONEISL STAHL - Az ac\u00e9llemez szak\u00e9rt\u0151je 1989 \u00f3ta<\/title>\n<meta name=\"description\" content=\"Kroneisl Stahl: \u00dcgyf\u00e9lk\u00f6zpont\u00fa partnere \u00e9s vezet\u0151 ac\u00e9llemez sz\u00e1ll\u00edt\u00f3ja. A legjobb kapcsolatok a legismertebb ac\u00e9lmalmok \u00e9s term\u00e9kek a legmagasabb min\u0151s\u00e9gi mindig rakt\u00e1ron. A k\u00f6vetkez\u0151ket sz\u00e1ll\u00edtjuk: \u2714 LAPOK \u2714 V\u00c1G\u00d3K \u2714 HOSSZAB\u00c1LYOK \u2714 EGYSZER\u0170 V\u00c1G\u00c1SI V\u00c1G\u00c1S\" \/>\n<meta name=\"robots\" content=\"index, follow, max-snippet:-1, max-image-preview:large, max-video-preview:-1\" \/>\n<link rel=\"canonical\" href=\"https:\/\/kroneisl-stahl.com\/hu\/\" \/>\n<meta property=\"og:locale\" content=\"hu_HU\" \/>\n<meta property=\"og:type\" content=\"article\" \/>\n<meta property=\"og:title\" content=\"KRONEISL STAHL - Az ac\u00e9llemez szak\u00e9rt\u0151je 1989 \u00f3ta\" \/>\n<meta property=\"og:description\" content=\"Kroneisl Stahl: \u00dcgyf\u00e9lk\u00f6zpont\u00fa partnere \u00e9s vezet\u0151 ac\u00e9llemez sz\u00e1ll\u00edt\u00f3ja. A legjobb kapcsolatok a legismertebb ac\u00e9lmalmok \u00e9s term\u00e9kek a legmagasabb min\u0151s\u00e9gi mindig rakt\u00e1ron. A k\u00f6vetkez\u0151ket sz\u00e1ll\u00edtjuk: \u2714 LAPOK \u2714 V\u00c1G\u00d3K \u2714 HOSSZAB\u00c1LYOK \u2714 EGYSZER\u0170 V\u00c1G\u00c1SI V\u00c1G\u00c1S\" \/>\n<meta property=\"og:url\" content=\"https:\/\/kroneisl-stahl.com\/hu\/\" \/>\n<meta property=\"og:site_name\" content=\"Kroneisl-Stahl\" \/>\n<meta property=\"article:modified_time\" content=\"2024-10-04T10:00:24+00:00\" \/>\n<meta name=\"twitter:card\" content=\"summary_large_image\" \/>\n<script type=\"application\/ld+json\" class=\"yoast-schema-graph\">{\"@context\":\"https:\/\/schema.org\",\"@graph\":[{\"@type\":\"WebPage\",\"@id\":\"https:\/\/kroneisl-stahl.com\/hu\/\",\"url\":\"https:\/\/kroneisl-stahl.com\/hu\/\",\"name\":\"KRONEISL STAHL - Az ac\u00e9llemez szak\u00e9rt\u0151je 1989 \u00f3ta\",\"isPartOf\":{\"@id\":\"https:\/\/kroneisl-stahl.com\/#website\"},\"datePublished\":\"2017-07-24T20:51:37+00:00\",\"dateModified\":\"2024-10-04T10:00:24+00:00\",\"description\":\"Kroneisl Stahl: \u00dcgyf\u00e9lk\u00f6zpont\u00fa partnere \u00e9s vezet\u0151 ac\u00e9llemez sz\u00e1ll\u00edt\u00f3ja. A legjobb kapcsolatok a legismertebb ac\u00e9lmalmok \u00e9s term\u00e9kek a legmagasabb min\u0151s\u00e9gi mindig rakt\u00e1ron. A k\u00f6vetkez\u0151ket sz\u00e1ll\u00edtjuk: \u2714 LAPOK \u2714 V\u00c1G\u00d3K \u2714 HOSSZAB\u00c1LYOK \u2714 EGYSZER\u0170 V\u00c1G\u00c1SI V\u00c1G\u00c1S\",\"breadcrumb\":{\"@id\":\"https:\/\/kroneisl-stahl.com\/hu\/#breadcrumb\"},\"inLanguage\":\"hu\",\"potentialAction\":[{\"@type\":\"ReadAction\",\"target\":[\"https:\/\/kroneisl-stahl.com\/hu\/\"]}]},{\"@type\":\"BreadcrumbList\",\"@id\":\"https:\/\/kroneisl-stahl.com\/hu\/#breadcrumb\",\"itemListElement\":[{\"@type\":\"ListItem\",\"position\":1,\"name\":\"Home\",\"item\":\"https:\/\/kroneisl-stahl.com\/hu\/\"},{\"@type\":\"ListItem\",\"position\":2,\"name\":\"Home\"}]},{\"@type\":\"WebSite\",\"@id\":\"https:\/\/kroneisl-stahl.com\/#website\",\"url\":\"https:\/\/kroneisl-stahl.com\/\",\"name\":\"Kroneisl-Stahl\",\"description\":\"\",\"potentialAction\":[{\"@type\":\"SearchAction\",\"target\":{\"@type\":\"EntryPoint\",\"urlTemplate\":\"https:\/\/kroneisl-stahl.com\/?s={search_term_string}\"},\"query-input\":\"required name=search_term_string\"}],\"inLanguage\":\"hu\"}]}<\/script>\n<!-- \/ Yoast SEO plugin. -->","yoast_head_json":{"title":"KRONEISL STAHL - Az ac\u00e9llemez szak\u00e9rt\u0151je 1989 \u00f3ta","description":"Kroneisl Stahl: \u00dcgyf\u00e9lk\u00f6zpont\u00fa partnere \u00e9s vezet\u0151 ac\u00e9llemez sz\u00e1ll\u00edt\u00f3ja. A legjobb kapcsolatok a legismertebb ac\u00e9lmalmok \u00e9s term\u00e9kek a legmagasabb min\u0151s\u00e9gi mindig rakt\u00e1ron. A k\u00f6vetkez\u0151ket sz\u00e1ll\u00edtjuk: \u2714 LAPOK \u2714 V\u00c1G\u00d3K \u2714 HOSSZAB\u00c1LYOK \u2714 EGYSZER\u0170 V\u00c1G\u00c1SI V\u00c1G\u00c1S","robots":{"index":"index","follow":"follow","max-snippet":"max-snippet:-1","max-image-preview":"max-image-preview:large","max-video-preview":"max-video-preview:-1"},"canonical":"https:\/\/kroneisl-stahl.com\/hu\/","og_locale":"hu_HU","og_type":"article","og_title":"KRONEISL STAHL - Az ac\u00e9llemez szak\u00e9rt\u0151je 1989 \u00f3ta","og_description":"Kroneisl Stahl: \u00dcgyf\u00e9lk\u00f6zpont\u00fa partnere \u00e9s vezet\u0151 ac\u00e9llemez sz\u00e1ll\u00edt\u00f3ja. A legjobb kapcsolatok a legismertebb ac\u00e9lmalmok \u00e9s term\u00e9kek a legmagasabb min\u0151s\u00e9gi mindig rakt\u00e1ron. A k\u00f6vetkez\u0151ket sz\u00e1ll\u00edtjuk: \u2714 LAPOK \u2714 V\u00c1G\u00d3K \u2714 HOSSZAB\u00c1LYOK \u2714 EGYSZER\u0170 V\u00c1G\u00c1SI V\u00c1G\u00c1S","og_url":"https:\/\/kroneisl-stahl.com\/hu\/","og_site_name":"Kroneisl-Stahl","article_modified_time":"2024-10-04T10:00:24+00:00","twitter_card":"summary_large_image","schema":{"@context":"https:\/\/schema.org","@graph":[{"@type":"WebPage","@id":"https:\/\/kroneisl-stahl.com\/hu\/","url":"https:\/\/kroneisl-stahl.com\/hu\/","name":"KRONEISL STAHL - Az ac\u00e9llemez szak\u00e9rt\u0151je 1989 \u00f3ta","isPartOf":{"@id":"https:\/\/kroneisl-stahl.com\/#website"},"datePublished":"2017-07-24T20:51:37+00:00","dateModified":"2024-10-04T10:00:24+00:00","description":"Kroneisl Stahl: \u00dcgyf\u00e9lk\u00f6zpont\u00fa partnere \u00e9s vezet\u0151 ac\u00e9llemez sz\u00e1ll\u00edt\u00f3ja. A legjobb kapcsolatok a legismertebb ac\u00e9lmalmok \u00e9s term\u00e9kek a legmagasabb min\u0151s\u00e9gi mindig rakt\u00e1ron. A k\u00f6vetkez\u0151ket sz\u00e1ll\u00edtjuk: \u2714 LAPOK \u2714 V\u00c1G\u00d3K \u2714 HOSSZAB\u00c1LYOK \u2714 EGYSZER\u0170 V\u00c1G\u00c1SI V\u00c1G\u00c1S","breadcrumb":{"@id":"https:\/\/kroneisl-stahl.com\/hu\/#breadcrumb"},"inLanguage":"hu","potentialAction":[{"@type":"ReadAction","target":["https:\/\/kroneisl-stahl.com\/hu\/"]}]},{"@type":"BreadcrumbList","@id":"https:\/\/kroneisl-stahl.com\/hu\/#breadcrumb","itemListElement":[{"@type":"ListItem","position":1,"name":"Home","item":"https:\/\/kroneisl-stahl.com\/hu\/"},{"@type":"ListItem","position":2,"name":"Home"}]},{"@type":"WebSite","@id":"https:\/\/kroneisl-stahl.com\/#website","url":"https:\/\/kroneisl-stahl.com\/","name":"Kroneisl-Stahl","description":"","potentialAction":[{"@type":"SearchAction","target":{"@type":"EntryPoint","urlTemplate":"https:\/\/kroneisl-stahl.com\/?s={search_term_string}"},"query-input":"required name=search_term_string"}],"inLanguage":"hu"}]}},"_links":{"self":[{"href":"https:\/\/kroneisl-stahl.com\/hu\/wp-json\/wp\/v2\/pages\/630","targetHints":{"allow":["GET"]}}],"collection":[{"href":"https:\/\/kroneisl-stahl.com\/hu\/wp-json\/wp\/v2\/pages"}],"about":[{"href":"https:\/\/kroneisl-stahl.com\/hu\/wp-json\/wp\/v2\/types\/page"}],"author":[{"embeddable":true,"href":"https:\/\/kroneisl-stahl.com\/hu\/wp-json\/wp\/v2\/users\/1"}],"replies":[{"embeddable":true,"href":"https:\/\/kroneisl-stahl.com\/hu\/wp-json\/wp\/v2\/comments?post=630"}],"version-history":[{"count":8,"href":"https:\/\/kroneisl-stahl.com\/hu\/wp-json\/wp\/v2\/pages\/630\/revisions"}],"predecessor-version":[{"id":3018,"href":"https:\/\/kroneisl-stahl.com\/hu\/wp-json\/wp\/v2\/pages\/630\/revisions\/3018"}],"wp:attachment":[{"href":"https:\/\/kroneisl-stahl.com\/hu\/wp-json\/wp\/v2\/media?parent=630"}],"curies":[{"name":"wp","href":"https:\/\/api.w.org\/{rel}","templated":true}]}}