{"id":594,"date":"2018-01-09T10:45:48","date_gmt":"2018-01-09T10:45:48","guid":{"rendered":"https:\/\/kroneisl-stahl.com\/chronik"},"modified":"2019-10-01T19:25:25","modified_gmt":"2019-10-01T19:25:25","slug":"a-vallalat-toertenete","status":"publish","type":"page","link":"https:\/\/kroneisl-stahl.com\/hu\/a-vallalat-toertenete\/","title":{"rendered":"A V\u00e1llalat T\u00f6rt\u00e9nete"},"content":{"rendered":"<p><span id=\"result_box\" class=\"\" lang=\"hu\" tabindex=\"-1\"><span class=\"\">Szeretn\u00e9nk r\u00f6viden betekinteni a t\u00f6rt\u00e9nelembe.<\/span><\/span><\/p>\n","protected":false},"excerpt":{"rendered":"<p>Szeretn\u00e9nk r\u00f6viden betekinteni a t\u00f6rt\u00e9nelembe.<\/p>\n","protected":false},"author":3,"featured_media":1369,"parent":0,"menu_order":0,"comment_status":"closed","ping_status":"closed","template":"chronik.php","meta":{"_acf_changed":false,"footnotes":""},"class_list":["post-594","page","type-page","status-publish","has-post-thumbnail","hentry"],"acf":[],"yoast_head":"<!-- This site is optimized with the Yoast SEO plugin v22.0 - https:\/\/yoast.com\/wordpress\/plugins\/seo\/ -->\n<title>A V\u00e1llalat T\u00f6rt\u00e9nete - Kroneisl-Stahl<\/title>\n<meta name=\"description\" content=\"R\u00f6vid betekint\u00e9st nyerhet a Kroneisl-Stahl Handels GmbH t\u00f6rt\u00e9net\u00e9be, \u00e9s t\u00f6bbet tudhat meg a v\u00e1llalat m\u00e9rf\u00f6ldk\u00f6veir\u0151l.\" \/>\n<meta name=\"robots\" content=\"index, follow, max-snippet:-1, max-image-preview:large, max-video-preview:-1\" \/>\n<link rel=\"canonical\" href=\"https:\/\/kroneisl-stahl.com\/hu\/a-vallalat-toertenete\/\" \/>\n<meta property=\"og:locale\" content=\"hu_HU\" \/>\n<meta property=\"og:type\" content=\"article\" \/>\n<meta property=\"og:title\" content=\"A V\u00e1llalat T\u00f6rt\u00e9nete - Kroneisl-Stahl\" \/>\n<meta property=\"og:description\" content=\"R\u00f6vid betekint\u00e9st nyerhet a Kroneisl-Stahl Handels GmbH t\u00f6rt\u00e9net\u00e9be, \u00e9s t\u00f6bbet tudhat meg a v\u00e1llalat m\u00e9rf\u00f6ldk\u00f6veir\u0151l.\" \/>\n<meta property=\"og:url\" content=\"https:\/\/kroneisl-stahl.com\/hu\/a-vallalat-toertenete\/\" \/>\n<meta property=\"og:site_name\" content=\"Kroneisl-Stahl\" \/>\n<meta property=\"article:modified_time\" content=\"2019-10-01T19:25:25+00:00\" \/>\n<meta property=\"og:image\" content=\"https:\/\/kroneisl-stahl.com\/wp-content\/uploads\/2018\/06\/timeline-background.jpg\" \/>\n\t<meta property=\"og:image:width\" content=\"2000\" \/>\n\t<meta property=\"og:image:height\" content=\"753\" \/>\n\t<meta property=\"og:image:type\" content=\"image\/jpeg\" \/>\n<meta name=\"twitter:card\" content=\"summary_large_image\" \/>\n<script type=\"application\/ld+json\" class=\"yoast-schema-graph\">{\"@context\":\"https:\/\/schema.org\",\"@graph\":[{\"@type\":\"WebPage\",\"@id\":\"https:\/\/kroneisl-stahl.com\/hu\/a-vallalat-toertenete\/\",\"url\":\"https:\/\/kroneisl-stahl.com\/hu\/a-vallalat-toertenete\/\",\"name\":\"A V\u00e1llalat T\u00f6rt\u00e9nete - Kroneisl-Stahl\",\"isPartOf\":{\"@id\":\"https:\/\/kroneisl-stahl.com\/#website\"},\"datePublished\":\"2018-01-09T10:45:48+00:00\",\"dateModified\":\"2019-10-01T19:25:25+00:00\",\"description\":\"R\u00f6vid betekint\u00e9st nyerhet a Kroneisl-Stahl Handels GmbH t\u00f6rt\u00e9net\u00e9be, \u00e9s t\u00f6bbet tudhat meg a v\u00e1llalat m\u00e9rf\u00f6ldk\u00f6veir\u0151l.\",\"breadcrumb\":{\"@id\":\"https:\/\/kroneisl-stahl.com\/hu\/a-vallalat-toertenete\/#breadcrumb\"},\"inLanguage\":\"hu\",\"potentialAction\":[{\"@type\":\"ReadAction\",\"target\":[\"https:\/\/kroneisl-stahl.com\/hu\/a-vallalat-toertenete\/\"]}]},{\"@type\":\"BreadcrumbList\",\"@id\":\"https:\/\/kroneisl-stahl.com\/hu\/a-vallalat-toertenete\/#breadcrumb\",\"itemListElement\":[{\"@type\":\"ListItem\",\"position\":1,\"name\":\"Home\",\"item\":\"https:\/\/kroneisl-stahl.com\/hu\/\"},{\"@type\":\"ListItem\",\"position\":2,\"name\":\"A V\u00e1llalat T\u00f6rt\u00e9nete\"}]},{\"@type\":\"WebSite\",\"@id\":\"https:\/\/kroneisl-stahl.com\/#website\",\"url\":\"https:\/\/kroneisl-stahl.com\/\",\"name\":\"Kroneisl-Stahl\",\"description\":\"\",\"potentialAction\":[{\"@type\":\"SearchAction\",\"target\":{\"@type\":\"EntryPoint\",\"urlTemplate\":\"https:\/\/kroneisl-stahl.com\/?s={search_term_string}\"},\"query-input\":\"required name=search_term_string\"}],\"inLanguage\":\"hu\"}]}<\/script>\n<!-- \/ Yoast SEO plugin. -->","yoast_head_json":{"title":"A V\u00e1llalat T\u00f6rt\u00e9nete - Kroneisl-Stahl","description":"R\u00f6vid betekint\u00e9st nyerhet a Kroneisl-Stahl Handels GmbH t\u00f6rt\u00e9net\u00e9be, \u00e9s t\u00f6bbet tudhat meg a v\u00e1llalat m\u00e9rf\u00f6ldk\u00f6veir\u0151l.","robots":{"index":"index","follow":"follow","max-snippet":"max-snippet:-1","max-image-preview":"max-image-preview:large","max-video-preview":"max-video-preview:-1"},"canonical":"https:\/\/kroneisl-stahl.com\/hu\/a-vallalat-toertenete\/","og_locale":"hu_HU","og_type":"article","og_title":"A V\u00e1llalat T\u00f6rt\u00e9nete - Kroneisl-Stahl","og_description":"R\u00f6vid betekint\u00e9st nyerhet a Kroneisl-Stahl Handels GmbH t\u00f6rt\u00e9net\u00e9be, \u00e9s t\u00f6bbet tudhat meg a v\u00e1llalat m\u00e9rf\u00f6ldk\u00f6veir\u0151l.","og_url":"https:\/\/kroneisl-stahl.com\/hu\/a-vallalat-toertenete\/","og_site_name":"Kroneisl-Stahl","article_modified_time":"2019-10-01T19:25:25+00:00","og_image":[{"width":2000,"height":753,"url":"https:\/\/kroneisl-stahl.com\/wp-content\/uploads\/2018\/06\/timeline-background.jpg","type":"image\/jpeg"}],"twitter_card":"summary_large_image","schema":{"@context":"https:\/\/schema.org","@graph":[{"@type":"WebPage","@id":"https:\/\/kroneisl-stahl.com\/hu\/a-vallalat-toertenete\/","url":"https:\/\/kroneisl-stahl.com\/hu\/a-vallalat-toertenete\/","name":"A V\u00e1llalat T\u00f6rt\u00e9nete - Kroneisl-Stahl","isPartOf":{"@id":"https:\/\/kroneisl-stahl.com\/#website"},"datePublished":"2018-01-09T10:45:48+00:00","dateModified":"2019-10-01T19:25:25+00:00","description":"R\u00f6vid betekint\u00e9st nyerhet a Kroneisl-Stahl Handels GmbH t\u00f6rt\u00e9net\u00e9be, \u00e9s t\u00f6bbet tudhat meg a v\u00e1llalat m\u00e9rf\u00f6ldk\u00f6veir\u0151l.","breadcrumb":{"@id":"https:\/\/kroneisl-stahl.com\/hu\/a-vallalat-toertenete\/#breadcrumb"},"inLanguage":"hu","potentialAction":[{"@type":"ReadAction","target":["https:\/\/kroneisl-stahl.com\/hu\/a-vallalat-toertenete\/"]}]},{"@type":"BreadcrumbList","@id":"https:\/\/kroneisl-stahl.com\/hu\/a-vallalat-toertenete\/#breadcrumb","itemListElement":[{"@type":"ListItem","position":1,"name":"Home","item":"https:\/\/kroneisl-stahl.com\/hu\/"},{"@type":"ListItem","position":2,"name":"A V\u00e1llalat T\u00f6rt\u00e9nete"}]},{"@type":"WebSite","@id":"https:\/\/kroneisl-stahl.com\/#website","url":"https:\/\/kroneisl-stahl.com\/","name":"Kroneisl-Stahl","description":"","potentialAction":[{"@type":"SearchAction","target":{"@type":"EntryPoint","urlTemplate":"https:\/\/kroneisl-stahl.com\/?s={search_term_string}"},"query-input":"required name=search_term_string"}],"inLanguage":"hu"}]}},"_links":{"self":[{"href":"https:\/\/kroneisl-stahl.com\/hu\/wp-json\/wp\/v2\/pages\/594","targetHints":{"allow":["GET"]}}],"collection":[{"href":"https:\/\/kroneisl-stahl.com\/hu\/wp-json\/wp\/v2\/pages"}],"about":[{"href":"https:\/\/kroneisl-stahl.com\/hu\/wp-json\/wp\/v2\/types\/page"}],"author":[{"embeddable":true,"href":"https:\/\/kroneisl-stahl.com\/hu\/wp-json\/wp\/v2\/users\/3"}],"replies":[{"embeddable":true,"href":"https:\/\/kroneisl-stahl.com\/hu\/wp-json\/wp\/v2\/comments?post=594"}],"version-history":[{"count":3,"href":"https:\/\/kroneisl-stahl.com\/hu\/wp-json\/wp\/v2\/pages\/594\/revisions"}],"predecessor-version":[{"id":2711,"href":"https:\/\/kroneisl-stahl.com\/hu\/wp-json\/wp\/v2\/pages\/594\/revisions\/2711"}],"wp:featuredmedia":[{"embeddable":true,"href":"https:\/\/kroneisl-stahl.com\/hu\/wp-json\/wp\/v2\/media\/1369"}],"wp:attachment":[{"href":"https:\/\/kroneisl-stahl.com\/hu\/wp-json\/wp\/v2\/media?parent=594"}],"curies":[{"name":"wp","href":"https:\/\/api.w.org\/{rel}","templated":true}]}}