{"id":202,"date":"2017-11-16T13:26:20","date_gmt":"2017-11-16T13:26:20","guid":{"rendered":"https:\/\/kroneisl-stahl.com?page_id=202"},"modified":"2019-10-01T19:25:36","modified_gmt":"2019-10-01T19:25:36","slug":"tekercs-szamologep","status":"publish","type":"page","link":"https:\/\/kroneisl-stahl.com\/hu\/tekercs-szamologep\/","title":{"rendered":"Tekercsm\u00e9retek \u00e9s Csomagmagass\u00e1gok"},"content":{"rendered":"<p>Ezen az oldalon a bels\u0151 \u00e1tm\u00e9r\u0151, a k\u00fcls\u0151 \u00e1tm\u00e9r\u0151 \u00e9s a szalagsz\u00e9less\u00e9g alapj\u00e1n kisz\u00e1m\u00edthatja a tekercsek, ill. a has\u00edtott szalagok t\u00f6meg\u00e9t. Kisz\u00e1m\u00edthatja tov\u00e1bb\u00e1 az egyes lemezt\u00e1bl\u00e1k \u00e9s komplett csomagok t\u00f6meg\u00e9t, illetve a rakom\u00e1ny magass\u00e1g\u00e1t.<\/p>\n","protected":false},"excerpt":{"rendered":"<p>Ezen az oldalon a bels\u0151 \u00e1tm\u00e9r\u0151, a k\u00fcls\u0151 \u00e1tm\u00e9r\u0151 \u00e9s a szalagsz\u00e9less\u00e9g alapj\u00e1n kisz\u00e1m\u00edthatja a tekercsek, ill. a has\u00edtott szalagok t\u00f6meg\u00e9t. Kisz\u00e1m\u00edthatja tov\u00e1bb\u00e1 az egyes lemezt\u00e1bl\u00e1k \u00e9s komplett csomagok t\u00f6meg\u00e9t, illetve a rakom\u00e1ny magass\u00e1g\u00e1t.<\/p>\n","protected":false},"author":1,"featured_media":1812,"parent":0,"menu_order":0,"comment_status":"closed","ping_status":"closed","template":"coil.php","meta":{"_acf_changed":false,"footnotes":""},"class_list":["post-202","page","type-page","status-publish","has-post-thumbnail","hentry"],"acf":[],"yoast_head":"<!-- This site is optimized with the Yoast SEO plugin v22.0 - https:\/\/yoast.com\/wordpress\/plugins\/seo\/ -->\n<title>Tekercsm\u00e9retek \u00e9s Csomagmagass\u00e1gok - Kroneisl-Stahl<\/title>\n<meta name=\"description\" content=\"Sz\u00e1m\u00edtsa ki tekercs\u00e9nek \u00e9rt\u00e9keit a tekercs sz\u00e1mol\u00f3g\u00e9ppel. A k\u00fcls\u0151 \u00e1tm\u00e9r\u0151 (ad), a bels\u0151 \u00e1tm\u00e9r\u0151 (id), a s\u00e1vsz\u00e9less\u00e9g (b) \u00e9s a s\u00faly k\u00f6nnyen meghat\u00e1rozhat\u00f3.\" \/>\n<meta name=\"robots\" content=\"index, follow, max-snippet:-1, max-image-preview:large, max-video-preview:-1\" \/>\n<link rel=\"canonical\" href=\"https:\/\/kroneisl-stahl.com\/hu\/tekercs-szamologep\/\" \/>\n<meta property=\"og:locale\" content=\"hu_HU\" \/>\n<meta property=\"og:type\" content=\"article\" \/>\n<meta property=\"og:title\" content=\"Tekercsm\u00e9retek \u00e9s Csomagmagass\u00e1gok - Kroneisl-Stahl\" \/>\n<meta property=\"og:description\" content=\"Sz\u00e1m\u00edtsa ki tekercs\u00e9nek \u00e9rt\u00e9keit a tekercs sz\u00e1mol\u00f3g\u00e9ppel. A k\u00fcls\u0151 \u00e1tm\u00e9r\u0151 (ad), a bels\u0151 \u00e1tm\u00e9r\u0151 (id), a s\u00e1vsz\u00e9less\u00e9g (b) \u00e9s a s\u00faly k\u00f6nnyen meghat\u00e1rozhat\u00f3.\" \/>\n<meta property=\"og:url\" content=\"https:\/\/kroneisl-stahl.com\/hu\/tekercs-szamologep\/\" \/>\n<meta property=\"og:site_name\" content=\"Kroneisl-Stahl\" \/>\n<meta property=\"article:modified_time\" content=\"2019-10-01T19:25:36+00:00\" \/>\n<meta property=\"og:image\" content=\"https:\/\/kroneisl-stahl.com\/wp-content\/uploads\/2018\/06\/steel-stock-backgournd.jpg\" \/>\n\t<meta property=\"og:image:width\" content=\"2000\" \/>\n\t<meta property=\"og:image:height\" content=\"753\" \/>\n\t<meta property=\"og:image:type\" content=\"image\/jpeg\" \/>\n<meta name=\"twitter:card\" content=\"summary_large_image\" \/>\n<script type=\"application\/ld+json\" class=\"yoast-schema-graph\">{\"@context\":\"https:\/\/schema.org\",\"@graph\":[{\"@type\":\"WebPage\",\"@id\":\"https:\/\/kroneisl-stahl.com\/hu\/tekercs-szamologep\/\",\"url\":\"https:\/\/kroneisl-stahl.com\/hu\/tekercs-szamologep\/\",\"name\":\"Tekercsm\u00e9retek \u00e9s Csomagmagass\u00e1gok - Kroneisl-Stahl\",\"isPartOf\":{\"@id\":\"https:\/\/kroneisl-stahl.com\/#website\"},\"datePublished\":\"2017-11-16T13:26:20+00:00\",\"dateModified\":\"2019-10-01T19:25:36+00:00\",\"description\":\"Sz\u00e1m\u00edtsa ki tekercs\u00e9nek \u00e9rt\u00e9keit a tekercs sz\u00e1mol\u00f3g\u00e9ppel. A k\u00fcls\u0151 \u00e1tm\u00e9r\u0151 (ad), a bels\u0151 \u00e1tm\u00e9r\u0151 (id), a s\u00e1vsz\u00e9less\u00e9g (b) \u00e9s a s\u00faly k\u00f6nnyen meghat\u00e1rozhat\u00f3.\",\"breadcrumb\":{\"@id\":\"https:\/\/kroneisl-stahl.com\/hu\/tekercs-szamologep\/#breadcrumb\"},\"inLanguage\":\"hu\",\"potentialAction\":[{\"@type\":\"ReadAction\",\"target\":[\"https:\/\/kroneisl-stahl.com\/hu\/tekercs-szamologep\/\"]}]},{\"@type\":\"BreadcrumbList\",\"@id\":\"https:\/\/kroneisl-stahl.com\/hu\/tekercs-szamologep\/#breadcrumb\",\"itemListElement\":[{\"@type\":\"ListItem\",\"position\":1,\"name\":\"Home\",\"item\":\"https:\/\/kroneisl-stahl.com\/hu\/\"},{\"@type\":\"ListItem\",\"position\":2,\"name\":\"Tekercsm\u00e9retek \u00e9s Csomagmagass\u00e1gok\"}]},{\"@type\":\"WebSite\",\"@id\":\"https:\/\/kroneisl-stahl.com\/#website\",\"url\":\"https:\/\/kroneisl-stahl.com\/\",\"name\":\"Kroneisl-Stahl\",\"description\":\"\",\"potentialAction\":[{\"@type\":\"SearchAction\",\"target\":{\"@type\":\"EntryPoint\",\"urlTemplate\":\"https:\/\/kroneisl-stahl.com\/?s={search_term_string}\"},\"query-input\":\"required name=search_term_string\"}],\"inLanguage\":\"hu\"}]}<\/script>\n<!-- \/ Yoast SEO plugin. -->","yoast_head_json":{"title":"Tekercsm\u00e9retek \u00e9s Csomagmagass\u00e1gok - Kroneisl-Stahl","description":"Sz\u00e1m\u00edtsa ki tekercs\u00e9nek \u00e9rt\u00e9keit a tekercs sz\u00e1mol\u00f3g\u00e9ppel. A k\u00fcls\u0151 \u00e1tm\u00e9r\u0151 (ad), a bels\u0151 \u00e1tm\u00e9r\u0151 (id), a s\u00e1vsz\u00e9less\u00e9g (b) \u00e9s a s\u00faly k\u00f6nnyen meghat\u00e1rozhat\u00f3.","robots":{"index":"index","follow":"follow","max-snippet":"max-snippet:-1","max-image-preview":"max-image-preview:large","max-video-preview":"max-video-preview:-1"},"canonical":"https:\/\/kroneisl-stahl.com\/hu\/tekercs-szamologep\/","og_locale":"hu_HU","og_type":"article","og_title":"Tekercsm\u00e9retek \u00e9s Csomagmagass\u00e1gok - Kroneisl-Stahl","og_description":"Sz\u00e1m\u00edtsa ki tekercs\u00e9nek \u00e9rt\u00e9keit a tekercs sz\u00e1mol\u00f3g\u00e9ppel. A k\u00fcls\u0151 \u00e1tm\u00e9r\u0151 (ad), a bels\u0151 \u00e1tm\u00e9r\u0151 (id), a s\u00e1vsz\u00e9less\u00e9g (b) \u00e9s a s\u00faly k\u00f6nnyen meghat\u00e1rozhat\u00f3.","og_url":"https:\/\/kroneisl-stahl.com\/hu\/tekercs-szamologep\/","og_site_name":"Kroneisl-Stahl","article_modified_time":"2019-10-01T19:25:36+00:00","og_image":[{"width":2000,"height":753,"url":"https:\/\/kroneisl-stahl.com\/wp-content\/uploads\/2018\/06\/steel-stock-backgournd.jpg","type":"image\/jpeg"}],"twitter_card":"summary_large_image","schema":{"@context":"https:\/\/schema.org","@graph":[{"@type":"WebPage","@id":"https:\/\/kroneisl-stahl.com\/hu\/tekercs-szamologep\/","url":"https:\/\/kroneisl-stahl.com\/hu\/tekercs-szamologep\/","name":"Tekercsm\u00e9retek \u00e9s Csomagmagass\u00e1gok - Kroneisl-Stahl","isPartOf":{"@id":"https:\/\/kroneisl-stahl.com\/#website"},"datePublished":"2017-11-16T13:26:20+00:00","dateModified":"2019-10-01T19:25:36+00:00","description":"Sz\u00e1m\u00edtsa ki tekercs\u00e9nek \u00e9rt\u00e9keit a tekercs sz\u00e1mol\u00f3g\u00e9ppel. A k\u00fcls\u0151 \u00e1tm\u00e9r\u0151 (ad), a bels\u0151 \u00e1tm\u00e9r\u0151 (id), a s\u00e1vsz\u00e9less\u00e9g (b) \u00e9s a s\u00faly k\u00f6nnyen meghat\u00e1rozhat\u00f3.","breadcrumb":{"@id":"https:\/\/kroneisl-stahl.com\/hu\/tekercs-szamologep\/#breadcrumb"},"inLanguage":"hu","potentialAction":[{"@type":"ReadAction","target":["https:\/\/kroneisl-stahl.com\/hu\/tekercs-szamologep\/"]}]},{"@type":"BreadcrumbList","@id":"https:\/\/kroneisl-stahl.com\/hu\/tekercs-szamologep\/#breadcrumb","itemListElement":[{"@type":"ListItem","position":1,"name":"Home","item":"https:\/\/kroneisl-stahl.com\/hu\/"},{"@type":"ListItem","position":2,"name":"Tekercsm\u00e9retek \u00e9s Csomagmagass\u00e1gok"}]},{"@type":"WebSite","@id":"https:\/\/kroneisl-stahl.com\/#website","url":"https:\/\/kroneisl-stahl.com\/","name":"Kroneisl-Stahl","description":"","potentialAction":[{"@type":"SearchAction","target":{"@type":"EntryPoint","urlTemplate":"https:\/\/kroneisl-stahl.com\/?s={search_term_string}"},"query-input":"required name=search_term_string"}],"inLanguage":"hu"}]}},"_links":{"self":[{"href":"https:\/\/kroneisl-stahl.com\/hu\/wp-json\/wp\/v2\/pages\/202","targetHints":{"allow":["GET"]}}],"collection":[{"href":"https:\/\/kroneisl-stahl.com\/hu\/wp-json\/wp\/v2\/pages"}],"about":[{"href":"https:\/\/kroneisl-stahl.com\/hu\/wp-json\/wp\/v2\/types\/page"}],"author":[{"embeddable":true,"href":"https:\/\/kroneisl-stahl.com\/hu\/wp-json\/wp\/v2\/users\/1"}],"replies":[{"embeddable":true,"href":"https:\/\/kroneisl-stahl.com\/hu\/wp-json\/wp\/v2\/comments?post=202"}],"version-history":[{"count":8,"href":"https:\/\/kroneisl-stahl.com\/hu\/wp-json\/wp\/v2\/pages\/202\/revisions"}],"predecessor-version":[{"id":2712,"href":"https:\/\/kroneisl-stahl.com\/hu\/wp-json\/wp\/v2\/pages\/202\/revisions\/2712"}],"wp:featuredmedia":[{"embeddable":true,"href":"https:\/\/kroneisl-stahl.com\/hu\/wp-json\/wp\/v2\/media\/1812"}],"wp:attachment":[{"href":"https:\/\/kroneisl-stahl.com\/hu\/wp-json\/wp\/v2\/media?parent=202"}],"curies":[{"name":"wp","href":"https:\/\/api.w.org\/{rel}","templated":true}]}}