{"id":1905,"date":"2018-07-16T22:28:55","date_gmt":"2018-07-16T22:28:55","guid":{"rendered":"https:\/\/kroneisl-stahl.com\/impressum"},"modified":"2024-03-23T15:37:08","modified_gmt":"2024-03-23T15:37:08","slug":"impressum","status":"publish","type":"page","link":"https:\/\/kroneisl-stahl.com\/hu\/impressum\/","title":{"rendered":"Impressum"},"content":{"rendered":"<h2>Informationen gem\u00e4\u00df \u00a7 5 ECG und Impressum<\/h2>\n<p>Kroneisl-Stahl Handels GesmbH<br \/>\n4030 Linz, Wiener Str. 322<\/p>\n<p>Tel. +43 (0)732 31 23 63 &#8211; 0<br \/>\nFax +43 (0) 732 31 23 63 &#8211; 33<br \/>\ne-Mail: stahl@kroneisl.at<\/p>\n<p>K\u00f6zpont: Linz<br \/>\nC\u00e9gb\u00edr\u00f3s\u00e1g: Landesgericht Linz, FN 87444w<br \/>\nUID-sz\u00e1m: ATU23262804<\/p>\n<h2>JOGI<\/h2>\n<p>A Kroneisl-Stahl Handels GesmbH folyamatosan ellen\u0151rzi \u00e9s friss\u00edti az inform\u00e1ci\u00f3kat a honlapj\u00e1n. Az ell\u00e1t\u00e1s ellen\u00e9re az adatok id\u0151k\u00f6zben megv\u00e1ltoztak. A felt\u00fcntetett adatok id\u0151szer\u0171s\u00e9g\u00e9re, pontoss\u00e1g\u00e1ra \u00e9s teljess\u00e9g\u00e9re vonatkoz\u00f3 felel\u0151ss\u00e9g vagy garancia teh\u00e1t nem felt\u00e9telezhet\u0151. Ugyanez vonatkozik minden m\u00e1s weboldalra is, amelyekre a hivatkoz\u00e1s hivatkozik. Az ilyen webhelyekhez val\u00f3 csatlakoz\u00e1s a saj\u00e1t felel\u0151ss\u00e9g\u00e9re t\u00f6rt\u00e9nik. A Kroneisl-Stahl Handels GesmbH nem v\u00e1llal felel\u0151ss\u00e9get az ilyen kapcsolat eredm\u00e9nyek\u00e9nt el\u00e9rt weboldalak tartalm\u00e1\u00e9rt.<\/p>\n<p>A Kroneisl-Stahl honlapjainak tartalma \u00e9s szerkezete szerz\u0151i jogv\u00e9delem alatt \u00e1ll. Az inform\u00e1ci\u00f3k vagy adatok megkett\u0151z\u00e9se, k\u00fcl\u00f6n\u00f6sen a sz\u00f6vegek, sz\u00f6vegr\u00e9szek vagy k\u00e9panyagok felhaszn\u00e1l\u00e1sa a Kroneisl-Stahl Handels GesmbH el\u0151zetes hozz\u00e1j\u00e1rul\u00e1s\u00e1t ig\u00e9nyli.<\/p>\n","protected":false},"excerpt":{"rendered":"<p>Informationen gem\u00e4\u00df \u00a7 5 ECG und Impressum Kroneisl-Stahl Handels GesmbH 4030 Linz, Wiener Str. 322 Tel. +43 (0)732 31 23 63 &#8211; 0 Fax +43 (0) 732 31 23 63 &#8211; 33 e-Mail: stahl@kroneisl.at K\u00f6zpont: Linz C\u00e9gb\u00edr\u00f3s\u00e1g: Landesgericht Linz, FN 87444w UID-sz\u00e1m: ATU23262804 JOGI A Kroneisl-Stahl Handels GesmbH folyamatosan ellen\u0151rzi \u00e9s friss\u00edti az inform\u00e1ci\u00f3kat a &hellip; <a href=\"https:\/\/kroneisl-stahl.com\/hu\/impressum\/\">Continued<\/a><\/p>\n","protected":false},"author":3,"featured_media":1812,"parent":0,"menu_order":0,"comment_status":"closed","ping_status":"closed","template":"blog-single.php","meta":{"_acf_changed":false,"footnotes":""},"class_list":["post-1905","page","type-page","status-publish","has-post-thumbnail","hentry"],"acf":[],"yoast_head":"<!-- This site is optimized with the Yoast SEO plugin v22.0 - https:\/\/yoast.com\/wordpress\/plugins\/seo\/ -->\n<title>Impressum - Kroneisl-Stahl<\/title>\n<meta name=\"robots\" content=\"index, follow, max-snippet:-1, max-image-preview:large, max-video-preview:-1\" \/>\n<link rel=\"canonical\" href=\"https:\/\/kroneisl-stahl.com\/hu\/impressum\/\" \/>\n<meta property=\"og:locale\" content=\"hu_HU\" \/>\n<meta property=\"og:type\" content=\"article\" \/>\n<meta property=\"og:title\" content=\"Impressum - Kroneisl-Stahl\" \/>\n<meta property=\"og:description\" content=\"Informationen gem\u00e4\u00df \u00a7 5 ECG und Impressum Kroneisl-Stahl Handels GesmbH 4030 Linz, Wiener Str. 322 Tel. +43 (0)732 31 23 63 &#8211; 0 Fax +43 (0) 732 31 23 63 &#8211; 33 e-Mail: stahl@kroneisl.at K\u00f6zpont: Linz C\u00e9gb\u00edr\u00f3s\u00e1g: Landesgericht Linz, FN 87444w UID-sz\u00e1m: ATU23262804 JOGI A Kroneisl-Stahl Handels GesmbH folyamatosan ellen\u0151rzi \u00e9s friss\u00edti az inform\u00e1ci\u00f3kat a &hellip; Continued\" \/>\n<meta property=\"og:url\" content=\"https:\/\/kroneisl-stahl.com\/hu\/impressum\/\" \/>\n<meta property=\"og:site_name\" content=\"Kroneisl-Stahl\" \/>\n<meta property=\"article:modified_time\" content=\"2024-03-23T15:37:08+00:00\" \/>\n<meta property=\"og:image\" content=\"https:\/\/kroneisl-stahl.com\/wp-content\/uploads\/2018\/06\/steel-stock-backgournd.jpg\" \/>\n\t<meta property=\"og:image:width\" content=\"2000\" \/>\n\t<meta property=\"og:image:height\" content=\"753\" \/>\n\t<meta property=\"og:image:type\" content=\"image\/jpeg\" \/>\n<meta name=\"twitter:card\" content=\"summary_large_image\" \/>\n<meta name=\"twitter:label1\" content=\"Becs\u00fclt olvas\u00e1si id\u0151\" \/>\n\t<meta name=\"twitter:data1\" content=\"1 perc\" \/>\n<script type=\"application\/ld+json\" class=\"yoast-schema-graph\">{\"@context\":\"https:\/\/schema.org\",\"@graph\":[{\"@type\":\"WebPage\",\"@id\":\"https:\/\/kroneisl-stahl.com\/hu\/impressum\/\",\"url\":\"https:\/\/kroneisl-stahl.com\/hu\/impressum\/\",\"name\":\"Impressum - Kroneisl-Stahl\",\"isPartOf\":{\"@id\":\"https:\/\/kroneisl-stahl.com\/#website\"},\"datePublished\":\"2018-07-16T22:28:55+00:00\",\"dateModified\":\"2024-03-23T15:37:08+00:00\",\"breadcrumb\":{\"@id\":\"https:\/\/kroneisl-stahl.com\/hu\/impressum\/#breadcrumb\"},\"inLanguage\":\"hu\",\"potentialAction\":[{\"@type\":\"ReadAction\",\"target\":[\"https:\/\/kroneisl-stahl.com\/hu\/impressum\/\"]}]},{\"@type\":\"BreadcrumbList\",\"@id\":\"https:\/\/kroneisl-stahl.com\/hu\/impressum\/#breadcrumb\",\"itemListElement\":[{\"@type\":\"ListItem\",\"position\":1,\"name\":\"Home\",\"item\":\"https:\/\/kroneisl-stahl.com\/hu\/\"},{\"@type\":\"ListItem\",\"position\":2,\"name\":\"Impressum\"}]},{\"@type\":\"WebSite\",\"@id\":\"https:\/\/kroneisl-stahl.com\/#website\",\"url\":\"https:\/\/kroneisl-stahl.com\/\",\"name\":\"Kroneisl-Stahl\",\"description\":\"\",\"potentialAction\":[{\"@type\":\"SearchAction\",\"target\":{\"@type\":\"EntryPoint\",\"urlTemplate\":\"https:\/\/kroneisl-stahl.com\/?s={search_term_string}\"},\"query-input\":\"required name=search_term_string\"}],\"inLanguage\":\"hu\"}]}<\/script>\n<!-- \/ Yoast SEO plugin. -->","yoast_head_json":{"title":"Impressum - Kroneisl-Stahl","robots":{"index":"index","follow":"follow","max-snippet":"max-snippet:-1","max-image-preview":"max-image-preview:large","max-video-preview":"max-video-preview:-1"},"canonical":"https:\/\/kroneisl-stahl.com\/hu\/impressum\/","og_locale":"hu_HU","og_type":"article","og_title":"Impressum - Kroneisl-Stahl","og_description":"Informationen gem\u00e4\u00df \u00a7 5 ECG und Impressum Kroneisl-Stahl Handels GesmbH 4030 Linz, Wiener Str. 322 Tel. +43 (0)732 31 23 63 &#8211; 0 Fax +43 (0) 732 31 23 63 &#8211; 33 e-Mail: stahl@kroneisl.at K\u00f6zpont: Linz C\u00e9gb\u00edr\u00f3s\u00e1g: Landesgericht Linz, FN 87444w UID-sz\u00e1m: ATU23262804 JOGI A Kroneisl-Stahl Handels GesmbH folyamatosan ellen\u0151rzi \u00e9s friss\u00edti az inform\u00e1ci\u00f3kat a &hellip; Continued","og_url":"https:\/\/kroneisl-stahl.com\/hu\/impressum\/","og_site_name":"Kroneisl-Stahl","article_modified_time":"2024-03-23T15:37:08+00:00","og_image":[{"width":2000,"height":753,"url":"https:\/\/kroneisl-stahl.com\/wp-content\/uploads\/2018\/06\/steel-stock-backgournd.jpg","type":"image\/jpeg"}],"twitter_card":"summary_large_image","twitter_misc":{"Becs\u00fclt olvas\u00e1si id\u0151":"1 perc"},"schema":{"@context":"https:\/\/schema.org","@graph":[{"@type":"WebPage","@id":"https:\/\/kroneisl-stahl.com\/hu\/impressum\/","url":"https:\/\/kroneisl-stahl.com\/hu\/impressum\/","name":"Impressum - Kroneisl-Stahl","isPartOf":{"@id":"https:\/\/kroneisl-stahl.com\/#website"},"datePublished":"2018-07-16T22:28:55+00:00","dateModified":"2024-03-23T15:37:08+00:00","breadcrumb":{"@id":"https:\/\/kroneisl-stahl.com\/hu\/impressum\/#breadcrumb"},"inLanguage":"hu","potentialAction":[{"@type":"ReadAction","target":["https:\/\/kroneisl-stahl.com\/hu\/impressum\/"]}]},{"@type":"BreadcrumbList","@id":"https:\/\/kroneisl-stahl.com\/hu\/impressum\/#breadcrumb","itemListElement":[{"@type":"ListItem","position":1,"name":"Home","item":"https:\/\/kroneisl-stahl.com\/hu\/"},{"@type":"ListItem","position":2,"name":"Impressum"}]},{"@type":"WebSite","@id":"https:\/\/kroneisl-stahl.com\/#website","url":"https:\/\/kroneisl-stahl.com\/","name":"Kroneisl-Stahl","description":"","potentialAction":[{"@type":"SearchAction","target":{"@type":"EntryPoint","urlTemplate":"https:\/\/kroneisl-stahl.com\/?s={search_term_string}"},"query-input":"required name=search_term_string"}],"inLanguage":"hu"}]}},"_links":{"self":[{"href":"https:\/\/kroneisl-stahl.com\/hu\/wp-json\/wp\/v2\/pages\/1905","targetHints":{"allow":["GET"]}}],"collection":[{"href":"https:\/\/kroneisl-stahl.com\/hu\/wp-json\/wp\/v2\/pages"}],"about":[{"href":"https:\/\/kroneisl-stahl.com\/hu\/wp-json\/wp\/v2\/types\/page"}],"author":[{"embeddable":true,"href":"https:\/\/kroneisl-stahl.com\/hu\/wp-json\/wp\/v2\/users\/3"}],"replies":[{"embeddable":true,"href":"https:\/\/kroneisl-stahl.com\/hu\/wp-json\/wp\/v2\/comments?post=1905"}],"version-history":[{"count":2,"href":"https:\/\/kroneisl-stahl.com\/hu\/wp-json\/wp\/v2\/pages\/1905\/revisions"}],"predecessor-version":[{"id":3014,"href":"https:\/\/kroneisl-stahl.com\/hu\/wp-json\/wp\/v2\/pages\/1905\/revisions\/3014"}],"wp:featuredmedia":[{"embeddable":true,"href":"https:\/\/kroneisl-stahl.com\/hu\/wp-json\/wp\/v2\/media\/1812"}],"wp:attachment":[{"href":"https:\/\/kroneisl-stahl.com\/hu\/wp-json\/wp\/v2\/media?parent=1905"}],"curies":[{"name":"wp","href":"https:\/\/api.w.org\/{rel}","templated":true}]}}