{"id":748,"date":"2017-10-09T07:49:40","date_gmt":"2017-10-09T07:49:40","guid":{"rendered":"https:\/\/kroneisl-stahl.com\/lagerprogramm"},"modified":"2019-07-23T12:32:13","modified_gmt":"2019-07-23T12:32:13","slug":"lagerprogramm","status":"publish","type":"page","link":"https:\/\/kroneisl-stahl.com\/en\/lagerprogramm\/","title":{"rendered":"Stock Programme"},"content":{"rendered":"<h2>SHEET SIZES FROM STOCK<\/h2>\n<p>Standard sizes (small, medium and large sizes) are always kept in stock in the most common grades. Please choose from the available finishes:<\/p>\n<ul>\n<li>Hot dip zinc coated: DX51D+Z275 MAC<\/li>\n<li>Electrolytic zinc coated: DC01+ZE25\/25 APC<\/li>\n<li>Hot dip aluminized: DX51D+AS120 ACO<\/li>\n<li>Cold rolled bright steel: DC01 Amo<\/li>\n<li>Hot rolled pickled &amp; oiled: DD11\/S235<\/li>\n<li>Hot rolled unpickled: S235<\/li>\n<\/ul>\n","protected":false},"excerpt":{"rendered":"<p>SHEET SIZES FROM STOCK Standard sizes (small, medium and large sizes) are always kept in stock in the most common grades. Please choose from the available finishes: Hot dip zinc coated: DX51D+Z275 MAC Electrolytic zinc coated: DC01+ZE25\/25 APC Hot dip aluminized: DX51D+AS120 ACO Cold rolled bright steel: DC01 Amo Hot rolled pickled &amp; oiled: DD11\/S235 &hellip; <a href=\"https:\/\/kroneisl-stahl.com\/en\/lagerprogramm\/\">Continued<\/a><\/p>\n","protected":false},"author":1,"featured_media":1811,"parent":0,"menu_order":0,"comment_status":"closed","ping_status":"closed","template":"stock.php","meta":{"_acf_changed":false,"footnotes":""},"class_list":["post-748","page","type-page","status-publish","has-post-thumbnail","hentry"],"acf":[],"yoast_head":"<!-- This site is optimized with the Yoast SEO plugin v22.0 - https:\/\/yoast.com\/wordpress\/plugins\/seo\/ -->\n<title>Stock Programme - Kroneisl-Stahl<\/title>\n<meta name=\"description\" content=\"Formatbleche in allen Gr\u00f6\u00dfen &amp; St\u00e4rken immer lagernd! Unsere Qualit\u00e4ts-Edelstahlbleche auf Ihre Bed\u00fcrfnisse zugeschnitten: Entdecken Sie JETZT unser vielf\u00e4ltiges Angebot.\" \/>\n<meta name=\"robots\" content=\"index, follow, max-snippet:-1, max-image-preview:large, max-video-preview:-1\" \/>\n<link rel=\"canonical\" href=\"https:\/\/kroneisl-stahl.com\/en\/lagerprogramm\/\" \/>\n<meta property=\"og:locale\" content=\"en_US\" \/>\n<meta property=\"og:type\" content=\"article\" \/>\n<meta property=\"og:title\" content=\"Stock Programme - Kroneisl-Stahl\" \/>\n<meta property=\"og:description\" content=\"Formatbleche in allen Gr\u00f6\u00dfen &amp; St\u00e4rken immer lagernd! Unsere Qualit\u00e4ts-Edelstahlbleche auf Ihre Bed\u00fcrfnisse zugeschnitten: Entdecken Sie JETZT unser vielf\u00e4ltiges Angebot.\" \/>\n<meta property=\"og:url\" content=\"https:\/\/kroneisl-stahl.com\/en\/lagerprogramm\/\" \/>\n<meta property=\"og:site_name\" content=\"Kroneisl-Stahl\" \/>\n<meta property=\"article:modified_time\" content=\"2019-07-23T12:32:13+00:00\" \/>\n<meta property=\"og:image\" content=\"https:\/\/kroneisl-stahl.com\/wp-content\/uploads\/2018\/06\/steel-stock-backgournd.jpg\" \/>\n\t<meta property=\"og:image:width\" content=\"2000\" \/>\n\t<meta property=\"og:image:height\" content=\"753\" \/>\n\t<meta property=\"og:image:type\" content=\"image\/jpeg\" \/>\n<meta name=\"twitter:card\" content=\"summary_large_image\" \/>\n<script type=\"application\/ld+json\" class=\"yoast-schema-graph\">{\"@context\":\"https:\/\/schema.org\",\"@graph\":[{\"@type\":\"WebPage\",\"@id\":\"https:\/\/kroneisl-stahl.com\/en\/lagerprogramm\/\",\"url\":\"https:\/\/kroneisl-stahl.com\/en\/lagerprogramm\/\",\"name\":\"Stock Programme - Kroneisl-Stahl\",\"isPartOf\":{\"@id\":\"https:\/\/kroneisl-stahl.com\/#website\"},\"datePublished\":\"2017-10-09T07:49:40+00:00\",\"dateModified\":\"2019-07-23T12:32:13+00:00\",\"description\":\"Formatbleche in allen Gr\u00f6\u00dfen & St\u00e4rken immer lagernd! Unsere Qualit\u00e4ts-Edelstahlbleche auf Ihre Bed\u00fcrfnisse zugeschnitten: Entdecken Sie JETZT unser vielf\u00e4ltiges Angebot.\",\"breadcrumb\":{\"@id\":\"https:\/\/kroneisl-stahl.com\/en\/lagerprogramm\/#breadcrumb\"},\"inLanguage\":\"en-US\",\"potentialAction\":[{\"@type\":\"ReadAction\",\"target\":[\"https:\/\/kroneisl-stahl.com\/en\/lagerprogramm\/\"]}]},{\"@type\":\"BreadcrumbList\",\"@id\":\"https:\/\/kroneisl-stahl.com\/en\/lagerprogramm\/#breadcrumb\",\"itemListElement\":[{\"@type\":\"ListItem\",\"position\":1,\"name\":\"Home\",\"item\":\"https:\/\/kroneisl-stahl.com\/en\/\"},{\"@type\":\"ListItem\",\"position\":2,\"name\":\"Stock Programme\"}]},{\"@type\":\"WebSite\",\"@id\":\"https:\/\/kroneisl-stahl.com\/#website\",\"url\":\"https:\/\/kroneisl-stahl.com\/\",\"name\":\"Kroneisl-Stahl\",\"description\":\"\",\"potentialAction\":[{\"@type\":\"SearchAction\",\"target\":{\"@type\":\"EntryPoint\",\"urlTemplate\":\"https:\/\/kroneisl-stahl.com\/?s={search_term_string}\"},\"query-input\":\"required name=search_term_string\"}],\"inLanguage\":\"en-US\"}]}<\/script>\n<!-- \/ Yoast SEO plugin. -->","yoast_head_json":{"title":"Stock Programme - Kroneisl-Stahl","description":"Formatbleche in allen Gr\u00f6\u00dfen & St\u00e4rken immer lagernd! Unsere Qualit\u00e4ts-Edelstahlbleche auf Ihre Bed\u00fcrfnisse zugeschnitten: Entdecken Sie JETZT unser vielf\u00e4ltiges Angebot.","robots":{"index":"index","follow":"follow","max-snippet":"max-snippet:-1","max-image-preview":"max-image-preview:large","max-video-preview":"max-video-preview:-1"},"canonical":"https:\/\/kroneisl-stahl.com\/en\/lagerprogramm\/","og_locale":"en_US","og_type":"article","og_title":"Stock Programme - Kroneisl-Stahl","og_description":"Formatbleche in allen Gr\u00f6\u00dfen & St\u00e4rken immer lagernd! Unsere Qualit\u00e4ts-Edelstahlbleche auf Ihre Bed\u00fcrfnisse zugeschnitten: Entdecken Sie JETZT unser vielf\u00e4ltiges Angebot.","og_url":"https:\/\/kroneisl-stahl.com\/en\/lagerprogramm\/","og_site_name":"Kroneisl-Stahl","article_modified_time":"2019-07-23T12:32:13+00:00","og_image":[{"width":2000,"height":753,"url":"https:\/\/kroneisl-stahl.com\/wp-content\/uploads\/2018\/06\/steel-stock-backgournd.jpg","type":"image\/jpeg"}],"twitter_card":"summary_large_image","schema":{"@context":"https:\/\/schema.org","@graph":[{"@type":"WebPage","@id":"https:\/\/kroneisl-stahl.com\/en\/lagerprogramm\/","url":"https:\/\/kroneisl-stahl.com\/en\/lagerprogramm\/","name":"Stock Programme - Kroneisl-Stahl","isPartOf":{"@id":"https:\/\/kroneisl-stahl.com\/#website"},"datePublished":"2017-10-09T07:49:40+00:00","dateModified":"2019-07-23T12:32:13+00:00","description":"Formatbleche in allen Gr\u00f6\u00dfen & St\u00e4rken immer lagernd! Unsere Qualit\u00e4ts-Edelstahlbleche auf Ihre Bed\u00fcrfnisse zugeschnitten: Entdecken Sie JETZT unser vielf\u00e4ltiges Angebot.","breadcrumb":{"@id":"https:\/\/kroneisl-stahl.com\/en\/lagerprogramm\/#breadcrumb"},"inLanguage":"en-US","potentialAction":[{"@type":"ReadAction","target":["https:\/\/kroneisl-stahl.com\/en\/lagerprogramm\/"]}]},{"@type":"BreadcrumbList","@id":"https:\/\/kroneisl-stahl.com\/en\/lagerprogramm\/#breadcrumb","itemListElement":[{"@type":"ListItem","position":1,"name":"Home","item":"https:\/\/kroneisl-stahl.com\/en\/"},{"@type":"ListItem","position":2,"name":"Stock Programme"}]},{"@type":"WebSite","@id":"https:\/\/kroneisl-stahl.com\/#website","url":"https:\/\/kroneisl-stahl.com\/","name":"Kroneisl-Stahl","description":"","potentialAction":[{"@type":"SearchAction","target":{"@type":"EntryPoint","urlTemplate":"https:\/\/kroneisl-stahl.com\/?s={search_term_string}"},"query-input":"required name=search_term_string"}],"inLanguage":"en-US"}]}},"_links":{"self":[{"href":"https:\/\/kroneisl-stahl.com\/en\/wp-json\/wp\/v2\/pages\/748","targetHints":{"allow":["GET"]}}],"collection":[{"href":"https:\/\/kroneisl-stahl.com\/en\/wp-json\/wp\/v2\/pages"}],"about":[{"href":"https:\/\/kroneisl-stahl.com\/en\/wp-json\/wp\/v2\/types\/page"}],"author":[{"embeddable":true,"href":"https:\/\/kroneisl-stahl.com\/en\/wp-json\/wp\/v2\/users\/1"}],"replies":[{"embeddable":true,"href":"https:\/\/kroneisl-stahl.com\/en\/wp-json\/wp\/v2\/comments?post=748"}],"version-history":[{"count":10,"href":"https:\/\/kroneisl-stahl.com\/en\/wp-json\/wp\/v2\/pages\/748\/revisions"}],"predecessor-version":[{"id":2655,"href":"https:\/\/kroneisl-stahl.com\/en\/wp-json\/wp\/v2\/pages\/748\/revisions\/2655"}],"wp:featuredmedia":[{"embeddable":true,"href":"https:\/\/kroneisl-stahl.com\/en\/wp-json\/wp\/v2\/media\/1811"}],"wp:attachment":[{"href":"https:\/\/kroneisl-stahl.com\/en\/wp-json\/wp\/v2\/media?parent=748"}],"curies":[{"name":"wp","href":"https:\/\/api.w.org\/{rel}","templated":true}]}}