{"id":723,"date":"2017-10-09T10:43:17","date_gmt":"2017-10-09T10:43:17","guid":{"rendered":"https:\/\/kroneisl-stahl.com\/unser-service"},"modified":"2019-10-01T18:56:49","modified_gmt":"2019-10-01T18:56:49","slug":"ihre-vorteile","status":"publish","type":"page","link":"https:\/\/kroneisl-stahl.com\/en\/ihre-vorteile\/","title":{"rendered":"Benefits"},"content":{"rendered":"<h2 style=\"text-align: center;\">The principles of a long term partnership<\/h2>\n<p style=\"text-align: center;\">\n<p style=\"text-align: center;\">As a customer-friendly, efficient and owner-managed family business, there is a whole range of benefits we offer our customers that speak in our favour. This company philosophy enables the positive and close cooperation that we have nurtured with many customers over several decades.<\/p>\n<p style=\"text-align: center;\"><span id=\"result_box\" class=\"\" lang=\"en\" tabindex=\"-1\"><span title=\"Als werksunabh\u00e4ngiger Stahlh\u00e4ndler unterhalten wir enge und langfristige Gesch\u00e4ftsbeziehungen zu allen europ\u00e4ischen Stahlwerken und Servicecentern, um f\u00fcr Sie immer die ben\u00f6tigte Qualit\u00e4t, in der gew\u00fcnschten Lieferzeit mit dem bestm\u00f6glichen Preis zu organisieren. &nbsp;&nbsp;&nbsp;&nbsp;\">&nbsp;<\/span><\/span><\/p>\n","protected":false},"excerpt":{"rendered":"<p>The principles of a long term partnership As a customer-friendly, efficient and owner-managed family business, there is a whole range of benefits we offer our customers that speak in our favour. This company philosophy enables the positive and close cooperation that we have nurtured with many customers over several decades. &nbsp;<\/p>\n","protected":false},"author":1,"featured_media":1799,"parent":0,"menu_order":0,"comment_status":"closed","ping_status":"closed","template":"sub-page-benefit.php","meta":{"_acf_changed":false,"footnotes":""},"class_list":["post-723","page","type-page","status-publish","has-post-thumbnail","hentry"],"acf":[],"yoast_head":"<!-- This site is optimized with the Yoast SEO plugin v22.0 - https:\/\/yoast.com\/wordpress\/plugins\/seo\/ -->\n<title>Benefits - Kroneisl-Stahl<\/title>\n<meta name=\"description\" content=\"Die Spezialisten von Kroneisl Stahl finden immer die richtige L\u00f6sung f\u00fcr Sie. Als werksunabh\u00e4ngiger Stahlh\u00e4ndler unterhalten wir enge und langfristige Gesch\u00e4ftsbeziehungen zu allen europ\u00e4ischen Stahlwerken und Servicecentern.\" \/>\n<meta name=\"robots\" content=\"index, follow, max-snippet:-1, max-image-preview:large, max-video-preview:-1\" \/>\n<link rel=\"canonical\" href=\"https:\/\/kroneisl-stahl.com\/en\/ihre-vorteile\/\" \/>\n<meta property=\"og:locale\" content=\"en_US\" \/>\n<meta property=\"og:type\" content=\"article\" \/>\n<meta property=\"og:title\" content=\"Benefits - Kroneisl-Stahl\" \/>\n<meta property=\"og:description\" content=\"Die Spezialisten von Kroneisl Stahl finden immer die richtige L\u00f6sung f\u00fcr Sie. Als werksunabh\u00e4ngiger Stahlh\u00e4ndler unterhalten wir enge und langfristige Gesch\u00e4ftsbeziehungen zu allen europ\u00e4ischen Stahlwerken und Servicecentern.\" \/>\n<meta property=\"og:url\" content=\"https:\/\/kroneisl-stahl.com\/en\/ihre-vorteile\/\" \/>\n<meta property=\"og:site_name\" content=\"Kroneisl-Stahl\" \/>\n<meta property=\"article:modified_time\" content=\"2019-10-01T18:56:49+00:00\" \/>\n<meta property=\"og:image\" content=\"https:\/\/kroneisl-stahl.com\/wp-content\/uploads\/2018\/06\/timeline-background.jpg\" \/>\n\t<meta property=\"og:image:width\" content=\"2000\" \/>\n\t<meta property=\"og:image:height\" content=\"753\" \/>\n\t<meta property=\"og:image:type\" content=\"image\/jpeg\" \/>\n<meta name=\"twitter:card\" content=\"summary_large_image\" \/>\n<script type=\"application\/ld+json\" class=\"yoast-schema-graph\">{\"@context\":\"https:\/\/schema.org\",\"@graph\":[{\"@type\":\"WebPage\",\"@id\":\"https:\/\/kroneisl-stahl.com\/en\/ihre-vorteile\/\",\"url\":\"https:\/\/kroneisl-stahl.com\/en\/ihre-vorteile\/\",\"name\":\"Benefits - Kroneisl-Stahl\",\"isPartOf\":{\"@id\":\"https:\/\/kroneisl-stahl.com\/#website\"},\"datePublished\":\"2017-10-09T10:43:17+00:00\",\"dateModified\":\"2019-10-01T18:56:49+00:00\",\"description\":\"Die Spezialisten von Kroneisl Stahl finden immer die richtige L\u00f6sung f\u00fcr Sie. Als werksunabh\u00e4ngiger Stahlh\u00e4ndler unterhalten wir enge und langfristige Gesch\u00e4ftsbeziehungen zu allen europ\u00e4ischen Stahlwerken und Servicecentern.\",\"breadcrumb\":{\"@id\":\"https:\/\/kroneisl-stahl.com\/en\/ihre-vorteile\/#breadcrumb\"},\"inLanguage\":\"en-US\",\"potentialAction\":[{\"@type\":\"ReadAction\",\"target\":[\"https:\/\/kroneisl-stahl.com\/en\/ihre-vorteile\/\"]}]},{\"@type\":\"BreadcrumbList\",\"@id\":\"https:\/\/kroneisl-stahl.com\/en\/ihre-vorteile\/#breadcrumb\",\"itemListElement\":[{\"@type\":\"ListItem\",\"position\":1,\"name\":\"Home\",\"item\":\"https:\/\/kroneisl-stahl.com\/en\/\"},{\"@type\":\"ListItem\",\"position\":2,\"name\":\"Benefits\"}]},{\"@type\":\"WebSite\",\"@id\":\"https:\/\/kroneisl-stahl.com\/#website\",\"url\":\"https:\/\/kroneisl-stahl.com\/\",\"name\":\"Kroneisl-Stahl\",\"description\":\"\",\"potentialAction\":[{\"@type\":\"SearchAction\",\"target\":{\"@type\":\"EntryPoint\",\"urlTemplate\":\"https:\/\/kroneisl-stahl.com\/?s={search_term_string}\"},\"query-input\":\"required name=search_term_string\"}],\"inLanguage\":\"en-US\"}]}<\/script>\n<!-- \/ Yoast SEO plugin. -->","yoast_head_json":{"title":"Benefits - Kroneisl-Stahl","description":"Die Spezialisten von Kroneisl Stahl finden immer die richtige L\u00f6sung f\u00fcr Sie. Als werksunabh\u00e4ngiger Stahlh\u00e4ndler unterhalten wir enge und langfristige Gesch\u00e4ftsbeziehungen zu allen europ\u00e4ischen Stahlwerken und Servicecentern.","robots":{"index":"index","follow":"follow","max-snippet":"max-snippet:-1","max-image-preview":"max-image-preview:large","max-video-preview":"max-video-preview:-1"},"canonical":"https:\/\/kroneisl-stahl.com\/en\/ihre-vorteile\/","og_locale":"en_US","og_type":"article","og_title":"Benefits - Kroneisl-Stahl","og_description":"Die Spezialisten von Kroneisl Stahl finden immer die richtige L\u00f6sung f\u00fcr Sie. Als werksunabh\u00e4ngiger Stahlh\u00e4ndler unterhalten wir enge und langfristige Gesch\u00e4ftsbeziehungen zu allen europ\u00e4ischen Stahlwerken und Servicecentern.","og_url":"https:\/\/kroneisl-stahl.com\/en\/ihre-vorteile\/","og_site_name":"Kroneisl-Stahl","article_modified_time":"2019-10-01T18:56:49+00:00","og_image":[{"width":2000,"height":753,"url":"https:\/\/kroneisl-stahl.com\/wp-content\/uploads\/2018\/06\/timeline-background.jpg","type":"image\/jpeg"}],"twitter_card":"summary_large_image","schema":{"@context":"https:\/\/schema.org","@graph":[{"@type":"WebPage","@id":"https:\/\/kroneisl-stahl.com\/en\/ihre-vorteile\/","url":"https:\/\/kroneisl-stahl.com\/en\/ihre-vorteile\/","name":"Benefits - Kroneisl-Stahl","isPartOf":{"@id":"https:\/\/kroneisl-stahl.com\/#website"},"datePublished":"2017-10-09T10:43:17+00:00","dateModified":"2019-10-01T18:56:49+00:00","description":"Die Spezialisten von Kroneisl Stahl finden immer die richtige L\u00f6sung f\u00fcr Sie. Als werksunabh\u00e4ngiger Stahlh\u00e4ndler unterhalten wir enge und langfristige Gesch\u00e4ftsbeziehungen zu allen europ\u00e4ischen Stahlwerken und Servicecentern.","breadcrumb":{"@id":"https:\/\/kroneisl-stahl.com\/en\/ihre-vorteile\/#breadcrumb"},"inLanguage":"en-US","potentialAction":[{"@type":"ReadAction","target":["https:\/\/kroneisl-stahl.com\/en\/ihre-vorteile\/"]}]},{"@type":"BreadcrumbList","@id":"https:\/\/kroneisl-stahl.com\/en\/ihre-vorteile\/#breadcrumb","itemListElement":[{"@type":"ListItem","position":1,"name":"Home","item":"https:\/\/kroneisl-stahl.com\/en\/"},{"@type":"ListItem","position":2,"name":"Benefits"}]},{"@type":"WebSite","@id":"https:\/\/kroneisl-stahl.com\/#website","url":"https:\/\/kroneisl-stahl.com\/","name":"Kroneisl-Stahl","description":"","potentialAction":[{"@type":"SearchAction","target":{"@type":"EntryPoint","urlTemplate":"https:\/\/kroneisl-stahl.com\/?s={search_term_string}"},"query-input":"required name=search_term_string"}],"inLanguage":"en-US"}]}},"_links":{"self":[{"href":"https:\/\/kroneisl-stahl.com\/en\/wp-json\/wp\/v2\/pages\/723","targetHints":{"allow":["GET"]}}],"collection":[{"href":"https:\/\/kroneisl-stahl.com\/en\/wp-json\/wp\/v2\/pages"}],"about":[{"href":"https:\/\/kroneisl-stahl.com\/en\/wp-json\/wp\/v2\/types\/page"}],"author":[{"embeddable":true,"href":"https:\/\/kroneisl-stahl.com\/en\/wp-json\/wp\/v2\/users\/1"}],"replies":[{"embeddable":true,"href":"https:\/\/kroneisl-stahl.com\/en\/wp-json\/wp\/v2\/comments?post=723"}],"version-history":[{"count":16,"href":"https:\/\/kroneisl-stahl.com\/en\/wp-json\/wp\/v2\/pages\/723\/revisions"}],"predecessor-version":[{"id":2680,"href":"https:\/\/kroneisl-stahl.com\/en\/wp-json\/wp\/v2\/pages\/723\/revisions\/2680"}],"wp:featuredmedia":[{"embeddable":true,"href":"https:\/\/kroneisl-stahl.com\/en\/wp-json\/wp\/v2\/media\/1799"}],"wp:attachment":[{"href":"https:\/\/kroneisl-stahl.com\/en\/wp-json\/wp\/v2\/media?parent=723"}],"curies":[{"name":"wp","href":"https:\/\/api.w.org\/{rel}","templated":true}]}}