{"id":2821,"date":"2018-10-30T22:12:18","date_gmt":"2018-10-30T22:12:18","guid":{"rendered":"https:\/\/kroneisl-stahl.com\/?page_id=2821"},"modified":"2022-11-30T15:13:52","modified_gmt":"2022-11-30T15:13:52","slug":"agb","status":"publish","type":"page","link":"https:\/\/kroneisl-stahl.com\/en\/agb\/","title":{"rendered":"AGB"},"content":{"rendered":"<p style=\"text-align: center;\"><img loading=\"lazy\" decoding=\"async\" class=\"alignnone wp-image-1505\" src=\"https:\/\/kroneisl-stahl.com\/wp-content\/uploads\/2017\/11\/Kroneisl_Balken_gross-300x66.jpg\" alt=\"\" width=\"250\" height=\"55\" srcset=\"https:\/\/kroneisl-stahl.com\/wp-content\/uploads\/2017\/11\/Kroneisl_Balken_gross-300x66.jpg 300w, https:\/\/kroneisl-stahl.com\/wp-content\/uploads\/2017\/11\/Kroneisl_Balken_gross-768x170.jpg 768w, https:\/\/kroneisl-stahl.com\/wp-content\/uploads\/2017\/11\/Kroneisl_Balken_gross-1024x227.jpg 1024w, https:\/\/kroneisl-stahl.com\/wp-content\/uploads\/2017\/11\/Kroneisl_Balken_gross.jpg 1427w\" sizes=\"auto, (max-width: 250px) 100vw, 250px\" \/><\/p>\n<p style=\"text-align: center;\"><strong>Allgemeine Gesch\u00e4ftsbedingungen f\u00fcr Kunden (Deutsch):\u00a0<\/strong><a href=\"https:\/\/kroneisl-stahl.com\/wp-content\/uploads\/2019\/06\/AGB.pdf\">AGB<\/a><\/p>\n<p style=\"text-align: center;\"><strong>Allgemeine Gesch\u00e4ftsbedingungen f\u00fcr Kunden (Tschechisch):\u00a0<a href=\"https:\/\/kroneisl-stahl.com\/wp-content\/uploads\/2019\/05\/VOP-Kroneisl.pdf\">VOP<\/a><\/strong><\/p>\n<p style=\"text-align: center;\"><strong>Allgemeine Gesch\u00e4ftsbedingungen f\u00fcr Kunden (Englisch): <a href=\"https:\/\/kroneisl-stahl.com\/wp-content\/uploads\/2022\/11\/Kroneisl-AGB_en.pdf\">T&amp;C<\/a><\/strong><\/p>\n<p style=\"text-align: center;\"><strong>Einkaufsbedingungen f\u00fcr Lieferanten (Deutsch): <a href=\"https:\/\/kroneisl-stahl.com\/wp-content\/uploads\/2018\/10\/Einkaufsbedingungen_Kroneisl.pdf\">Einkaufsbedingungen<\/a><\/strong><\/p>\n<p style=\"text-align: center;\"><br \/><br \/><br \/><\/p>\n<p>\u00a0<\/p>\n\n\n<p><\/p>\n","protected":false},"excerpt":{"rendered":"<p>Allgemeine Gesch\u00e4ftsbedingungen f\u00fcr Kunden (Deutsch):\u00a0AGB Allgemeine Gesch\u00e4ftsbedingungen f\u00fcr Kunden (Tschechisch):\u00a0VOP Allgemeine Gesch\u00e4ftsbedingungen f\u00fcr Kunden (Englisch): T&amp;C Einkaufsbedingungen f\u00fcr Lieferanten (Deutsch): Einkaufsbedingungen \u00a0<\/p>\n","protected":false},"author":3,"featured_media":1796,"parent":0,"menu_order":0,"comment_status":"closed","ping_status":"closed","template":"sub-page.php","meta":{"_acf_changed":false,"footnotes":""},"class_list":["post-2821","page","type-page","status-publish","has-post-thumbnail","hentry"],"acf":[],"yoast_head":"<!-- This site is optimized with the Yoast SEO plugin v22.0 - https:\/\/yoast.com\/wordpress\/plugins\/seo\/ -->\n<title>AGB - Kroneisl-Stahl<\/title>\n<meta name=\"robots\" content=\"index, follow, max-snippet:-1, max-image-preview:large, max-video-preview:-1\" \/>\n<link rel=\"canonical\" href=\"https:\/\/kroneisl-stahl.com\/en\/agb\/\" \/>\n<meta property=\"og:locale\" content=\"en_US\" \/>\n<meta property=\"og:type\" content=\"article\" \/>\n<meta property=\"og:title\" content=\"AGB - Kroneisl-Stahl\" \/>\n<meta property=\"og:description\" content=\"Allgemeine Gesch\u00e4ftsbedingungen f\u00fcr Kunden (Deutsch):\u00a0AGB Allgemeine Gesch\u00e4ftsbedingungen f\u00fcr Kunden (Tschechisch):\u00a0VOP Allgemeine Gesch\u00e4ftsbedingungen f\u00fcr Kunden (Englisch): T&amp;C Einkaufsbedingungen f\u00fcr Lieferanten (Deutsch): Einkaufsbedingungen \u00a0\" \/>\n<meta property=\"og:url\" content=\"https:\/\/kroneisl-stahl.com\/en\/agb\/\" \/>\n<meta property=\"og:site_name\" content=\"Kroneisl-Stahl\" \/>\n<meta property=\"article:modified_time\" content=\"2022-11-30T15:13:52+00:00\" \/>\n<meta property=\"og:image\" content=\"https:\/\/kroneisl-stahl.com\/wp-content\/uploads\/2018\/06\/about-us-1.jpg\" \/>\n\t<meta property=\"og:image:width\" content=\"2000\" \/>\n\t<meta property=\"og:image:height\" content=\"753\" \/>\n\t<meta property=\"og:image:type\" content=\"image\/jpeg\" \/>\n<meta name=\"twitter:card\" content=\"summary_large_image\" \/>\n<meta name=\"twitter:label1\" content=\"Est. reading time\" \/>\n\t<meta name=\"twitter:data1\" content=\"1 minute\" \/>\n<script type=\"application\/ld+json\" class=\"yoast-schema-graph\">{\"@context\":\"https:\/\/schema.org\",\"@graph\":[{\"@type\":\"WebPage\",\"@id\":\"https:\/\/kroneisl-stahl.com\/en\/agb\/\",\"url\":\"https:\/\/kroneisl-stahl.com\/en\/agb\/\",\"name\":\"AGB - Kroneisl-Stahl\",\"isPartOf\":{\"@id\":\"https:\/\/kroneisl-stahl.com\/#website\"},\"datePublished\":\"2018-10-30T22:12:18+00:00\",\"dateModified\":\"2022-11-30T15:13:52+00:00\",\"breadcrumb\":{\"@id\":\"https:\/\/kroneisl-stahl.com\/en\/agb\/#breadcrumb\"},\"inLanguage\":\"en-US\",\"potentialAction\":[{\"@type\":\"ReadAction\",\"target\":[\"https:\/\/kroneisl-stahl.com\/en\/agb\/\"]}]},{\"@type\":\"BreadcrumbList\",\"@id\":\"https:\/\/kroneisl-stahl.com\/en\/agb\/#breadcrumb\",\"itemListElement\":[{\"@type\":\"ListItem\",\"position\":1,\"name\":\"Home\",\"item\":\"https:\/\/kroneisl-stahl.com\/en\/\"},{\"@type\":\"ListItem\",\"position\":2,\"name\":\"AGB\"}]},{\"@type\":\"WebSite\",\"@id\":\"https:\/\/kroneisl-stahl.com\/#website\",\"url\":\"https:\/\/kroneisl-stahl.com\/\",\"name\":\"Kroneisl-Stahl\",\"description\":\"\",\"potentialAction\":[{\"@type\":\"SearchAction\",\"target\":{\"@type\":\"EntryPoint\",\"urlTemplate\":\"https:\/\/kroneisl-stahl.com\/?s={search_term_string}\"},\"query-input\":\"required name=search_term_string\"}],\"inLanguage\":\"en-US\"}]}<\/script>\n<!-- \/ Yoast SEO plugin. -->","yoast_head_json":{"title":"AGB - Kroneisl-Stahl","robots":{"index":"index","follow":"follow","max-snippet":"max-snippet:-1","max-image-preview":"max-image-preview:large","max-video-preview":"max-video-preview:-1"},"canonical":"https:\/\/kroneisl-stahl.com\/en\/agb\/","og_locale":"en_US","og_type":"article","og_title":"AGB - Kroneisl-Stahl","og_description":"Allgemeine Gesch\u00e4ftsbedingungen f\u00fcr Kunden (Deutsch):\u00a0AGB Allgemeine Gesch\u00e4ftsbedingungen f\u00fcr Kunden (Tschechisch):\u00a0VOP Allgemeine Gesch\u00e4ftsbedingungen f\u00fcr Kunden (Englisch): T&amp;C Einkaufsbedingungen f\u00fcr Lieferanten (Deutsch): Einkaufsbedingungen \u00a0","og_url":"https:\/\/kroneisl-stahl.com\/en\/agb\/","og_site_name":"Kroneisl-Stahl","article_modified_time":"2022-11-30T15:13:52+00:00","og_image":[{"width":2000,"height":753,"url":"https:\/\/kroneisl-stahl.com\/wp-content\/uploads\/2018\/06\/about-us-1.jpg","type":"image\/jpeg"}],"twitter_card":"summary_large_image","twitter_misc":{"Est. reading time":"1 minute"},"schema":{"@context":"https:\/\/schema.org","@graph":[{"@type":"WebPage","@id":"https:\/\/kroneisl-stahl.com\/en\/agb\/","url":"https:\/\/kroneisl-stahl.com\/en\/agb\/","name":"AGB - Kroneisl-Stahl","isPartOf":{"@id":"https:\/\/kroneisl-stahl.com\/#website"},"datePublished":"2018-10-30T22:12:18+00:00","dateModified":"2022-11-30T15:13:52+00:00","breadcrumb":{"@id":"https:\/\/kroneisl-stahl.com\/en\/agb\/#breadcrumb"},"inLanguage":"en-US","potentialAction":[{"@type":"ReadAction","target":["https:\/\/kroneisl-stahl.com\/en\/agb\/"]}]},{"@type":"BreadcrumbList","@id":"https:\/\/kroneisl-stahl.com\/en\/agb\/#breadcrumb","itemListElement":[{"@type":"ListItem","position":1,"name":"Home","item":"https:\/\/kroneisl-stahl.com\/en\/"},{"@type":"ListItem","position":2,"name":"AGB"}]},{"@type":"WebSite","@id":"https:\/\/kroneisl-stahl.com\/#website","url":"https:\/\/kroneisl-stahl.com\/","name":"Kroneisl-Stahl","description":"","potentialAction":[{"@type":"SearchAction","target":{"@type":"EntryPoint","urlTemplate":"https:\/\/kroneisl-stahl.com\/?s={search_term_string}"},"query-input":"required name=search_term_string"}],"inLanguage":"en-US"}]}},"_links":{"self":[{"href":"https:\/\/kroneisl-stahl.com\/en\/wp-json\/wp\/v2\/pages\/2821","targetHints":{"allow":["GET"]}}],"collection":[{"href":"https:\/\/kroneisl-stahl.com\/en\/wp-json\/wp\/v2\/pages"}],"about":[{"href":"https:\/\/kroneisl-stahl.com\/en\/wp-json\/wp\/v2\/types\/page"}],"author":[{"embeddable":true,"href":"https:\/\/kroneisl-stahl.com\/en\/wp-json\/wp\/v2\/users\/3"}],"replies":[{"embeddable":true,"href":"https:\/\/kroneisl-stahl.com\/en\/wp-json\/wp\/v2\/comments?post=2821"}],"version-history":[{"count":6,"href":"https:\/\/kroneisl-stahl.com\/en\/wp-json\/wp\/v2\/pages\/2821\/revisions"}],"predecessor-version":[{"id":2855,"href":"https:\/\/kroneisl-stahl.com\/en\/wp-json\/wp\/v2\/pages\/2821\/revisions\/2855"}],"wp:featuredmedia":[{"embeddable":true,"href":"https:\/\/kroneisl-stahl.com\/en\/wp-json\/wp\/v2\/media\/1796"}],"wp:attachment":[{"href":"https:\/\/kroneisl-stahl.com\/en\/wp-json\/wp\/v2\/media?parent=2821"}],"curies":[{"name":"wp","href":"https:\/\/api.w.org\/{rel}","templated":true}]}}