{"id":794,"date":"2017-10-09T10:42:08","date_gmt":"2017-10-09T10:42:08","guid":{"rendered":"https:\/\/kroneisl-stahl.com\/produktuebersicht"},"modified":"2019-10-20T16:16:15","modified_gmt":"2019-10-20T16:16:15","slug":"produktuebersicht","status":"publish","type":"page","link":"https:\/\/kroneisl-stahl.com\/cs\/produktuebersicht\/","title":{"rendered":"P\u0159ehled Produkt\u016f"},"content":{"rendered":"<h2 style=\"text-align: center;\">Nez\u00e1le\u017e\u00ed na tom, zda jste schopni vyrobit standardn\u00ed mno\u017estv\u00ed nebo mal\u00e1 mno\u017estv\u00ed ve speci\u00e1ln\u00edch t\u0159\u00edd\u00e1ch &#8211; jsme stejn\u011b flexibiln\u00ed jako va\u0161e pot\u0159eby<\/h2>\n<p>V\u011bt\u0161\u00ed po\u017eadovan\u00e1 mno\u017estv\u00ed nakupujeme p\u0159\u00edmo v ocel\u00e1rn\u00e1ch. Pokud po\u017eadujete r\u00e1mcovou smlouvu, p\u0159evezmeme za v\u00e1s do\u010dasn\u00e9 skladov\u00e1n\u00ed a p\u0159edb\u011b\u017en\u00e9 financov\u00e1n\u00ed. Dod\u00e1vky just-in-time jsou tedy spolehliv\u011b zaru\u010deny po del\u0161\u00ed dobu.<br \/>\nD\u00edky \u0161irok\u00e9mu skladov\u00e9mu sortimentu a kontakt\u016fm s partnery pro skladov\u00e1n\u00ed v 13 r\u016fzn\u00fdch zem\u00edch m\u016f\u017eeme v kr\u00e1tk\u00e9 dob\u011b zajistit t\u00e9m\u011b\u0159 jakoukoli objedn\u00e1vku. V oboru jsme zn\u00e1m\u00ed jako dodavatel\u00e9 speci\u00e1ln\u00edch plech\u016f a speci\u00e1ln\u00edch pot\u0159eb!<\/p>\n<p>Vzhledem k rozs\u00e1hl\u00e9mu sortimentu a po\u010dtu kontakt\u016f v 13 r\u016fzn\u00fdch zem\u00edch <strong>m\u016f\u017eeme tuto \u017e\u00e1dost odpov\u011bd\u011bt<\/strong>. Jsme zn\u00e1m\u00ed na trhu jako speci\u00e1ln\u00ed kupuj\u00edc\u00ed plechu.<\/p>\n<h3>V podstat\u011b m\u016f\u017eeme dod\u00e1vat n\u00e1sleduj\u00edc\u00ed druhy a rozm\u011bry produkt\u016f:<\/h3>\n<ul>\n<li><strong>Plechy: <\/strong>\u0161\u00ed\u0159ka\/d\u00e9lka 300 x 300 &#8211; 2000 x 6000 mm | tlou\u0161\u0165ka 0,30 \u2013 25 mm<\/li>\n<li><strong>P\u00e1sov\u00e1 ocel: <\/strong>\u0161\u00ed\u0159ka 10 &#8211; 599 mm | tlou\u0161\u0165ka 0,10 \u2013 8 mm<\/li>\n<li><strong>Svitek: <\/strong>\u0161\u00ed\u0159ka 600 &#8211; 2000 mm | tlou\u0161\u0165ka 0,30 \u2013 20 mm<\/li>\n<\/ul>\n<p>&#8212;&#8212;&#8212;&#8212;&#8212;&#8212;&#8212;&#8212;&#8212;&#8212;&#8212;&#8212;&#8212;&#8212;&#8212;&#8212;&#8212;&#8212;&#8212;&#8212;&#8212;&#8212;&#8212;&#8212;&#8212;&#8212;&#8212;&#8212;&#8212;&#8212;&#8212;&#8212;&#8212;&#8212;&#8212;&#8212;&#8212;&#8212;&#8211;<\/p>\n<p>M\u016f\u017eeme tak pokr\u00fdt velmi \u0161irok\u00e9 spektrum mo\u017en\u00fdch pou\u017eit\u00ed a c\u00edlov\u00fdch odv\u011btv\u00ed.<br \/>\n<strong>Na\u0161i z\u00e1kazn\u00edci poch\u00e1zej\u00ed z r\u016fzn\u00fdch oblast\u00ed a jsou mezi nimi v\u00fdrobci nap\u0159\u00edklad t\u011bchto produkt\u016f:<\/strong><br \/>\nvzduchotechnick\u00e1 za\u0159\u00edzen\u00ed, kancel\u00e1\u0159sk\u00fd n\u00e1bytek, kontejnery, kamna, automobilov\u00e9 d\u00edly, \u0161atnov\u00e9 sk\u0159\u00ed\u0148ky, kryty na elektroniku, v\u00fdfukov\u00e9 syst\u00e9my, ventil\u00e1tory, halov\u00e9 st\u0159echy, ocelov\u00e9 profily, kovov\u00e9 stropy, osobn\u00ed v\u00fdtahy, dopravn\u00ed zna\u010dky, vybaven\u00ed prodejen, bednic\u00ed p\u0159\u00edslu\u0161enstv\u00ed, rolovac\u00ed vrata, reg\u00e1lov\u00e9 syst\u00e9my, p\u0159epravn\u00ed kontejnery, zem\u011bd\u011blsk\u00e9 stroje, p\u0159\u00edv\u011bsy pro osobn\u00ed automobily, chladic\u00ed syst\u00e9my, rozvodn\u00e9 sk\u0159\u00edn\u011b, d\u0159evoobr\u00e1b\u011bc\u00ed stroje, v\u00fdm\u011bn\u00edky tepla, okenn\u00ed kov\u00e1n\u00ed, syst\u00e9my proti slune\u010dn\u00edmu z\u00e1\u0159en\u00ed, vzduchov\u00e9 filtry, dutinov\u00e9 podlahy, protipo\u017e\u00e1rn\u00ed dve\u0159e, n\u00e1stavby n\u00e1kladn\u00edch automobil\u016f, zahradn\u00ed n\u00e1\u0159ad\u00ed, vzduchov\u00e9 kan\u00e1ly, fas\u00e1dy budov, textiln\u00ed stroje, dom\u00e1c\u00ed spot\u0159ebi\u010de, zem\u011bd\u011blsk\u00e9 skl\u00e1p\u011b\u010de atd.<\/p>\n","protected":false},"excerpt":{"rendered":"<p>Nez\u00e1le\u017e\u00ed na tom, zda jste schopni vyrobit standardn\u00ed mno\u017estv\u00ed nebo mal\u00e1 mno\u017estv\u00ed ve speci\u00e1ln\u00edch t\u0159\u00edd\u00e1ch &#8211; jsme stejn\u011b flexibiln\u00ed jako va\u0161e pot\u0159eby V\u011bt\u0161\u00ed po\u017eadovan\u00e1 mno\u017estv\u00ed nakupujeme p\u0159\u00edmo v ocel\u00e1rn\u00e1ch. Pokud po\u017eadujete r\u00e1mcovou smlouvu, p\u0159evezmeme za v\u00e1s do\u010dasn\u00e9 skladov\u00e1n\u00ed a p\u0159edb\u011b\u017en\u00e9 financov\u00e1n\u00ed. Dod\u00e1vky just-in-time jsou tedy spolehliv\u011b zaru\u010deny po del\u0161\u00ed dobu. D\u00edky \u0161irok\u00e9mu skladov\u00e9mu sortimentu a &hellip; <a href=\"https:\/\/kroneisl-stahl.com\/cs\/produktuebersicht\/\">Continued<\/a><\/p>\n","protected":false},"author":1,"featured_media":1804,"parent":0,"menu_order":0,"comment_status":"closed","ping_status":"closed","template":"sub-page-gallery.php","meta":{"_acf_changed":false,"footnotes":""},"class_list":["post-794","page","type-page","status-publish","has-post-thumbnail","hentry"],"acf":[],"yoast_head":"<!-- This site is optimized with the Yoast SEO plugin v22.0 - https:\/\/yoast.com\/wordpress\/plugins\/seo\/ -->\n<title>P\u0159ehled Produkt\u016f - Kroneisl-Stahl<\/title>\n<meta name=\"description\" content=\"Stahl &amp; Metall in ma\u00dfgeschneiderten Abmessungen und St\u00e4rken! Unsere breite Produktpalette auf Ihr Wunschma\u00df zugeschnitten &amp; bequem als Tafel, Spaltband oder Coil liefern lassen. Noch heute informieren!\" \/>\n<meta name=\"robots\" content=\"index, follow, max-snippet:-1, max-image-preview:large, max-video-preview:-1\" \/>\n<link rel=\"canonical\" href=\"https:\/\/kroneisl-stahl.com\/cs\/produktuebersicht\/\" \/>\n<meta property=\"og:locale\" content=\"cs_CZ\" \/>\n<meta property=\"og:type\" content=\"article\" \/>\n<meta property=\"og:title\" content=\"P\u0159ehled Produkt\u016f - Kroneisl-Stahl\" \/>\n<meta property=\"og:description\" content=\"Stahl &amp; Metall in ma\u00dfgeschneiderten Abmessungen und St\u00e4rken! Unsere breite Produktpalette auf Ihr Wunschma\u00df zugeschnitten &amp; bequem als Tafel, Spaltband oder Coil liefern lassen. Noch heute informieren!\" \/>\n<meta property=\"og:url\" content=\"https:\/\/kroneisl-stahl.com\/cs\/produktuebersicht\/\" \/>\n<meta property=\"og:site_name\" content=\"Kroneisl-Stahl\" \/>\n<meta property=\"article:modified_time\" content=\"2019-10-20T16:16:15+00:00\" \/>\n<meta property=\"og:image\" content=\"https:\/\/kroneisl-stahl.com\/wp-content\/uploads\/2018\/06\/product-overview-background.jpg\" \/>\n\t<meta property=\"og:image:width\" content=\"2000\" \/>\n\t<meta property=\"og:image:height\" content=\"753\" \/>\n\t<meta property=\"og:image:type\" content=\"image\/jpeg\" \/>\n<meta name=\"twitter:card\" content=\"summary_large_image\" \/>\n<meta name=\"twitter:label1\" content=\"Odhadovan\u00e1 doba \u010dten\u00ed\" \/>\n\t<meta name=\"twitter:data1\" content=\"2 minuty\" \/>\n<script type=\"application\/ld+json\" class=\"yoast-schema-graph\">{\"@context\":\"https:\/\/schema.org\",\"@graph\":[{\"@type\":\"WebPage\",\"@id\":\"https:\/\/kroneisl-stahl.com\/cs\/produktuebersicht\/\",\"url\":\"https:\/\/kroneisl-stahl.com\/cs\/produktuebersicht\/\",\"name\":\"P\u0159ehled Produkt\u016f - Kroneisl-Stahl\",\"isPartOf\":{\"@id\":\"https:\/\/kroneisl-stahl.com\/#website\"},\"datePublished\":\"2017-10-09T10:42:08+00:00\",\"dateModified\":\"2019-10-20T16:16:15+00:00\",\"description\":\"Stahl & Metall in ma\u00dfgeschneiderten Abmessungen und St\u00e4rken! Unsere breite Produktpalette auf Ihr Wunschma\u00df zugeschnitten & bequem als Tafel, Spaltband oder Coil liefern lassen. Noch heute informieren!\",\"breadcrumb\":{\"@id\":\"https:\/\/kroneisl-stahl.com\/cs\/produktuebersicht\/#breadcrumb\"},\"inLanguage\":\"cs\",\"potentialAction\":[{\"@type\":\"ReadAction\",\"target\":[\"https:\/\/kroneisl-stahl.com\/cs\/produktuebersicht\/\"]}]},{\"@type\":\"BreadcrumbList\",\"@id\":\"https:\/\/kroneisl-stahl.com\/cs\/produktuebersicht\/#breadcrumb\",\"itemListElement\":[{\"@type\":\"ListItem\",\"position\":1,\"name\":\"Home\",\"item\":\"https:\/\/kroneisl-stahl.com\/cs\/\"},{\"@type\":\"ListItem\",\"position\":2,\"name\":\"P\u0159ehled Produkt\u016f\"}]},{\"@type\":\"WebSite\",\"@id\":\"https:\/\/kroneisl-stahl.com\/#website\",\"url\":\"https:\/\/kroneisl-stahl.com\/\",\"name\":\"Kroneisl-Stahl\",\"description\":\"\",\"potentialAction\":[{\"@type\":\"SearchAction\",\"target\":{\"@type\":\"EntryPoint\",\"urlTemplate\":\"https:\/\/kroneisl-stahl.com\/?s={search_term_string}\"},\"query-input\":\"required name=search_term_string\"}],\"inLanguage\":\"cs\"}]}<\/script>\n<!-- \/ Yoast SEO plugin. -->","yoast_head_json":{"title":"P\u0159ehled Produkt\u016f - Kroneisl-Stahl","description":"Stahl & Metall in ma\u00dfgeschneiderten Abmessungen und St\u00e4rken! Unsere breite Produktpalette auf Ihr Wunschma\u00df zugeschnitten & bequem als Tafel, Spaltband oder Coil liefern lassen. Noch heute informieren!","robots":{"index":"index","follow":"follow","max-snippet":"max-snippet:-1","max-image-preview":"max-image-preview:large","max-video-preview":"max-video-preview:-1"},"canonical":"https:\/\/kroneisl-stahl.com\/cs\/produktuebersicht\/","og_locale":"cs_CZ","og_type":"article","og_title":"P\u0159ehled Produkt\u016f - Kroneisl-Stahl","og_description":"Stahl & Metall in ma\u00dfgeschneiderten Abmessungen und St\u00e4rken! Unsere breite Produktpalette auf Ihr Wunschma\u00df zugeschnitten & bequem als Tafel, Spaltband oder Coil liefern lassen. Noch heute informieren!","og_url":"https:\/\/kroneisl-stahl.com\/cs\/produktuebersicht\/","og_site_name":"Kroneisl-Stahl","article_modified_time":"2019-10-20T16:16:15+00:00","og_image":[{"width":2000,"height":753,"url":"https:\/\/kroneisl-stahl.com\/wp-content\/uploads\/2018\/06\/product-overview-background.jpg","type":"image\/jpeg"}],"twitter_card":"summary_large_image","twitter_misc":{"Odhadovan\u00e1 doba \u010dten\u00ed":"2 minuty"},"schema":{"@context":"https:\/\/schema.org","@graph":[{"@type":"WebPage","@id":"https:\/\/kroneisl-stahl.com\/cs\/produktuebersicht\/","url":"https:\/\/kroneisl-stahl.com\/cs\/produktuebersicht\/","name":"P\u0159ehled Produkt\u016f - Kroneisl-Stahl","isPartOf":{"@id":"https:\/\/kroneisl-stahl.com\/#website"},"datePublished":"2017-10-09T10:42:08+00:00","dateModified":"2019-10-20T16:16:15+00:00","description":"Stahl & Metall in ma\u00dfgeschneiderten Abmessungen und St\u00e4rken! Unsere breite Produktpalette auf Ihr Wunschma\u00df zugeschnitten & bequem als Tafel, Spaltband oder Coil liefern lassen. Noch heute informieren!","breadcrumb":{"@id":"https:\/\/kroneisl-stahl.com\/cs\/produktuebersicht\/#breadcrumb"},"inLanguage":"cs","potentialAction":[{"@type":"ReadAction","target":["https:\/\/kroneisl-stahl.com\/cs\/produktuebersicht\/"]}]},{"@type":"BreadcrumbList","@id":"https:\/\/kroneisl-stahl.com\/cs\/produktuebersicht\/#breadcrumb","itemListElement":[{"@type":"ListItem","position":1,"name":"Home","item":"https:\/\/kroneisl-stahl.com\/cs\/"},{"@type":"ListItem","position":2,"name":"P\u0159ehled Produkt\u016f"}]},{"@type":"WebSite","@id":"https:\/\/kroneisl-stahl.com\/#website","url":"https:\/\/kroneisl-stahl.com\/","name":"Kroneisl-Stahl","description":"","potentialAction":[{"@type":"SearchAction","target":{"@type":"EntryPoint","urlTemplate":"https:\/\/kroneisl-stahl.com\/?s={search_term_string}"},"query-input":"required name=search_term_string"}],"inLanguage":"cs"}]}},"_links":{"self":[{"href":"https:\/\/kroneisl-stahl.com\/cs\/wp-json\/wp\/v2\/pages\/794","targetHints":{"allow":["GET"]}}],"collection":[{"href":"https:\/\/kroneisl-stahl.com\/cs\/wp-json\/wp\/v2\/pages"}],"about":[{"href":"https:\/\/kroneisl-stahl.com\/cs\/wp-json\/wp\/v2\/types\/page"}],"author":[{"embeddable":true,"href":"https:\/\/kroneisl-stahl.com\/cs\/wp-json\/wp\/v2\/users\/1"}],"replies":[{"embeddable":true,"href":"https:\/\/kroneisl-stahl.com\/cs\/wp-json\/wp\/v2\/comments?post=794"}],"version-history":[{"count":23,"href":"https:\/\/kroneisl-stahl.com\/cs\/wp-json\/wp\/v2\/pages\/794\/revisions"}],"predecessor-version":[{"id":2744,"href":"https:\/\/kroneisl-stahl.com\/cs\/wp-json\/wp\/v2\/pages\/794\/revisions\/2744"}],"wp:featuredmedia":[{"embeddable":true,"href":"https:\/\/kroneisl-stahl.com\/cs\/wp-json\/wp\/v2\/media\/1804"}],"wp:attachment":[{"href":"https:\/\/kroneisl-stahl.com\/cs\/wp-json\/wp\/v2\/media?parent=794"}],"curies":[{"name":"wp","href":"https:\/\/api.w.org\/{rel}","templated":true}]}}