{"id":780,"date":"2017-09-24T15:57:24","date_gmt":"2017-09-24T15:57:24","guid":{"rendered":"https:\/\/kroneisl-stahl.com\/inhaltsseite-1"},"modified":"2019-10-21T07:29:00","modified_gmt":"2019-10-21T07:29:00","slug":"logistik-verpackung","status":"publish","type":"page","link":"https:\/\/kroneisl-stahl.com\/cs\/logistik-verpackung\/","title":{"rendered":"Logistika"},"content":{"rendered":"<h2 style=\"text-align: center;\">NAB\u00cdZ\u00cdME V\u00c1M POT\u0158EBN\u00c9 MO\u017dNOSTI P\u0158EPRAVY A DRUHY OBAL\u016e<\/h2>\n<p>Na\u0161e kvalitativn\u00ed standardy jsou zalo\u017eeny na dlouhodob\u00fdch znalostech na\u0161ich pracovn\u00edk\u016f a vyzna\u010duj\u00ed se mimo jin\u00e9 pe\u010dlivost\u00ed vstupn\u00edch kontrol materi\u00e1lu a velkou flexibilitou v doprav\u011b. U dlouhodob\u011bj\u0161\u00edch dohod o odb\u011bru se postar\u00e1me o spr\u00e1vn\u00e9 do\u010dasn\u00e9 skladov\u00e1n\u00ed. Ukl\u00e1d\u00e1n\u00ed dokument\u016f t\u00fdkaj\u00edc\u00edch se kvality (jako jsou certifik\u00e1ty o zkou\u0161k\u00e1ch materi\u00e1lu) je pro n\u00e1s samoz\u0159ejmost\u00ed a zaru\u010duje \u00faplnou zp\u011btnou sledovatelnost. Na\u0161e v\u00fdrobky jsou baleny podle sm\u011brnic a dod\u00e1v\u00e1ny podle po\u017eadavk\u016f.<\/p>\n<p>V\u00edce ne\u017e 30 mezin\u00e1rodn\u00edch zasilatel\u016f zaji\u0161\u0165uje, aby k v\u00e1m objednan\u00e9 zbo\u017e\u00ed dorazilo v\u010das a bez po\u0161kozen\u00ed. Na\u0161i dlouholet\u00ed partne\u0159i v oblasti dopravn\u00ed, skladov\u00e9 a celn\u00ed logistiky usiluj\u00ed o hladk\u00e9 a n\u00e1kladov\u011b efektivn\u00ed vy\u0159\u00edzen\u00ed.<\/p>\n<p id=\"tw-target-text\" class=\"tw-data-text tw-text-large tw-ta\" dir=\"ltr\" data-placeholder=\"\u00dcbersetzung\"><span lang=\"cs\" tabindex=\"0\">Bez ohledu na to, zda se jedn\u00e1 o rychl\u00e9 dod\u00e1n\u00ed z jednoho z na\u0161ich 9 \u00falo\u017ei\u0161\u0165 nebo o pravideln\u00e9 dod\u00e1n\u00ed dle dohodnut\u00e9ho harmonogramu &#8211; n\u00e1\u0161 logistick\u00fd t\u00fdm se o va\u0161e po\u017eadavky postar\u00e1!<\/span><\/p>\n<table>\n<tbody>\n<tr>\n<td>\n<p style=\"text-align: center;\"><img loading=\"lazy\" decoding=\"async\" class=\"alignnone wp-image-388\" src=\"https:\/\/kroneisl-stahl.com\/wp-content\/uploads\/2018\/01\/DSCF0048-300x195.jpg\" alt=\"Logistiklager Transport\" width=\"291\" height=\"189\" srcset=\"https:\/\/kroneisl-stahl.com\/wp-content\/uploads\/2018\/01\/DSCF0048-300x195.jpg 300w, https:\/\/kroneisl-stahl.com\/wp-content\/uploads\/2018\/01\/DSCF0048-768x499.jpg 768w, https:\/\/kroneisl-stahl.com\/wp-content\/uploads\/2018\/01\/DSCF0048-1024x665.jpg 1024w\" sizes=\"auto, (max-width: 291px) 100vw, 291px\" \/><\/p>\n<p id=\"tw-target-text\" class=\"tw-data-text tw-text-large tw-ta\" dir=\"ltr\" style=\"text-align: center;\" data-placeholder=\"\u00dcbersetzung\"><span lang=\"cs\" tabindex=\"0\">P\u0159eprava kamionem<\/span><\/p>\n<\/td>\n<td>\n<p style=\"text-align: center;\"><img loading=\"lazy\" decoding=\"async\" class=\" wp-image-391 aligncenter\" src=\"https:\/\/kroneisl-stahl.com\/wp-content\/uploads\/2018\/01\/DSCF0087-300x195.jpg\" alt=\"Coils Logistik Zug\" width=\"282\" height=\"183\" srcset=\"https:\/\/kroneisl-stahl.com\/wp-content\/uploads\/2018\/01\/DSCF0087-300x195.jpg 300w, https:\/\/kroneisl-stahl.com\/wp-content\/uploads\/2018\/01\/DSCF0087-768x499.jpg 768w, https:\/\/kroneisl-stahl.com\/wp-content\/uploads\/2018\/01\/DSCF0087-1024x665.jpg 1024w\" sizes=\"auto, (max-width: 282px) 100vw, 282px\" \/><\/p>\n<p id=\"tw-target-text\" class=\"tw-data-text tw-text-large tw-ta\" dir=\"ltr\" style=\"text-align: center;\" data-placeholder=\"\u00dcbersetzung\"><span lang=\"cs\" tabindex=\"0\">\u017delezni\u010dn\u00ed p\u0159eprava velk\u00e9ho mno\u017estv\u00ed<\/span><\/p>\n<\/td>\n<td>\n<p style=\"text-align: center;\"><img loading=\"lazy\" decoding=\"async\" class=\"wp-image-1326 alignnone\" src=\"https:\/\/kroneisl-stahl.com\/wp-content\/uploads\/2017\/09\/mulde-300x195.jpg\" alt=\"\" width=\"292\" height=\"190\" srcset=\"https:\/\/kroneisl-stahl.com\/wp-content\/uploads\/2017\/09\/mulde-300x195.jpg 300w, https:\/\/kroneisl-stahl.com\/wp-content\/uploads\/2017\/09\/mulde.jpg 350w\" sizes=\"auto, (max-width: 292px) 100vw, 292px\" \/><\/p>\n<div class=\"QmZWSe\">\n<div class=\"DHcWmd\">\n<div id=\"tw-target\">\n<div id=\"kAz1tf\" class=\"g9WsWb\">\n<div id=\"tw-target-text-container\" class=\"tw-ta-container tw-nfl\">\n<p id=\"tw-target-text\" class=\"tw-data-text tw-text-large tw-ta\" dir=\"ltr\" style=\"text-align: center;\" data-placeholder=\"\u00dcbersetzung\"><span lang=\"cs\" tabindex=\"0\">P\u0159eprava v korytu c\u00edvky<\/span><\/p>\n<\/div>\n<\/div>\n<\/div>\n<\/div>\n<\/div>\n<\/td>\n<\/tr>\n<tr>\n<td><img loading=\"lazy\" decoding=\"async\" class=\"wp-image-2070 aligncenter\" src=\"https:\/\/kroneisl-stahl.com\/wp-content\/uploads\/2018\/10\/shutterstock_478357411-300x199.jpg\" alt=\"\" width=\"326\" height=\"216\" srcset=\"https:\/\/kroneisl-stahl.com\/wp-content\/uploads\/2018\/10\/shutterstock_478357411-300x199.jpg 300w, https:\/\/kroneisl-stahl.com\/wp-content\/uploads\/2018\/10\/shutterstock_478357411-768x511.jpg 768w, https:\/\/kroneisl-stahl.com\/wp-content\/uploads\/2018\/10\/shutterstock_478357411-1024x681.jpg 1024w\" sizes=\"auto, (max-width: 326px) 100vw, 326px\" \/><\/p>\n<p id=\"tw-target-text\" class=\"tw-data-text tw-text-large tw-ta\" dir=\"ltr\" style=\"text-align: center;\" data-placeholder=\"\u00dcbersetzung\"><span lang=\"cs\" tabindex=\"0\">C\u00edvka s d\u0159ev\u011bn\u00fdm r\u00e1mem<\/span><\/p>\n<\/td>\n<td>\n<p style=\"text-align: center;\"><img loading=\"lazy\" decoding=\"async\" class=\"wp-image-1460 aligncenter\" src=\"https:\/\/kroneisl-stahl.com\/wp-content\/uploads\/2017\/09\/20171215_092916-287x300.jpg\" alt=\"\" width=\"218\" height=\"228\" srcset=\"https:\/\/kroneisl-stahl.com\/wp-content\/uploads\/2017\/09\/20171215_092916-287x300.jpg 287w, https:\/\/kroneisl-stahl.com\/wp-content\/uploads\/2017\/09\/20171215_092916-768x804.jpg 768w, https:\/\/kroneisl-stahl.com\/wp-content\/uploads\/2017\/09\/20171215_092916-978x1024.jpg 978w\" sizes=\"auto, (max-width: 218px) 100vw, 218px\" \/><\/p>\n<p id=\"tw-target-text\" class=\"tw-data-text tw-text-large tw-ta\" dir=\"ltr\" style=\"text-align: center;\" data-placeholder=\"\u00dcbersetzung\"><span lang=\"cs\" tabindex=\"0\">\u0160t\u00edhl\u00e9 prou\u017eky stoj\u00edc\u00ed na d\u0159ev\u011bn\u00e9m r\u00e1mu<\/span><\/p>\n<\/td>\n<td>\n<p style=\"text-align: center;\"><span style=\"font-family: inherit; background-color: transparent;\"><img loading=\"lazy\" decoding=\"async\" class=\"alignnone wp-image-1961\" src=\"https:\/\/kroneisl-stahl.com\/wp-content\/uploads\/2018\/08\/20130917_092623829_iOS-e1533981910144-225x300.jpg\" alt=\"\" width=\"187\" height=\"249\" srcset=\"https:\/\/kroneisl-stahl.com\/wp-content\/uploads\/2018\/08\/20130917_092623829_iOS-e1533981910144-225x300.jpg 225w, https:\/\/kroneisl-stahl.com\/wp-content\/uploads\/2018\/08\/20130917_092623829_iOS-e1533981910144-768x1024.jpg 768w\" sizes=\"auto, (max-width: 187px) 100vw, 187px\" \/><\/span><\/p>\n<div class=\"QmZWSe\">\n<div class=\"DHcWmd\"><\/div>\n<\/div>\n<div class=\"oSioSc\">\n<div id=\"tw-target\">\n<div id=\"kAz1tf\" class=\"g9WsWb\">\n<div id=\"tw-target-text-container\" class=\"tw-ta-container tw-nfl\">\n<p id=\"tw-target-text\" class=\"tw-data-text tw-text-large tw-ta\" dir=\"ltr\" style=\"text-align: center;\" data-placeholder=\"\u00dcbersetzung\"><span lang=\"cs\" tabindex=\"0\">\u0158ezan\u00e9 prou\u017eky le\u017e\u00edc\u00ed na d\u0159ev\u011bn\u00fdch palet\u00e1ch<\/span><\/p>\n<\/div>\n<\/div>\n<\/div>\n<\/div>\n<p style=\"text-align: center;\"><span style=\"font-family: inherit; background-color: transparent;\">\u00a0<\/span><\/p>\n<\/td>\n<\/tr>\n<tr>\n<td><img loading=\"lazy\" decoding=\"async\" class=\"wp-image-1469 aligncenter\" src=\"https:\/\/kroneisl-stahl.com\/wp-content\/uploads\/2017\/09\/DSCF0005-300x185.jpg\" alt=\"\" width=\"323\" height=\"199\" srcset=\"https:\/\/kroneisl-stahl.com\/wp-content\/uploads\/2017\/09\/DSCF0005-300x185.jpg 300w, https:\/\/kroneisl-stahl.com\/wp-content\/uploads\/2017\/09\/DSCF0005-768x475.jpg 768w, https:\/\/kroneisl-stahl.com\/wp-content\/uploads\/2017\/09\/DSCF0005-1024x633.jpg 1024w, https:\/\/kroneisl-stahl.com\/wp-content\/uploads\/2017\/09\/DSCF0005.jpg 1497w\" sizes=\"auto, (max-width: 323px) 100vw, 323px\" \/><\/p>\n<p style=\"text-align: center;\">Bleche auf genagelten oder ungenagelten Holzpaletten<\/p>\n<\/td>\n<td>\n<p style=\"text-align: center;\"><img loading=\"lazy\" decoding=\"async\" class=\" wp-image-1973 aligncenter\" src=\"https:\/\/kroneisl-stahl.com\/wp-content\/uploads\/2018\/08\/20140617_081953613_iOS-300x225.jpg\" alt=\"\" width=\"271\" height=\"203\" srcset=\"https:\/\/kroneisl-stahl.com\/wp-content\/uploads\/2018\/08\/20140617_081953613_iOS-300x225.jpg 300w, https:\/\/kroneisl-stahl.com\/wp-content\/uploads\/2018\/08\/20140617_081953613_iOS-768x576.jpg 768w, https:\/\/kroneisl-stahl.com\/wp-content\/uploads\/2018\/08\/20140617_081953613_iOS-1024x768.jpg 1024w\" sizes=\"auto, (max-width: 271px) 100vw, 271px\" \/><\/p>\n<div class=\"QmZWSe\">\n<div class=\"DHcWmd\"><\/div>\n<\/div>\n<div class=\"oSioSc\">\n<div id=\"tw-target\">\n<div id=\"kAz1tf\" class=\"g9WsWb\">\n<div id=\"tw-target-text-container\" class=\"tw-ta-container tw-nfl\">\n<p id=\"tw-target-text\" class=\"tw-data-text tw-text-large tw-ta\" dir=\"ltr\" style=\"text-align: center;\" data-placeholder=\"\u00dcbersetzung\"><span lang=\"cs\" tabindex=\"0\">Listy na p\u0159ibit\u00e9 nebo nezazd\u011bn\u00e9 d\u0159ev\u011bn\u00e9 palety<\/span><\/p>\n<\/div>\n<div id=\"z6maec\" class=\"tw-ta-container tw-nfl\">\n<pre id=\"tw-target-rmn\" class=\"tw-data-placeholder tw-text-small tw-ta\" dir=\"ltr\" data-placeholder=\"\"><\/pre>\n<\/div>\n<\/div>\n<\/div>\n<\/div>\n<\/td>\n<td>\n<p style=\"text-align: center;\"><img loading=\"lazy\" decoding=\"async\" class=\" wp-image-1969 aligncenter\" src=\"https:\/\/kroneisl-stahl.com\/wp-content\/uploads\/2018\/08\/20140401_083902555_iOS-300x225.jpg\" alt=\"\" width=\"271\" height=\"203\" srcset=\"https:\/\/kroneisl-stahl.com\/wp-content\/uploads\/2018\/08\/20140401_083902555_iOS-300x225.jpg 300w, https:\/\/kroneisl-stahl.com\/wp-content\/uploads\/2018\/08\/20140401_083902555_iOS-768x576.jpg 768w, https:\/\/kroneisl-stahl.com\/wp-content\/uploads\/2018\/08\/20140401_083902555_iOS-1024x768.jpg 1024w\" sizes=\"auto, (max-width: 271px) 100vw, 271px\" \/><\/p>\n<div class=\"QmZWSe\">\n<div class=\"DHcWmd\"><\/div>\n<\/div>\n<div class=\"oSioSc\">\n<div id=\"tw-target\">\n<div id=\"kAz1tf\" class=\"g9WsWb\">\n<div id=\"tw-target-text-container\" class=\"tw-ta-container tw-nfl\">\n<p id=\"tw-target-text\" class=\"tw-data-text tw-text-large tw-ta\" dir=\"ltr\" style=\"text-align: center;\" data-placeholder=\"\u00dcbersetzung\"><span lang=\"cs\" tabindex=\"0\">Listy na podkladov\u00fdch les\u00edch<\/span><\/p>\n<\/div>\n<\/div>\n<\/div>\n<\/div>\n<\/td>\n<\/tr>\n<\/tbody>\n<\/table>\n<p><\/p>\n","protected":false},"excerpt":{"rendered":"<p>NAB\u00cdZ\u00cdME V\u00c1M POT\u0158EBN\u00c9 MO\u017dNOSTI P\u0158EPRAVY A DRUHY OBAL\u016e Na\u0161e kvalitativn\u00ed standardy jsou zalo\u017eeny na dlouhodob\u00fdch znalostech na\u0161ich pracovn\u00edk\u016f a vyzna\u010duj\u00ed se mimo jin\u00e9 pe\u010dlivost\u00ed vstupn\u00edch kontrol materi\u00e1lu a velkou flexibilitou v doprav\u011b. U dlouhodob\u011bj\u0161\u00edch dohod o odb\u011bru se postar\u00e1me o spr\u00e1vn\u00e9 do\u010dasn\u00e9 skladov\u00e1n\u00ed. Ukl\u00e1d\u00e1n\u00ed dokument\u016f t\u00fdkaj\u00edc\u00edch se kvality (jako jsou certifik\u00e1ty o zkou\u0161k\u00e1ch materi\u00e1lu) je &hellip; <a href=\"https:\/\/kroneisl-stahl.com\/cs\/logistik-verpackung\/\">Continued<\/a><\/p>\n","protected":false},"author":1,"featured_media":1807,"parent":0,"menu_order":0,"comment_status":"closed","ping_status":"closed","template":"sub-page.php","meta":{"_acf_changed":false,"footnotes":""},"class_list":["post-780","page","type-page","status-publish","has-post-thumbnail","hentry"],"acf":[],"yoast_head":"<!-- This site is optimized with the Yoast SEO plugin v22.0 - https:\/\/yoast.com\/wordpress\/plugins\/seo\/ -->\n<title>Logistika - Kroneisl-Stahl<\/title>\n<meta name=\"description\" content=\"Professionelle &amp; zuverl\u00e4ssige Transportlogistik: Direktversand vom Hersteller ohne Zwischenlagerung! Verschiedenste Verpackungen &amp; Auslieferungsm\u00f6glichkeiten auf Ihre Bed\u00fcrfnisse abgestimmt. Wir beraten Sie gerne!\" \/>\n<meta name=\"robots\" content=\"index, follow, max-snippet:-1, max-image-preview:large, max-video-preview:-1\" \/>\n<link rel=\"canonical\" href=\"https:\/\/kroneisl-stahl.com\/cs\/logistik-verpackung\/\" \/>\n<meta property=\"og:locale\" content=\"cs_CZ\" \/>\n<meta property=\"og:type\" content=\"article\" \/>\n<meta property=\"og:title\" content=\"Logistika - Kroneisl-Stahl\" \/>\n<meta property=\"og:description\" content=\"Professionelle &amp; zuverl\u00e4ssige Transportlogistik: Direktversand vom Hersteller ohne Zwischenlagerung! Verschiedenste Verpackungen &amp; Auslieferungsm\u00f6glichkeiten auf Ihre Bed\u00fcrfnisse abgestimmt. Wir beraten Sie gerne!\" \/>\n<meta property=\"og:url\" content=\"https:\/\/kroneisl-stahl.com\/cs\/logistik-verpackung\/\" \/>\n<meta property=\"og:site_name\" content=\"Kroneisl-Stahl\" \/>\n<meta property=\"article:modified_time\" content=\"2019-10-21T07:29:00+00:00\" \/>\n<meta property=\"og:image\" content=\"https:\/\/kroneisl-stahl.com\/wp-content\/uploads\/2018\/06\/delivery-stock-background-1.jpg\" \/>\n\t<meta property=\"og:image:width\" content=\"2000\" \/>\n\t<meta property=\"og:image:height\" content=\"753\" \/>\n\t<meta property=\"og:image:type\" content=\"image\/jpeg\" \/>\n<meta name=\"twitter:card\" content=\"summary_large_image\" \/>\n<meta name=\"twitter:label1\" content=\"Odhadovan\u00e1 doba \u010dten\u00ed\" \/>\n\t<meta name=\"twitter:data1\" content=\"1 minuta\" \/>\n<script type=\"application\/ld+json\" class=\"yoast-schema-graph\">{\"@context\":\"https:\/\/schema.org\",\"@graph\":[{\"@type\":\"WebPage\",\"@id\":\"https:\/\/kroneisl-stahl.com\/cs\/logistik-verpackung\/\",\"url\":\"https:\/\/kroneisl-stahl.com\/cs\/logistik-verpackung\/\",\"name\":\"Logistika - Kroneisl-Stahl\",\"isPartOf\":{\"@id\":\"https:\/\/kroneisl-stahl.com\/#website\"},\"datePublished\":\"2017-09-24T15:57:24+00:00\",\"dateModified\":\"2019-10-21T07:29:00+00:00\",\"description\":\"Professionelle & zuverl\u00e4ssige Transportlogistik: Direktversand vom Hersteller ohne Zwischenlagerung! Verschiedenste Verpackungen & Auslieferungsm\u00f6glichkeiten auf Ihre Bed\u00fcrfnisse abgestimmt. Wir beraten Sie gerne!\",\"breadcrumb\":{\"@id\":\"https:\/\/kroneisl-stahl.com\/cs\/logistik-verpackung\/#breadcrumb\"},\"inLanguage\":\"cs\",\"potentialAction\":[{\"@type\":\"ReadAction\",\"target\":[\"https:\/\/kroneisl-stahl.com\/cs\/logistik-verpackung\/\"]}]},{\"@type\":\"BreadcrumbList\",\"@id\":\"https:\/\/kroneisl-stahl.com\/cs\/logistik-verpackung\/#breadcrumb\",\"itemListElement\":[{\"@type\":\"ListItem\",\"position\":1,\"name\":\"Home\",\"item\":\"https:\/\/kroneisl-stahl.com\/cs\/\"},{\"@type\":\"ListItem\",\"position\":2,\"name\":\"Logistika\"}]},{\"@type\":\"WebSite\",\"@id\":\"https:\/\/kroneisl-stahl.com\/#website\",\"url\":\"https:\/\/kroneisl-stahl.com\/\",\"name\":\"Kroneisl-Stahl\",\"description\":\"\",\"potentialAction\":[{\"@type\":\"SearchAction\",\"target\":{\"@type\":\"EntryPoint\",\"urlTemplate\":\"https:\/\/kroneisl-stahl.com\/?s={search_term_string}\"},\"query-input\":\"required name=search_term_string\"}],\"inLanguage\":\"cs\"}]}<\/script>\n<!-- \/ Yoast SEO plugin. -->","yoast_head_json":{"title":"Logistika - Kroneisl-Stahl","description":"Professionelle & zuverl\u00e4ssige Transportlogistik: Direktversand vom Hersteller ohne Zwischenlagerung! Verschiedenste Verpackungen & Auslieferungsm\u00f6glichkeiten auf Ihre Bed\u00fcrfnisse abgestimmt. Wir beraten Sie gerne!","robots":{"index":"index","follow":"follow","max-snippet":"max-snippet:-1","max-image-preview":"max-image-preview:large","max-video-preview":"max-video-preview:-1"},"canonical":"https:\/\/kroneisl-stahl.com\/cs\/logistik-verpackung\/","og_locale":"cs_CZ","og_type":"article","og_title":"Logistika - Kroneisl-Stahl","og_description":"Professionelle & zuverl\u00e4ssige Transportlogistik: Direktversand vom Hersteller ohne Zwischenlagerung! Verschiedenste Verpackungen & Auslieferungsm\u00f6glichkeiten auf Ihre Bed\u00fcrfnisse abgestimmt. Wir beraten Sie gerne!","og_url":"https:\/\/kroneisl-stahl.com\/cs\/logistik-verpackung\/","og_site_name":"Kroneisl-Stahl","article_modified_time":"2019-10-21T07:29:00+00:00","og_image":[{"width":2000,"height":753,"url":"https:\/\/kroneisl-stahl.com\/wp-content\/uploads\/2018\/06\/delivery-stock-background-1.jpg","type":"image\/jpeg"}],"twitter_card":"summary_large_image","twitter_misc":{"Odhadovan\u00e1 doba \u010dten\u00ed":"1 minuta"},"schema":{"@context":"https:\/\/schema.org","@graph":[{"@type":"WebPage","@id":"https:\/\/kroneisl-stahl.com\/cs\/logistik-verpackung\/","url":"https:\/\/kroneisl-stahl.com\/cs\/logistik-verpackung\/","name":"Logistika - Kroneisl-Stahl","isPartOf":{"@id":"https:\/\/kroneisl-stahl.com\/#website"},"datePublished":"2017-09-24T15:57:24+00:00","dateModified":"2019-10-21T07:29:00+00:00","description":"Professionelle & zuverl\u00e4ssige Transportlogistik: Direktversand vom Hersteller ohne Zwischenlagerung! Verschiedenste Verpackungen & Auslieferungsm\u00f6glichkeiten auf Ihre Bed\u00fcrfnisse abgestimmt. Wir beraten Sie gerne!","breadcrumb":{"@id":"https:\/\/kroneisl-stahl.com\/cs\/logistik-verpackung\/#breadcrumb"},"inLanguage":"cs","potentialAction":[{"@type":"ReadAction","target":["https:\/\/kroneisl-stahl.com\/cs\/logistik-verpackung\/"]}]},{"@type":"BreadcrumbList","@id":"https:\/\/kroneisl-stahl.com\/cs\/logistik-verpackung\/#breadcrumb","itemListElement":[{"@type":"ListItem","position":1,"name":"Home","item":"https:\/\/kroneisl-stahl.com\/cs\/"},{"@type":"ListItem","position":2,"name":"Logistika"}]},{"@type":"WebSite","@id":"https:\/\/kroneisl-stahl.com\/#website","url":"https:\/\/kroneisl-stahl.com\/","name":"Kroneisl-Stahl","description":"","potentialAction":[{"@type":"SearchAction","target":{"@type":"EntryPoint","urlTemplate":"https:\/\/kroneisl-stahl.com\/?s={search_term_string}"},"query-input":"required name=search_term_string"}],"inLanguage":"cs"}]}},"_links":{"self":[{"href":"https:\/\/kroneisl-stahl.com\/cs\/wp-json\/wp\/v2\/pages\/780","targetHints":{"allow":["GET"]}}],"collection":[{"href":"https:\/\/kroneisl-stahl.com\/cs\/wp-json\/wp\/v2\/pages"}],"about":[{"href":"https:\/\/kroneisl-stahl.com\/cs\/wp-json\/wp\/v2\/types\/page"}],"author":[{"embeddable":true,"href":"https:\/\/kroneisl-stahl.com\/cs\/wp-json\/wp\/v2\/users\/1"}],"replies":[{"embeddable":true,"href":"https:\/\/kroneisl-stahl.com\/cs\/wp-json\/wp\/v2\/comments?post=780"}],"version-history":[{"count":11,"href":"https:\/\/kroneisl-stahl.com\/cs\/wp-json\/wp\/v2\/pages\/780\/revisions"}],"predecessor-version":[{"id":2754,"href":"https:\/\/kroneisl-stahl.com\/cs\/wp-json\/wp\/v2\/pages\/780\/revisions\/2754"}],"wp:featuredmedia":[{"embeddable":true,"href":"https:\/\/kroneisl-stahl.com\/cs\/wp-json\/wp\/v2\/media\/1807"}],"wp:attachment":[{"href":"https:\/\/kroneisl-stahl.com\/cs\/wp-json\/wp\/v2\/media?parent=780"}],"curies":[{"name":"wp","href":"https:\/\/api.w.org\/{rel}","templated":true}]}}