{"id":768,"date":"2017-11-16T11:39:51","date_gmt":"2017-11-16T11:39:51","guid":{"rendered":"https:\/\/kroneisl-stahl.com\/lieferprogramm"},"modified":"2019-10-20T16:22:26","modified_gmt":"2019-10-20T16:22:26","slug":"lieferprogramm","status":"publish","type":"page","link":"https:\/\/kroneisl-stahl.com\/cs\/lieferprogramm\/","title":{"rendered":"Kontaktn\u00ed \u00dadaje"},"content":{"rendered":"<h2 style=\"text-align: center;\">\u0160irok\u00fd v\u00fdb\u011br produkt\u016f \u2013 p\u0159\u00edmo od v\u00fdrobce<\/h2>\n<table>\n<tbody>\n<tr>\n<td>\n<table>\n<tbody>\n<tr>\n<td>\n<h3 style=\"text-align: left;\"><strong><span class=\"blue_11\"><span style=\"font-size: medium;\">Proveden\u00ed s povrchovou \u00fapravou:<\/span><\/span><\/strong><\/h3>\n<\/td>\n<\/tr>\n<tr>\n<td>\n<ul>\n<li>Pozinkov\u00e1no metodou Sendzimir<\/li>\n<\/ul>\n<\/td>\n<\/tr>\n<tr>\n<td>\n<ul>\n<li>Elektrolyticky pozinkov\u00e1no<\/li>\n<\/ul>\n<\/td>\n<\/tr>\n<tr>\n<td>\n<ul>\n<li>\u017d\u00e1rov\u00e9 hlin\u00edkov\u00e1n\u00ed<\/li>\n<\/ul>\n<\/td>\n<\/tr>\n<tr>\n<td>\n<ul>\n<li>Aluzinkov\u00fd plech<\/li>\n<\/ul>\n<\/td>\n<\/tr>\n<tr>\n<td>\n<ul>\n<li>Pokoven\u00ed slitinou zinku a hlin\u00edku<\/li>\n<\/ul>\n<\/td>\n<\/tr>\n<tr>\n<td>\n<ul>\n<li>Vrstva barevn\u00e9ho laku<\/li>\n<\/ul>\n<\/td>\n<\/tr>\n<\/tbody>\n<\/table>\n<\/td>\n<td>\n<table style=\"height: 206px;\" width=\"350\">\n<tbody>\n<tr>\n<td>\n<h3 style=\"text-align: left;\"><span style=\"color: #292b2c; font-size: medium;\"><strong>Ploch\u00e9 produkty v\u00e1lcovan\u00e9 za studena:<\/strong><\/span><\/h3>\n<\/td>\n<\/tr>\n<tr>\n<td>\n<ul>\n<li>Tenk\u00e9 a st\u0159edn\u00ed plechy leskl\u00e9<\/li>\n<\/ul>\n<\/td>\n<\/tr>\n<tr>\n<td>\n<ul>\n<li>Jakosti hlubok\u00e9ho ta\u017een\u00ed<\/li>\n<\/ul>\n<\/td>\n<\/tr>\n<tr>\n<td>\n<ul>\n<li>Klasick\u00fd studen\u00fd p\u00e1s<\/li>\n<\/ul>\n<\/td>\n<\/tr>\n<tr>\n<td>\n<ul>\n<li>Smaltovateln\u00e9 plechy<\/li>\n<\/ul>\n<\/td>\n<\/tr>\n<tr>\n<td>\n<ul>\n<li>P\u00e1sy z pru\u017einov\u00e9 oceli<\/li>\n<\/ul>\n<\/td>\n<\/tr>\n<tr>\n<td>\n<ul>\n<li>B\u00edl\u00fd plech<\/li>\n<\/ul>\n<\/td>\n<\/tr>\n<\/tbody>\n<\/table>\n<\/td>\n<td>\n<table style=\"height: 191px;\" width=\"457\">\n<tbody>\n<tr>\n<td>\n<h3 style=\"text-align: left;\"><span style=\"color: #292b2c; font-size: medium;\"><strong>Ploch\u00e9 produkty v\u00e1lcovan\u00e9 za tepla:<\/strong><\/span><\/h3>\n<\/td>\n<\/tr>\n<tr>\n<td>\n<ul>\n<li>Tlust\u00e9 plechy nemo\u0159en\u00e9\/mo\u0159en\u00e9\/olejovan\u00e9<\/li>\n<\/ul>\n<\/td>\n<\/tr>\n<tr>\n<td>\n<ul>\n<li>Mikrolegovan\u00e9 oceli<\/li>\n<\/ul>\n<\/td>\n<\/tr>\n<tr>\n<td>\n<ul>\n<li>Plechy pro zpracov\u00e1n\u00ed laserem (laserov\u00e9 jakosti)<\/li>\n<\/ul>\n<\/td>\n<\/tr>\n<tr>\n<td>\n<ul>\n<li>Vysoce pevn\u00e9 oceli a odoln\u00e9 proti opot\u0159eben\u00ed<\/li>\n<\/ul>\n<\/td>\n<\/tr>\n<tr>\n<td>\n<ul>\n<li>Kotlov\u00e9 plechy pro tlakov\u00e9 n\u00e1doby<\/li>\n<\/ul>\n<\/td>\n<\/tr>\n<tr>\n<td>\n<ul>\n<li>Stavebn\u00ed oceli odoln\u00e9 proti atmosferick\u00fdm vliv\u016fm (Corten ocel)<\/li>\n<\/ul>\n<\/td>\n<\/tr>\n<\/tbody>\n<\/table>\n<\/td>\n<\/tr>\n<\/tbody>\n<\/table>\n<p>Samoz\u0159ejm\u011b od n\u00e1s obdr\u017e\u00edte certifik\u00e1ty z v\u00fdroby a p\u0159ej\u00edmky s chemick\u00fdmi a mechanick\u00fdmi hodnotami, jako\u017e i prohl\u00e1\u0161en\u00ed dodavatel\u016f a potvrzen\u00ed o shod\u011b RoHS\/REACH.<\/p>\n<p>D\u00e1le m\u00e1me dlouholet\u00e9 zku\u0161enosti a p\u0159\u00edm\u00e9 kontakty s v\u00fdrobci n\u00e1sleduj\u00edc\u00edch produkt\u016f:<\/p>\n<p>\u2022 <strong>Ocelov\u00e9 trubky<\/strong> (beze\u0161v\u00e9 a sva\u0159ovan\u00e9)<br \/>\n\u2022 <strong>Nerezov\u00e9 oceli<\/strong> (jako tabule, p\u00e1sov\u00e1 ocel a svitek)<br \/>\n\u2022 <strong>D\u011brovan\u00e9 plechy<\/strong> (jako tabule, p\u00e1sov\u00e1 ocel a svitek)<\/p>\n<h3>V\u00fd\u0148atek od na\u0161ich dodavatel\u016f:<\/h3>\n","protected":false},"excerpt":{"rendered":"<p>\u0160irok\u00fd v\u00fdb\u011br produkt\u016f \u2013 p\u0159\u00edmo od v\u00fdrobce Proveden\u00ed s povrchovou \u00fapravou: Pozinkov\u00e1no metodou Sendzimir Elektrolyticky pozinkov\u00e1no \u017d\u00e1rov\u00e9 hlin\u00edkov\u00e1n\u00ed Aluzinkov\u00fd plech Pokoven\u00ed slitinou zinku a hlin\u00edku Vrstva barevn\u00e9ho laku Ploch\u00e9 produkty v\u00e1lcovan\u00e9 za studena: Tenk\u00e9 a st\u0159edn\u00ed plechy leskl\u00e9 Jakosti hlubok\u00e9ho ta\u017een\u00ed Klasick\u00fd studen\u00fd p\u00e1s Smaltovateln\u00e9 plechy P\u00e1sy z pru\u017einov\u00e9 oceli B\u00edl\u00fd plech Ploch\u00e9 produkty v\u00e1lcovan\u00e9 &hellip; <a href=\"https:\/\/kroneisl-stahl.com\/cs\/lieferprogramm\/\">Continued<\/a><\/p>\n","protected":false},"author":1,"featured_media":1807,"parent":0,"menu_order":0,"comment_status":"closed","ping_status":"closed","template":"sub-page-gallery.php","meta":{"_acf_changed":false,"footnotes":""},"class_list":["post-768","page","type-page","status-publish","has-post-thumbnail","hentry"],"acf":[],"yoast_head":"<!-- This site is optimized with the Yoast SEO plugin v22.0 - https:\/\/yoast.com\/wordpress\/plugins\/seo\/ -->\n<title>Kontaktn\u00ed \u00dadaje - Kroneisl-Stahl<\/title>\n<meta name=\"description\" content=\"Breites Lagersortiment &amp; zertifizierte Lieferanten: Wir garantieren eine hochwertige Produkt- und Lieferqualit\u00e4t durch unsere zuverl\u00e4ssigen &amp; namhaften Partner! JETZT INFORMIEREN!\" \/>\n<meta name=\"robots\" content=\"index, follow, max-snippet:-1, max-image-preview:large, max-video-preview:-1\" \/>\n<link rel=\"canonical\" href=\"https:\/\/kroneisl-stahl.com\/cs\/lieferprogramm\/\" \/>\n<meta property=\"og:locale\" content=\"cs_CZ\" \/>\n<meta property=\"og:type\" content=\"article\" \/>\n<meta property=\"og:title\" content=\"Kontaktn\u00ed \u00dadaje - Kroneisl-Stahl\" \/>\n<meta property=\"og:description\" content=\"Breites Lagersortiment &amp; zertifizierte Lieferanten: Wir garantieren eine hochwertige Produkt- und Lieferqualit\u00e4t durch unsere zuverl\u00e4ssigen &amp; namhaften Partner! JETZT INFORMIEREN!\" \/>\n<meta property=\"og:url\" content=\"https:\/\/kroneisl-stahl.com\/cs\/lieferprogramm\/\" \/>\n<meta property=\"og:site_name\" content=\"Kroneisl-Stahl\" \/>\n<meta property=\"article:modified_time\" content=\"2019-10-20T16:22:26+00:00\" \/>\n<meta property=\"og:image\" content=\"https:\/\/kroneisl-stahl.com\/wp-content\/uploads\/2018\/06\/delivery-stock-background-1.jpg\" \/>\n\t<meta property=\"og:image:width\" content=\"2000\" \/>\n\t<meta property=\"og:image:height\" content=\"753\" \/>\n\t<meta property=\"og:image:type\" content=\"image\/jpeg\" \/>\n<meta name=\"twitter:card\" content=\"summary_large_image\" \/>\n<meta name=\"twitter:label1\" content=\"Odhadovan\u00e1 doba \u010dten\u00ed\" \/>\n\t<meta name=\"twitter:data1\" content=\"1 minuta\" \/>\n<script type=\"application\/ld+json\" class=\"yoast-schema-graph\">{\"@context\":\"https:\/\/schema.org\",\"@graph\":[{\"@type\":\"WebPage\",\"@id\":\"https:\/\/kroneisl-stahl.com\/cs\/lieferprogramm\/\",\"url\":\"https:\/\/kroneisl-stahl.com\/cs\/lieferprogramm\/\",\"name\":\"Kontaktn\u00ed \u00dadaje - Kroneisl-Stahl\",\"isPartOf\":{\"@id\":\"https:\/\/kroneisl-stahl.com\/#website\"},\"datePublished\":\"2017-11-16T11:39:51+00:00\",\"dateModified\":\"2019-10-20T16:22:26+00:00\",\"description\":\"Breites Lagersortiment & zertifizierte Lieferanten: Wir garantieren eine hochwertige Produkt- und Lieferqualit\u00e4t durch unsere zuverl\u00e4ssigen & namhaften Partner! JETZT INFORMIEREN!\",\"breadcrumb\":{\"@id\":\"https:\/\/kroneisl-stahl.com\/cs\/lieferprogramm\/#breadcrumb\"},\"inLanguage\":\"cs\",\"potentialAction\":[{\"@type\":\"ReadAction\",\"target\":[\"https:\/\/kroneisl-stahl.com\/cs\/lieferprogramm\/\"]}]},{\"@type\":\"BreadcrumbList\",\"@id\":\"https:\/\/kroneisl-stahl.com\/cs\/lieferprogramm\/#breadcrumb\",\"itemListElement\":[{\"@type\":\"ListItem\",\"position\":1,\"name\":\"Home\",\"item\":\"https:\/\/kroneisl-stahl.com\/cs\/\"},{\"@type\":\"ListItem\",\"position\":2,\"name\":\"Kontaktn\u00ed \u00dadaje\"}]},{\"@type\":\"WebSite\",\"@id\":\"https:\/\/kroneisl-stahl.com\/#website\",\"url\":\"https:\/\/kroneisl-stahl.com\/\",\"name\":\"Kroneisl-Stahl\",\"description\":\"\",\"potentialAction\":[{\"@type\":\"SearchAction\",\"target\":{\"@type\":\"EntryPoint\",\"urlTemplate\":\"https:\/\/kroneisl-stahl.com\/?s={search_term_string}\"},\"query-input\":\"required name=search_term_string\"}],\"inLanguage\":\"cs\"}]}<\/script>\n<!-- \/ Yoast SEO plugin. -->","yoast_head_json":{"title":"Kontaktn\u00ed \u00dadaje - Kroneisl-Stahl","description":"Breites Lagersortiment & zertifizierte Lieferanten: Wir garantieren eine hochwertige Produkt- und Lieferqualit\u00e4t durch unsere zuverl\u00e4ssigen & namhaften Partner! JETZT INFORMIEREN!","robots":{"index":"index","follow":"follow","max-snippet":"max-snippet:-1","max-image-preview":"max-image-preview:large","max-video-preview":"max-video-preview:-1"},"canonical":"https:\/\/kroneisl-stahl.com\/cs\/lieferprogramm\/","og_locale":"cs_CZ","og_type":"article","og_title":"Kontaktn\u00ed \u00dadaje - Kroneisl-Stahl","og_description":"Breites Lagersortiment & zertifizierte Lieferanten: Wir garantieren eine hochwertige Produkt- und Lieferqualit\u00e4t durch unsere zuverl\u00e4ssigen & namhaften Partner! JETZT INFORMIEREN!","og_url":"https:\/\/kroneisl-stahl.com\/cs\/lieferprogramm\/","og_site_name":"Kroneisl-Stahl","article_modified_time":"2019-10-20T16:22:26+00:00","og_image":[{"width":2000,"height":753,"url":"https:\/\/kroneisl-stahl.com\/wp-content\/uploads\/2018\/06\/delivery-stock-background-1.jpg","type":"image\/jpeg"}],"twitter_card":"summary_large_image","twitter_misc":{"Odhadovan\u00e1 doba \u010dten\u00ed":"1 minuta"},"schema":{"@context":"https:\/\/schema.org","@graph":[{"@type":"WebPage","@id":"https:\/\/kroneisl-stahl.com\/cs\/lieferprogramm\/","url":"https:\/\/kroneisl-stahl.com\/cs\/lieferprogramm\/","name":"Kontaktn\u00ed \u00dadaje - Kroneisl-Stahl","isPartOf":{"@id":"https:\/\/kroneisl-stahl.com\/#website"},"datePublished":"2017-11-16T11:39:51+00:00","dateModified":"2019-10-20T16:22:26+00:00","description":"Breites Lagersortiment & zertifizierte Lieferanten: Wir garantieren eine hochwertige Produkt- und Lieferqualit\u00e4t durch unsere zuverl\u00e4ssigen & namhaften Partner! JETZT INFORMIEREN!","breadcrumb":{"@id":"https:\/\/kroneisl-stahl.com\/cs\/lieferprogramm\/#breadcrumb"},"inLanguage":"cs","potentialAction":[{"@type":"ReadAction","target":["https:\/\/kroneisl-stahl.com\/cs\/lieferprogramm\/"]}]},{"@type":"BreadcrumbList","@id":"https:\/\/kroneisl-stahl.com\/cs\/lieferprogramm\/#breadcrumb","itemListElement":[{"@type":"ListItem","position":1,"name":"Home","item":"https:\/\/kroneisl-stahl.com\/cs\/"},{"@type":"ListItem","position":2,"name":"Kontaktn\u00ed \u00dadaje"}]},{"@type":"WebSite","@id":"https:\/\/kroneisl-stahl.com\/#website","url":"https:\/\/kroneisl-stahl.com\/","name":"Kroneisl-Stahl","description":"","potentialAction":[{"@type":"SearchAction","target":{"@type":"EntryPoint","urlTemplate":"https:\/\/kroneisl-stahl.com\/?s={search_term_string}"},"query-input":"required name=search_term_string"}],"inLanguage":"cs"}]}},"_links":{"self":[{"href":"https:\/\/kroneisl-stahl.com\/cs\/wp-json\/wp\/v2\/pages\/768","targetHints":{"allow":["GET"]}}],"collection":[{"href":"https:\/\/kroneisl-stahl.com\/cs\/wp-json\/wp\/v2\/pages"}],"about":[{"href":"https:\/\/kroneisl-stahl.com\/cs\/wp-json\/wp\/v2\/types\/page"}],"author":[{"embeddable":true,"href":"https:\/\/kroneisl-stahl.com\/cs\/wp-json\/wp\/v2\/users\/1"}],"replies":[{"embeddable":true,"href":"https:\/\/kroneisl-stahl.com\/cs\/wp-json\/wp\/v2\/comments?post=768"}],"version-history":[{"count":8,"href":"https:\/\/kroneisl-stahl.com\/cs\/wp-json\/wp\/v2\/pages\/768\/revisions"}],"predecessor-version":[{"id":2745,"href":"https:\/\/kroneisl-stahl.com\/cs\/wp-json\/wp\/v2\/pages\/768\/revisions\/2745"}],"wp:featuredmedia":[{"embeddable":true,"href":"https:\/\/kroneisl-stahl.com\/cs\/wp-json\/wp\/v2\/media\/1807"}],"wp:attachment":[{"href":"https:\/\/kroneisl-stahl.com\/cs\/wp-json\/wp\/v2\/media?parent=768"}],"curies":[{"name":"wp","href":"https:\/\/api.w.org\/{rel}","templated":true}]}}