{"id":737,"date":"2017-10-01T18:11:55","date_gmt":"2017-10-01T18:11:55","guid":{"rendered":"https:\/\/kroneisl-stahl.com\/kontakt"},"modified":"2018-06-19T07:15:55","modified_gmt":"2018-06-19T07:15:55","slug":"kontakt","status":"publish","type":"page","link":"https:\/\/kroneisl-stahl.com\/cs\/kontakt\/","title":{"rendered":"Kontakt"},"content":{"rendered":"<h2><span id=\"result_box\" class=\"\" lang=\"cs\" tabindex=\"-1\"><span class=\"\">Kontaktujte n\u00e1s na jak\u00e9koliv t\u00e9ma!<\/span><\/span><\/h2>\n<p><span id=\"result_box\" class=\"\" lang=\"cs\" tabindex=\"-1\"><span class=\"\">Bez ohledu na to, co pot\u0159ebujete, n\u00e1\u0161 t\u00fdm specialist\u016f v\u017edy najde to prav\u00e9 \u0159e\u0161en\u00ed.<\/span> <span class=\"\">Nev\u00e1hejte n\u00e1s kontaktovat.<\/span> <span class=\"\">Jsme p\u0159ipraveni na jakoukoli ot\u00e1zku a my se t\u011b\u0161\u00edme na sly\u0161en\u00ed od v\u00e1s.<\/span><\/span><\/p>\n","protected":false},"excerpt":{"rendered":"<p>Kontaktujte n\u00e1s na jak\u00e9koliv t\u00e9ma! Bez ohledu na to, co pot\u0159ebujete, n\u00e1\u0161 t\u00fdm specialist\u016f v\u017edy najde to prav\u00e9 \u0159e\u0161en\u00ed. Nev\u00e1hejte n\u00e1s kontaktovat. Jsme p\u0159ipraveni na jakoukoli ot\u00e1zku a my se t\u011b\u0161\u00edme na sly\u0161en\u00ed od v\u00e1s.<\/p>\n","protected":false},"author":1,"featured_media":1792,"parent":0,"menu_order":0,"comment_status":"closed","ping_status":"closed","template":"contact.php","meta":{"_acf_changed":false,"footnotes":""},"class_list":["post-737","page","type-page","status-publish","has-post-thumbnail","hentry"],"acf":[],"yoast_head":"<!-- This site is optimized with the Yoast SEO plugin v22.0 - https:\/\/yoast.com\/wordpress\/plugins\/seo\/ -->\n<title>Kontakt - Kroneisl-Stahl<\/title>\n<meta name=\"description\" content=\"Kontaktn\u00ed \u00fadaje pro KRONEISL-STAHL SPOL S R.O. v Karlov\u00fdch Varech. Pokud nejste p\u0159ihl\u00e1\u0161eni, nemus\u00edte m\u00edt zvl\u00e1\u0161tn\u00ed \u00fa\u010det k vy\u0159\u00edzen\u00ed va\u0161ich ot\u00e1zek\" \/>\n<meta name=\"robots\" content=\"index, follow, max-snippet:-1, max-image-preview:large, max-video-preview:-1\" \/>\n<link rel=\"canonical\" href=\"https:\/\/kroneisl-stahl.com\/cs\/kontakt\/\" \/>\n<meta property=\"og:locale\" content=\"cs_CZ\" \/>\n<meta property=\"og:type\" content=\"article\" \/>\n<meta property=\"og:title\" content=\"Kontakt - Kroneisl-Stahl\" \/>\n<meta property=\"og:description\" content=\"Kontaktn\u00ed \u00fadaje pro KRONEISL-STAHL SPOL S R.O. v Karlov\u00fdch Varech. Pokud nejste p\u0159ihl\u00e1\u0161eni, nemus\u00edte m\u00edt zvl\u00e1\u0161tn\u00ed \u00fa\u010det k vy\u0159\u00edzen\u00ed va\u0161ich ot\u00e1zek\" \/>\n<meta property=\"og:url\" content=\"https:\/\/kroneisl-stahl.com\/cs\/kontakt\/\" \/>\n<meta property=\"og:site_name\" content=\"Kroneisl-Stahl\" \/>\n<meta property=\"article:modified_time\" content=\"2018-06-19T07:15:55+00:00\" \/>\n<meta property=\"og:image\" content=\"https:\/\/kroneisl-stahl.com\/wp-content\/uploads\/2018\/06\/contact-background.jpg\" \/>\n\t<meta property=\"og:image:width\" content=\"1789\" \/>\n\t<meta property=\"og:image:height\" content=\"674\" \/>\n\t<meta property=\"og:image:type\" content=\"image\/jpeg\" \/>\n<meta name=\"twitter:card\" content=\"summary_large_image\" \/>\n<script type=\"application\/ld+json\" class=\"yoast-schema-graph\">{\"@context\":\"https:\/\/schema.org\",\"@graph\":[{\"@type\":\"WebPage\",\"@id\":\"https:\/\/kroneisl-stahl.com\/cs\/kontakt\/\",\"url\":\"https:\/\/kroneisl-stahl.com\/cs\/kontakt\/\",\"name\":\"Kontakt - Kroneisl-Stahl\",\"isPartOf\":{\"@id\":\"https:\/\/kroneisl-stahl.com\/#website\"},\"datePublished\":\"2017-10-01T18:11:55+00:00\",\"dateModified\":\"2018-06-19T07:15:55+00:00\",\"description\":\"Kontaktn\u00ed \u00fadaje pro KRONEISL-STAHL SPOL S R.O. v Karlov\u00fdch Varech. Pokud nejste p\u0159ihl\u00e1\u0161eni, nemus\u00edte m\u00edt zvl\u00e1\u0161tn\u00ed \u00fa\u010det k vy\u0159\u00edzen\u00ed va\u0161ich ot\u00e1zek\",\"breadcrumb\":{\"@id\":\"https:\/\/kroneisl-stahl.com\/cs\/kontakt\/#breadcrumb\"},\"inLanguage\":\"cs\",\"potentialAction\":[{\"@type\":\"ReadAction\",\"target\":[\"https:\/\/kroneisl-stahl.com\/cs\/kontakt\/\"]}]},{\"@type\":\"BreadcrumbList\",\"@id\":\"https:\/\/kroneisl-stahl.com\/cs\/kontakt\/#breadcrumb\",\"itemListElement\":[{\"@type\":\"ListItem\",\"position\":1,\"name\":\"Home\",\"item\":\"https:\/\/kroneisl-stahl.com\/cs\/\"},{\"@type\":\"ListItem\",\"position\":2,\"name\":\"Kontakt\"}]},{\"@type\":\"WebSite\",\"@id\":\"https:\/\/kroneisl-stahl.com\/#website\",\"url\":\"https:\/\/kroneisl-stahl.com\/\",\"name\":\"Kroneisl-Stahl\",\"description\":\"\",\"potentialAction\":[{\"@type\":\"SearchAction\",\"target\":{\"@type\":\"EntryPoint\",\"urlTemplate\":\"https:\/\/kroneisl-stahl.com\/?s={search_term_string}\"},\"query-input\":\"required name=search_term_string\"}],\"inLanguage\":\"cs\"}]}<\/script>\n<!-- \/ Yoast SEO plugin. -->","yoast_head_json":{"title":"Kontakt - Kroneisl-Stahl","description":"Kontaktn\u00ed \u00fadaje pro KRONEISL-STAHL SPOL S R.O. v Karlov\u00fdch Varech. Pokud nejste p\u0159ihl\u00e1\u0161eni, nemus\u00edte m\u00edt zvl\u00e1\u0161tn\u00ed \u00fa\u010det k vy\u0159\u00edzen\u00ed va\u0161ich ot\u00e1zek","robots":{"index":"index","follow":"follow","max-snippet":"max-snippet:-1","max-image-preview":"max-image-preview:large","max-video-preview":"max-video-preview:-1"},"canonical":"https:\/\/kroneisl-stahl.com\/cs\/kontakt\/","og_locale":"cs_CZ","og_type":"article","og_title":"Kontakt - Kroneisl-Stahl","og_description":"Kontaktn\u00ed \u00fadaje pro KRONEISL-STAHL SPOL S R.O. v Karlov\u00fdch Varech. Pokud nejste p\u0159ihl\u00e1\u0161eni, nemus\u00edte m\u00edt zvl\u00e1\u0161tn\u00ed \u00fa\u010det k vy\u0159\u00edzen\u00ed va\u0161ich ot\u00e1zek","og_url":"https:\/\/kroneisl-stahl.com\/cs\/kontakt\/","og_site_name":"Kroneisl-Stahl","article_modified_time":"2018-06-19T07:15:55+00:00","og_image":[{"width":1789,"height":674,"url":"https:\/\/kroneisl-stahl.com\/wp-content\/uploads\/2018\/06\/contact-background.jpg","type":"image\/jpeg"}],"twitter_card":"summary_large_image","schema":{"@context":"https:\/\/schema.org","@graph":[{"@type":"WebPage","@id":"https:\/\/kroneisl-stahl.com\/cs\/kontakt\/","url":"https:\/\/kroneisl-stahl.com\/cs\/kontakt\/","name":"Kontakt - Kroneisl-Stahl","isPartOf":{"@id":"https:\/\/kroneisl-stahl.com\/#website"},"datePublished":"2017-10-01T18:11:55+00:00","dateModified":"2018-06-19T07:15:55+00:00","description":"Kontaktn\u00ed \u00fadaje pro KRONEISL-STAHL SPOL S R.O. v Karlov\u00fdch Varech. Pokud nejste p\u0159ihl\u00e1\u0161eni, nemus\u00edte m\u00edt zvl\u00e1\u0161tn\u00ed \u00fa\u010det k vy\u0159\u00edzen\u00ed va\u0161ich ot\u00e1zek","breadcrumb":{"@id":"https:\/\/kroneisl-stahl.com\/cs\/kontakt\/#breadcrumb"},"inLanguage":"cs","potentialAction":[{"@type":"ReadAction","target":["https:\/\/kroneisl-stahl.com\/cs\/kontakt\/"]}]},{"@type":"BreadcrumbList","@id":"https:\/\/kroneisl-stahl.com\/cs\/kontakt\/#breadcrumb","itemListElement":[{"@type":"ListItem","position":1,"name":"Home","item":"https:\/\/kroneisl-stahl.com\/cs\/"},{"@type":"ListItem","position":2,"name":"Kontakt"}]},{"@type":"WebSite","@id":"https:\/\/kroneisl-stahl.com\/#website","url":"https:\/\/kroneisl-stahl.com\/","name":"Kroneisl-Stahl","description":"","potentialAction":[{"@type":"SearchAction","target":{"@type":"EntryPoint","urlTemplate":"https:\/\/kroneisl-stahl.com\/?s={search_term_string}"},"query-input":"required name=search_term_string"}],"inLanguage":"cs"}]}},"_links":{"self":[{"href":"https:\/\/kroneisl-stahl.com\/cs\/wp-json\/wp\/v2\/pages\/737","targetHints":{"allow":["GET"]}}],"collection":[{"href":"https:\/\/kroneisl-stahl.com\/cs\/wp-json\/wp\/v2\/pages"}],"about":[{"href":"https:\/\/kroneisl-stahl.com\/cs\/wp-json\/wp\/v2\/types\/page"}],"author":[{"embeddable":true,"href":"https:\/\/kroneisl-stahl.com\/cs\/wp-json\/wp\/v2\/users\/1"}],"replies":[{"embeddable":true,"href":"https:\/\/kroneisl-stahl.com\/cs\/wp-json\/wp\/v2\/comments?post=737"}],"version-history":[{"count":4,"href":"https:\/\/kroneisl-stahl.com\/cs\/wp-json\/wp\/v2\/pages\/737\/revisions"}],"predecessor-version":[{"id":1031,"href":"https:\/\/kroneisl-stahl.com\/cs\/wp-json\/wp\/v2\/pages\/737\/revisions\/1031"}],"wp:featuredmedia":[{"embeddable":true,"href":"https:\/\/kroneisl-stahl.com\/cs\/wp-json\/wp\/v2\/media\/1792"}],"wp:attachment":[{"href":"https:\/\/kroneisl-stahl.com\/cs\/wp-json\/wp\/v2\/media?parent=737"}],"curies":[{"name":"wp","href":"https:\/\/api.w.org\/{rel}","templated":true}]}}