{"id":629,"date":"2017-07-24T20:51:37","date_gmt":"2017-07-24T20:51:37","guid":{"rendered":"https:\/\/kroneisl-stahl.com\/home"},"modified":"2024-10-04T10:00:13","modified_gmt":"2024-10-04T10:00:13","slug":"home","status":"publish","type":"page","link":"https:\/\/kroneisl-stahl.com\/cs\/","title":{"rendered":"Home"},"content":{"rendered":"","protected":false},"excerpt":{"rendered":"","protected":false},"author":1,"featured_media":0,"parent":0,"menu_order":0,"comment_status":"closed","ping_status":"closed","template":"home.php","meta":{"_acf_changed":false,"footnotes":""},"class_list":["post-629","page","type-page","status-publish","hentry"],"acf":[],"yoast_head":"<!-- This site is optimized with the Yoast SEO plugin v22.0 - https:\/\/yoast.com\/wordpress\/plugins\/seo\/ -->\n<title>KRONEISL STAHL - V\u00e1\u0161 odborn\u00edk na plechy od roku 1989<\/title>\n<meta name=\"description\" content=\"Kroneisl Stahl: V\u00e1\u0161 z\u00e1kazn\u00edk orientovan\u00fd partner a p\u0159edn\u00ed dodavatel ocelov\u00fdch plech\u016f. Nejlep\u0161\u00ed kontakty na zn\u00e1m\u00e9 ocel\u00e1rny a produkty nejvy\u0161\u0161\u00ed kvality jsou v\u017edy na sklad\u011b. Dod\u00e1v\u00e1me: \u2714 PLECHY \u2714 \u0158EZY \u2714 VLO\u017dKY \u2714 \u0158E\u0160EN\u00cd JEDNOTLIV\u00ddCH PANEL\u016e\" \/>\n<meta name=\"robots\" content=\"index, follow, max-snippet:-1, max-image-preview:large, max-video-preview:-1\" \/>\n<link rel=\"canonical\" href=\"https:\/\/kroneisl-stahl.com\/cs\/\" \/>\n<meta property=\"og:locale\" content=\"cs_CZ\" \/>\n<meta property=\"og:type\" content=\"article\" \/>\n<meta property=\"og:title\" content=\"KRONEISL STAHL - V\u00e1\u0161 odborn\u00edk na plechy od roku 1989\" \/>\n<meta property=\"og:description\" content=\"Kroneisl Stahl: V\u00e1\u0161 z\u00e1kazn\u00edk orientovan\u00fd partner a p\u0159edn\u00ed dodavatel ocelov\u00fdch plech\u016f. Nejlep\u0161\u00ed kontakty na zn\u00e1m\u00e9 ocel\u00e1rny a produkty nejvy\u0161\u0161\u00ed kvality jsou v\u017edy na sklad\u011b. Dod\u00e1v\u00e1me: \u2714 PLECHY \u2714 \u0158EZY \u2714 VLO\u017dKY \u2714 \u0158E\u0160EN\u00cd JEDNOTLIV\u00ddCH PANEL\u016e\" \/>\n<meta property=\"og:url\" content=\"https:\/\/kroneisl-stahl.com\/cs\/\" \/>\n<meta property=\"og:site_name\" content=\"Kroneisl-Stahl\" \/>\n<meta property=\"article:modified_time\" content=\"2024-10-04T10:00:13+00:00\" \/>\n<meta name=\"twitter:card\" content=\"summary_large_image\" \/>\n<script type=\"application\/ld+json\" class=\"yoast-schema-graph\">{\"@context\":\"https:\/\/schema.org\",\"@graph\":[{\"@type\":\"WebPage\",\"@id\":\"https:\/\/kroneisl-stahl.com\/cs\/\",\"url\":\"https:\/\/kroneisl-stahl.com\/cs\/\",\"name\":\"KRONEISL STAHL - V\u00e1\u0161 odborn\u00edk na plechy od roku 1989\",\"isPartOf\":{\"@id\":\"https:\/\/kroneisl-stahl.com\/#website\"},\"datePublished\":\"2017-07-24T20:51:37+00:00\",\"dateModified\":\"2024-10-04T10:00:13+00:00\",\"description\":\"Kroneisl Stahl: V\u00e1\u0161 z\u00e1kazn\u00edk orientovan\u00fd partner a p\u0159edn\u00ed dodavatel ocelov\u00fdch plech\u016f. Nejlep\u0161\u00ed kontakty na zn\u00e1m\u00e9 ocel\u00e1rny a produkty nejvy\u0161\u0161\u00ed kvality jsou v\u017edy na sklad\u011b. Dod\u00e1v\u00e1me: \u2714 PLECHY \u2714 \u0158EZY \u2714 VLO\u017dKY \u2714 \u0158E\u0160EN\u00cd JEDNOTLIV\u00ddCH PANEL\u016e\",\"breadcrumb\":{\"@id\":\"https:\/\/kroneisl-stahl.com\/cs\/#breadcrumb\"},\"inLanguage\":\"cs\",\"potentialAction\":[{\"@type\":\"ReadAction\",\"target\":[\"https:\/\/kroneisl-stahl.com\/cs\/\"]}]},{\"@type\":\"BreadcrumbList\",\"@id\":\"https:\/\/kroneisl-stahl.com\/cs\/#breadcrumb\",\"itemListElement\":[{\"@type\":\"ListItem\",\"position\":1,\"name\":\"Home\",\"item\":\"https:\/\/kroneisl-stahl.com\/cs\/\"},{\"@type\":\"ListItem\",\"position\":2,\"name\":\"Home\"}]},{\"@type\":\"WebSite\",\"@id\":\"https:\/\/kroneisl-stahl.com\/#website\",\"url\":\"https:\/\/kroneisl-stahl.com\/\",\"name\":\"Kroneisl-Stahl\",\"description\":\"\",\"potentialAction\":[{\"@type\":\"SearchAction\",\"target\":{\"@type\":\"EntryPoint\",\"urlTemplate\":\"https:\/\/kroneisl-stahl.com\/?s={search_term_string}\"},\"query-input\":\"required name=search_term_string\"}],\"inLanguage\":\"cs\"}]}<\/script>\n<!-- \/ Yoast SEO plugin. -->","yoast_head_json":{"title":"KRONEISL STAHL - V\u00e1\u0161 odborn\u00edk na plechy od roku 1989","description":"Kroneisl Stahl: V\u00e1\u0161 z\u00e1kazn\u00edk orientovan\u00fd partner a p\u0159edn\u00ed dodavatel ocelov\u00fdch plech\u016f. Nejlep\u0161\u00ed kontakty na zn\u00e1m\u00e9 ocel\u00e1rny a produkty nejvy\u0161\u0161\u00ed kvality jsou v\u017edy na sklad\u011b. Dod\u00e1v\u00e1me: \u2714 PLECHY \u2714 \u0158EZY \u2714 VLO\u017dKY \u2714 \u0158E\u0160EN\u00cd JEDNOTLIV\u00ddCH PANEL\u016e","robots":{"index":"index","follow":"follow","max-snippet":"max-snippet:-1","max-image-preview":"max-image-preview:large","max-video-preview":"max-video-preview:-1"},"canonical":"https:\/\/kroneisl-stahl.com\/cs\/","og_locale":"cs_CZ","og_type":"article","og_title":"KRONEISL STAHL - V\u00e1\u0161 odborn\u00edk na plechy od roku 1989","og_description":"Kroneisl Stahl: V\u00e1\u0161 z\u00e1kazn\u00edk orientovan\u00fd partner a p\u0159edn\u00ed dodavatel ocelov\u00fdch plech\u016f. Nejlep\u0161\u00ed kontakty na zn\u00e1m\u00e9 ocel\u00e1rny a produkty nejvy\u0161\u0161\u00ed kvality jsou v\u017edy na sklad\u011b. Dod\u00e1v\u00e1me: \u2714 PLECHY \u2714 \u0158EZY \u2714 VLO\u017dKY \u2714 \u0158E\u0160EN\u00cd JEDNOTLIV\u00ddCH PANEL\u016e","og_url":"https:\/\/kroneisl-stahl.com\/cs\/","og_site_name":"Kroneisl-Stahl","article_modified_time":"2024-10-04T10:00:13+00:00","twitter_card":"summary_large_image","schema":{"@context":"https:\/\/schema.org","@graph":[{"@type":"WebPage","@id":"https:\/\/kroneisl-stahl.com\/cs\/","url":"https:\/\/kroneisl-stahl.com\/cs\/","name":"KRONEISL STAHL - V\u00e1\u0161 odborn\u00edk na plechy od roku 1989","isPartOf":{"@id":"https:\/\/kroneisl-stahl.com\/#website"},"datePublished":"2017-07-24T20:51:37+00:00","dateModified":"2024-10-04T10:00:13+00:00","description":"Kroneisl Stahl: V\u00e1\u0161 z\u00e1kazn\u00edk orientovan\u00fd partner a p\u0159edn\u00ed dodavatel ocelov\u00fdch plech\u016f. Nejlep\u0161\u00ed kontakty na zn\u00e1m\u00e9 ocel\u00e1rny a produkty nejvy\u0161\u0161\u00ed kvality jsou v\u017edy na sklad\u011b. Dod\u00e1v\u00e1me: \u2714 PLECHY \u2714 \u0158EZY \u2714 VLO\u017dKY \u2714 \u0158E\u0160EN\u00cd JEDNOTLIV\u00ddCH PANEL\u016e","breadcrumb":{"@id":"https:\/\/kroneisl-stahl.com\/cs\/#breadcrumb"},"inLanguage":"cs","potentialAction":[{"@type":"ReadAction","target":["https:\/\/kroneisl-stahl.com\/cs\/"]}]},{"@type":"BreadcrumbList","@id":"https:\/\/kroneisl-stahl.com\/cs\/#breadcrumb","itemListElement":[{"@type":"ListItem","position":1,"name":"Home","item":"https:\/\/kroneisl-stahl.com\/cs\/"},{"@type":"ListItem","position":2,"name":"Home"}]},{"@type":"WebSite","@id":"https:\/\/kroneisl-stahl.com\/#website","url":"https:\/\/kroneisl-stahl.com\/","name":"Kroneisl-Stahl","description":"","potentialAction":[{"@type":"SearchAction","target":{"@type":"EntryPoint","urlTemplate":"https:\/\/kroneisl-stahl.com\/?s={search_term_string}"},"query-input":"required name=search_term_string"}],"inLanguage":"cs"}]}},"_links":{"self":[{"href":"https:\/\/kroneisl-stahl.com\/cs\/wp-json\/wp\/v2\/pages\/629","targetHints":{"allow":["GET"]}}],"collection":[{"href":"https:\/\/kroneisl-stahl.com\/cs\/wp-json\/wp\/v2\/pages"}],"about":[{"href":"https:\/\/kroneisl-stahl.com\/cs\/wp-json\/wp\/v2\/types\/page"}],"author":[{"embeddable":true,"href":"https:\/\/kroneisl-stahl.com\/cs\/wp-json\/wp\/v2\/users\/1"}],"replies":[{"embeddable":true,"href":"https:\/\/kroneisl-stahl.com\/cs\/wp-json\/wp\/v2\/comments?post=629"}],"version-history":[{"count":16,"href":"https:\/\/kroneisl-stahl.com\/cs\/wp-json\/wp\/v2\/pages\/629\/revisions"}],"predecessor-version":[{"id":3017,"href":"https:\/\/kroneisl-stahl.com\/cs\/wp-json\/wp\/v2\/pages\/629\/revisions\/3017"}],"wp:attachment":[{"href":"https:\/\/kroneisl-stahl.com\/cs\/wp-json\/wp\/v2\/media?parent=629"}],"curies":[{"name":"wp","href":"https:\/\/api.w.org\/{rel}","templated":true}]}}