{"id":592,"date":"2018-01-09T10:45:48","date_gmt":"2018-01-09T10:45:48","guid":{"rendered":"https:\/\/kroneisl-stahl.com\/chronik"},"modified":"2019-10-01T19:21:25","modified_gmt":"2019-10-01T19:21:25","slug":"historie-spolecnosti","status":"publish","type":"page","link":"https:\/\/kroneisl-stahl.com\/cs\/historie-spolecnosti\/","title":{"rendered":"Historie Spole\u010dnosti"},"content":{"rendered":"<p><span id=\"result_box\" class=\"\" lang=\"cs\" tabindex=\"-1\"><span class=\"\">R\u00e1di bychom v\u00e1m poskytli stru\u010dn\u00fd p\u0159ehled o na\u0161\u00ed historii.<\/span><\/span><\/p>\n","protected":false},"excerpt":{"rendered":"<p>R\u00e1di bychom v\u00e1m poskytli stru\u010dn\u00fd p\u0159ehled o na\u0161\u00ed historii.<\/p>\n","protected":false},"author":3,"featured_media":1369,"parent":0,"menu_order":0,"comment_status":"closed","ping_status":"closed","template":"chronik.php","meta":{"_acf_changed":false,"footnotes":""},"class_list":["post-592","page","type-page","status-publish","has-post-thumbnail","hentry"],"acf":[],"yoast_head":"<!-- This site is optimized with the Yoast SEO plugin v22.0 - https:\/\/yoast.com\/wordpress\/plugins\/seo\/ -->\n<title>Historie Spole\u010dnosti - Kroneisl-Stahl<\/title>\n<meta name=\"description\" content=\"Z\u00edskejte stru\u010dn\u00fd p\u0159ehled historie spole\u010dnosti Kroneisl-Stahl Handels GmbH a dozv\u00edte se v\u00edce o miln\u00edk\u016fch spole\u010dnosti.\" \/>\n<meta name=\"robots\" content=\"index, follow, max-snippet:-1, max-image-preview:large, max-video-preview:-1\" \/>\n<link rel=\"canonical\" href=\"https:\/\/kroneisl-stahl.com\/cs\/historie-spolecnosti\/\" \/>\n<meta property=\"og:locale\" content=\"cs_CZ\" \/>\n<meta property=\"og:type\" content=\"article\" \/>\n<meta property=\"og:title\" content=\"Historie Spole\u010dnosti - Kroneisl-Stahl\" \/>\n<meta property=\"og:description\" content=\"Z\u00edskejte stru\u010dn\u00fd p\u0159ehled historie spole\u010dnosti Kroneisl-Stahl Handels GmbH a dozv\u00edte se v\u00edce o miln\u00edk\u016fch spole\u010dnosti.\" \/>\n<meta property=\"og:url\" content=\"https:\/\/kroneisl-stahl.com\/cs\/historie-spolecnosti\/\" \/>\n<meta property=\"og:site_name\" content=\"Kroneisl-Stahl\" \/>\n<meta property=\"article:modified_time\" content=\"2019-10-01T19:21:25+00:00\" \/>\n<meta property=\"og:image\" content=\"https:\/\/kroneisl-stahl.com\/wp-content\/uploads\/2018\/06\/timeline-background.jpg\" \/>\n\t<meta property=\"og:image:width\" content=\"2000\" \/>\n\t<meta property=\"og:image:height\" content=\"753\" \/>\n\t<meta property=\"og:image:type\" content=\"image\/jpeg\" \/>\n<meta name=\"twitter:card\" content=\"summary_large_image\" \/>\n<script type=\"application\/ld+json\" class=\"yoast-schema-graph\">{\"@context\":\"https:\/\/schema.org\",\"@graph\":[{\"@type\":\"WebPage\",\"@id\":\"https:\/\/kroneisl-stahl.com\/cs\/historie-spolecnosti\/\",\"url\":\"https:\/\/kroneisl-stahl.com\/cs\/historie-spolecnosti\/\",\"name\":\"Historie Spole\u010dnosti - Kroneisl-Stahl\",\"isPartOf\":{\"@id\":\"https:\/\/kroneisl-stahl.com\/#website\"},\"datePublished\":\"2018-01-09T10:45:48+00:00\",\"dateModified\":\"2019-10-01T19:21:25+00:00\",\"description\":\"Z\u00edskejte stru\u010dn\u00fd p\u0159ehled historie spole\u010dnosti Kroneisl-Stahl Handels GmbH a dozv\u00edte se v\u00edce o miln\u00edk\u016fch spole\u010dnosti.\",\"breadcrumb\":{\"@id\":\"https:\/\/kroneisl-stahl.com\/cs\/historie-spolecnosti\/#breadcrumb\"},\"inLanguage\":\"cs\",\"potentialAction\":[{\"@type\":\"ReadAction\",\"target\":[\"https:\/\/kroneisl-stahl.com\/cs\/historie-spolecnosti\/\"]}]},{\"@type\":\"BreadcrumbList\",\"@id\":\"https:\/\/kroneisl-stahl.com\/cs\/historie-spolecnosti\/#breadcrumb\",\"itemListElement\":[{\"@type\":\"ListItem\",\"position\":1,\"name\":\"Home\",\"item\":\"https:\/\/kroneisl-stahl.com\/cs\/\"},{\"@type\":\"ListItem\",\"position\":2,\"name\":\"Historie Spole\u010dnosti\"}]},{\"@type\":\"WebSite\",\"@id\":\"https:\/\/kroneisl-stahl.com\/#website\",\"url\":\"https:\/\/kroneisl-stahl.com\/\",\"name\":\"Kroneisl-Stahl\",\"description\":\"\",\"potentialAction\":[{\"@type\":\"SearchAction\",\"target\":{\"@type\":\"EntryPoint\",\"urlTemplate\":\"https:\/\/kroneisl-stahl.com\/?s={search_term_string}\"},\"query-input\":\"required name=search_term_string\"}],\"inLanguage\":\"cs\"}]}<\/script>\n<!-- \/ Yoast SEO plugin. -->","yoast_head_json":{"title":"Historie Spole\u010dnosti - Kroneisl-Stahl","description":"Z\u00edskejte stru\u010dn\u00fd p\u0159ehled historie spole\u010dnosti Kroneisl-Stahl Handels GmbH a dozv\u00edte se v\u00edce o miln\u00edk\u016fch spole\u010dnosti.","robots":{"index":"index","follow":"follow","max-snippet":"max-snippet:-1","max-image-preview":"max-image-preview:large","max-video-preview":"max-video-preview:-1"},"canonical":"https:\/\/kroneisl-stahl.com\/cs\/historie-spolecnosti\/","og_locale":"cs_CZ","og_type":"article","og_title":"Historie Spole\u010dnosti - Kroneisl-Stahl","og_description":"Z\u00edskejte stru\u010dn\u00fd p\u0159ehled historie spole\u010dnosti Kroneisl-Stahl Handels GmbH a dozv\u00edte se v\u00edce o miln\u00edk\u016fch spole\u010dnosti.","og_url":"https:\/\/kroneisl-stahl.com\/cs\/historie-spolecnosti\/","og_site_name":"Kroneisl-Stahl","article_modified_time":"2019-10-01T19:21:25+00:00","og_image":[{"width":2000,"height":753,"url":"https:\/\/kroneisl-stahl.com\/wp-content\/uploads\/2018\/06\/timeline-background.jpg","type":"image\/jpeg"}],"twitter_card":"summary_large_image","schema":{"@context":"https:\/\/schema.org","@graph":[{"@type":"WebPage","@id":"https:\/\/kroneisl-stahl.com\/cs\/historie-spolecnosti\/","url":"https:\/\/kroneisl-stahl.com\/cs\/historie-spolecnosti\/","name":"Historie Spole\u010dnosti - Kroneisl-Stahl","isPartOf":{"@id":"https:\/\/kroneisl-stahl.com\/#website"},"datePublished":"2018-01-09T10:45:48+00:00","dateModified":"2019-10-01T19:21:25+00:00","description":"Z\u00edskejte stru\u010dn\u00fd p\u0159ehled historie spole\u010dnosti Kroneisl-Stahl Handels GmbH a dozv\u00edte se v\u00edce o miln\u00edk\u016fch spole\u010dnosti.","breadcrumb":{"@id":"https:\/\/kroneisl-stahl.com\/cs\/historie-spolecnosti\/#breadcrumb"},"inLanguage":"cs","potentialAction":[{"@type":"ReadAction","target":["https:\/\/kroneisl-stahl.com\/cs\/historie-spolecnosti\/"]}]},{"@type":"BreadcrumbList","@id":"https:\/\/kroneisl-stahl.com\/cs\/historie-spolecnosti\/#breadcrumb","itemListElement":[{"@type":"ListItem","position":1,"name":"Home","item":"https:\/\/kroneisl-stahl.com\/cs\/"},{"@type":"ListItem","position":2,"name":"Historie Spole\u010dnosti"}]},{"@type":"WebSite","@id":"https:\/\/kroneisl-stahl.com\/#website","url":"https:\/\/kroneisl-stahl.com\/","name":"Kroneisl-Stahl","description":"","potentialAction":[{"@type":"SearchAction","target":{"@type":"EntryPoint","urlTemplate":"https:\/\/kroneisl-stahl.com\/?s={search_term_string}"},"query-input":"required name=search_term_string"}],"inLanguage":"cs"}]}},"_links":{"self":[{"href":"https:\/\/kroneisl-stahl.com\/cs\/wp-json\/wp\/v2\/pages\/592","targetHints":{"allow":["GET"]}}],"collection":[{"href":"https:\/\/kroneisl-stahl.com\/cs\/wp-json\/wp\/v2\/pages"}],"about":[{"href":"https:\/\/kroneisl-stahl.com\/cs\/wp-json\/wp\/v2\/types\/page"}],"author":[{"embeddable":true,"href":"https:\/\/kroneisl-stahl.com\/cs\/wp-json\/wp\/v2\/users\/3"}],"replies":[{"embeddable":true,"href":"https:\/\/kroneisl-stahl.com\/cs\/wp-json\/wp\/v2\/comments?post=592"}],"version-history":[{"count":3,"href":"https:\/\/kroneisl-stahl.com\/cs\/wp-json\/wp\/v2\/pages\/592\/revisions"}],"predecessor-version":[{"id":2700,"href":"https:\/\/kroneisl-stahl.com\/cs\/wp-json\/wp\/v2\/pages\/592\/revisions\/2700"}],"wp:featuredmedia":[{"embeddable":true,"href":"https:\/\/kroneisl-stahl.com\/cs\/wp-json\/wp\/v2\/media\/1369"}],"wp:attachment":[{"href":"https:\/\/kroneisl-stahl.com\/cs\/wp-json\/wp\/v2\/media?parent=592"}],"curies":[{"name":"wp","href":"https:\/\/api.w.org\/{rel}","templated":true}]}}