{"id":1901,"date":"2018-07-18T09:35:28","date_gmt":"2018-07-18T09:35:28","guid":{"rendered":"https:\/\/kroneisl-stahl.com\/?page_id=1901"},"modified":"2024-03-23T15:36:57","modified_gmt":"2024-03-23T15:36:57","slug":"impressum","status":"publish","type":"page","link":"https:\/\/kroneisl-stahl.com\/cs\/impressum\/","title":{"rendered":"Otisk"},"content":{"rendered":"<h2>INFORMACE PODLE \u00a7 5 EKG A IMPRINT<\/h2>\n<p>Kroneisl-Stahl Handels GesmbH<br \/>\n4030 Linz, Wiener Str. 322<\/p>\n<p>Tel. +43 (0)732 31 23 63 &#8211; 0<br \/>\nFax +43 (0) 732 31 23 63 &#8211; 33<br \/>\ne-Mail: stahl@kroneisl.at<\/p>\n<p>S\u00eddlo: Linz<br \/>\nObchodn\u00ed rejst\u0159\u00edk: Landesgericht Linz, FN 87444w<br \/>\nUID \u010d\u00edslo: ATU23262804<\/p>\n<h2>PR\u00c1VN\u00cd<\/h2>\n<p>Spole\u010dnost Kroneisl-Stahl Handels GesmbH neust\u00e1le kontroluje a aktualizuje informace na sv\u00fdch webov\u00fdch str\u00e1nk\u00e1ch. P\u0159es ve\u0161kerou p\u00e9\u010di se \u00fadaje mohly mezit\u00edm zm\u011bnit. Z\u00e1ruka nebo z\u00e1ruka v\u010dasnosti, p\u0159esnosti a \u00faplnosti poskytnut\u00fdch informac\u00ed proto nelze p\u0159edpokl\u00e1dat. Tot\u00e9\u017e plat\u00ed pro v\u0161echny ostatn\u00ed webov\u00e9 str\u00e1nky, na kter\u00e9 odkazuje hypertextov\u00fd odkaz. P\u0159ipojen\u00ed k t\u011bmto web\u016fm je na vlastn\u00ed nebezpe\u010d\u00ed. Spole\u010dnost Kroneisl-Stahl Handels GesmbH nezodpov\u00edd\u00e1 za obsah webov\u00fdch str\u00e1nek, kter\u00e9 jsou v\u00fdsledkem takov\u00e9ho spojen\u00ed.<\/p>\n<p>Obsah a struktura webov\u00fdch str\u00e1nek spole\u010dnosti Kroneisl-Stahl jsou chr\u00e1n\u011bny autorsk\u00fdmi pr\u00e1vy. Kop\u00edrov\u00e1n\u00ed informac\u00ed nebo dat, zejm\u00e9na pou\u017e\u00edv\u00e1n\u00ed text\u016f, textov\u00fdch \u010d\u00e1st\u00ed nebo obr\u00e1zk\u016f, vy\u017eaduje p\u0159edchoz\u00ed souhlas firmy Kroneisl-Stahl Handels GesmbH.<\/p>\n","protected":false},"excerpt":{"rendered":"<p>INFORMACE PODLE \u00a7 5 EKG A IMPRINT Kroneisl-Stahl Handels GesmbH 4030 Linz, Wiener Str. 322 Tel. +43 (0)732 31 23 63 &#8211; 0 Fax +43 (0) 732 31 23 63 &#8211; 33 e-Mail: stahl@kroneisl.at S\u00eddlo: Linz Obchodn\u00ed rejst\u0159\u00edk: Landesgericht Linz, FN 87444w UID \u010d\u00edslo: ATU23262804 PR\u00c1VN\u00cd Spole\u010dnost Kroneisl-Stahl Handels GesmbH neust\u00e1le kontroluje a aktualizuje informace &hellip; <a href=\"https:\/\/kroneisl-stahl.com\/cs\/impressum\/\">Continued<\/a><\/p>\n","protected":false},"author":3,"featured_media":1810,"parent":0,"menu_order":0,"comment_status":"closed","ping_status":"closed","template":"blog-single.php","meta":{"_acf_changed":false,"footnotes":""},"class_list":["post-1901","page","type-page","status-publish","has-post-thumbnail","hentry"],"acf":[],"yoast_head":"<!-- This site is optimized with the Yoast SEO plugin v22.0 - https:\/\/yoast.com\/wordpress\/plugins\/seo\/ -->\n<title>Otisk - Kroneisl-Stahl<\/title>\n<meta name=\"robots\" content=\"index, follow, max-snippet:-1, max-image-preview:large, max-video-preview:-1\" \/>\n<link rel=\"canonical\" href=\"https:\/\/kroneisl-stahl.com\/cs\/impressum\/\" \/>\n<meta property=\"og:locale\" content=\"cs_CZ\" \/>\n<meta property=\"og:type\" content=\"article\" \/>\n<meta property=\"og:title\" content=\"Otisk - Kroneisl-Stahl\" \/>\n<meta property=\"og:description\" content=\"INFORMACE PODLE \u00a7 5 EKG A IMPRINT Kroneisl-Stahl Handels GesmbH 4030 Linz, Wiener Str. 322 Tel. +43 (0)732 31 23 63 &#8211; 0 Fax +43 (0) 732 31 23 63 &#8211; 33 e-Mail: stahl@kroneisl.at S\u00eddlo: Linz Obchodn\u00ed rejst\u0159\u00edk: Landesgericht Linz, FN 87444w UID \u010d\u00edslo: ATU23262804 PR\u00c1VN\u00cd Spole\u010dnost Kroneisl-Stahl Handels GesmbH neust\u00e1le kontroluje a aktualizuje informace &hellip; Continued\" \/>\n<meta property=\"og:url\" content=\"https:\/\/kroneisl-stahl.com\/cs\/impressum\/\" \/>\n<meta property=\"og:site_name\" content=\"Kroneisl-Stahl\" \/>\n<meta property=\"article:modified_time\" content=\"2024-03-23T15:36:57+00:00\" \/>\n<meta property=\"og:image\" content=\"https:\/\/kroneisl-stahl.com\/wp-content\/uploads\/2018\/06\/steel-stock-backgournd.jpg\" \/>\n\t<meta property=\"og:image:width\" content=\"2000\" \/>\n\t<meta property=\"og:image:height\" content=\"753\" \/>\n\t<meta property=\"og:image:type\" content=\"image\/jpeg\" \/>\n<meta name=\"twitter:card\" content=\"summary_large_image\" \/>\n<meta name=\"twitter:label1\" content=\"Odhadovan\u00e1 doba \u010dten\u00ed\" \/>\n\t<meta name=\"twitter:data1\" content=\"1 minuta\" \/>\n<script type=\"application\/ld+json\" class=\"yoast-schema-graph\">{\"@context\":\"https:\/\/schema.org\",\"@graph\":[{\"@type\":\"WebPage\",\"@id\":\"https:\/\/kroneisl-stahl.com\/cs\/impressum\/\",\"url\":\"https:\/\/kroneisl-stahl.com\/cs\/impressum\/\",\"name\":\"Otisk - Kroneisl-Stahl\",\"isPartOf\":{\"@id\":\"https:\/\/kroneisl-stahl.com\/#website\"},\"datePublished\":\"2018-07-18T09:35:28+00:00\",\"dateModified\":\"2024-03-23T15:36:57+00:00\",\"breadcrumb\":{\"@id\":\"https:\/\/kroneisl-stahl.com\/cs\/impressum\/#breadcrumb\"},\"inLanguage\":\"cs\",\"potentialAction\":[{\"@type\":\"ReadAction\",\"target\":[\"https:\/\/kroneisl-stahl.com\/cs\/impressum\/\"]}]},{\"@type\":\"BreadcrumbList\",\"@id\":\"https:\/\/kroneisl-stahl.com\/cs\/impressum\/#breadcrumb\",\"itemListElement\":[{\"@type\":\"ListItem\",\"position\":1,\"name\":\"Home\",\"item\":\"https:\/\/kroneisl-stahl.com\/cs\/\"},{\"@type\":\"ListItem\",\"position\":2,\"name\":\"Otisk\"}]},{\"@type\":\"WebSite\",\"@id\":\"https:\/\/kroneisl-stahl.com\/#website\",\"url\":\"https:\/\/kroneisl-stahl.com\/\",\"name\":\"Kroneisl-Stahl\",\"description\":\"\",\"potentialAction\":[{\"@type\":\"SearchAction\",\"target\":{\"@type\":\"EntryPoint\",\"urlTemplate\":\"https:\/\/kroneisl-stahl.com\/?s={search_term_string}\"},\"query-input\":\"required name=search_term_string\"}],\"inLanguage\":\"cs\"}]}<\/script>\n<!-- \/ Yoast SEO plugin. -->","yoast_head_json":{"title":"Otisk - Kroneisl-Stahl","robots":{"index":"index","follow":"follow","max-snippet":"max-snippet:-1","max-image-preview":"max-image-preview:large","max-video-preview":"max-video-preview:-1"},"canonical":"https:\/\/kroneisl-stahl.com\/cs\/impressum\/","og_locale":"cs_CZ","og_type":"article","og_title":"Otisk - Kroneisl-Stahl","og_description":"INFORMACE PODLE \u00a7 5 EKG A IMPRINT Kroneisl-Stahl Handels GesmbH 4030 Linz, Wiener Str. 322 Tel. +43 (0)732 31 23 63 &#8211; 0 Fax +43 (0) 732 31 23 63 &#8211; 33 e-Mail: stahl@kroneisl.at S\u00eddlo: Linz Obchodn\u00ed rejst\u0159\u00edk: Landesgericht Linz, FN 87444w UID \u010d\u00edslo: ATU23262804 PR\u00c1VN\u00cd Spole\u010dnost Kroneisl-Stahl Handels GesmbH neust\u00e1le kontroluje a aktualizuje informace &hellip; Continued","og_url":"https:\/\/kroneisl-stahl.com\/cs\/impressum\/","og_site_name":"Kroneisl-Stahl","article_modified_time":"2024-03-23T15:36:57+00:00","og_image":[{"width":2000,"height":753,"url":"https:\/\/kroneisl-stahl.com\/wp-content\/uploads\/2018\/06\/steel-stock-backgournd.jpg","type":"image\/jpeg"}],"twitter_card":"summary_large_image","twitter_misc":{"Odhadovan\u00e1 doba \u010dten\u00ed":"1 minuta"},"schema":{"@context":"https:\/\/schema.org","@graph":[{"@type":"WebPage","@id":"https:\/\/kroneisl-stahl.com\/cs\/impressum\/","url":"https:\/\/kroneisl-stahl.com\/cs\/impressum\/","name":"Otisk - Kroneisl-Stahl","isPartOf":{"@id":"https:\/\/kroneisl-stahl.com\/#website"},"datePublished":"2018-07-18T09:35:28+00:00","dateModified":"2024-03-23T15:36:57+00:00","breadcrumb":{"@id":"https:\/\/kroneisl-stahl.com\/cs\/impressum\/#breadcrumb"},"inLanguage":"cs","potentialAction":[{"@type":"ReadAction","target":["https:\/\/kroneisl-stahl.com\/cs\/impressum\/"]}]},{"@type":"BreadcrumbList","@id":"https:\/\/kroneisl-stahl.com\/cs\/impressum\/#breadcrumb","itemListElement":[{"@type":"ListItem","position":1,"name":"Home","item":"https:\/\/kroneisl-stahl.com\/cs\/"},{"@type":"ListItem","position":2,"name":"Otisk"}]},{"@type":"WebSite","@id":"https:\/\/kroneisl-stahl.com\/#website","url":"https:\/\/kroneisl-stahl.com\/","name":"Kroneisl-Stahl","description":"","potentialAction":[{"@type":"SearchAction","target":{"@type":"EntryPoint","urlTemplate":"https:\/\/kroneisl-stahl.com\/?s={search_term_string}"},"query-input":"required name=search_term_string"}],"inLanguage":"cs"}]}},"_links":{"self":[{"href":"https:\/\/kroneisl-stahl.com\/cs\/wp-json\/wp\/v2\/pages\/1901","targetHints":{"allow":["GET"]}}],"collection":[{"href":"https:\/\/kroneisl-stahl.com\/cs\/wp-json\/wp\/v2\/pages"}],"about":[{"href":"https:\/\/kroneisl-stahl.com\/cs\/wp-json\/wp\/v2\/types\/page"}],"author":[{"embeddable":true,"href":"https:\/\/kroneisl-stahl.com\/cs\/wp-json\/wp\/v2\/users\/3"}],"replies":[{"embeddable":true,"href":"https:\/\/kroneisl-stahl.com\/cs\/wp-json\/wp\/v2\/comments?post=1901"}],"version-history":[{"count":5,"href":"https:\/\/kroneisl-stahl.com\/cs\/wp-json\/wp\/v2\/pages\/1901\/revisions"}],"predecessor-version":[{"id":3013,"href":"https:\/\/kroneisl-stahl.com\/cs\/wp-json\/wp\/v2\/pages\/1901\/revisions\/3013"}],"wp:featuredmedia":[{"embeddable":true,"href":"https:\/\/kroneisl-stahl.com\/cs\/wp-json\/wp\/v2\/media\/1810"}],"wp:attachment":[{"href":"https:\/\/kroneisl-stahl.com\/cs\/wp-json\/wp\/v2\/media?parent=1901"}],"curies":[{"name":"wp","href":"https:\/\/api.w.org\/{rel}","templated":true}]}}